{"id":1043,"date":"2014-03-21T08:18:15","date_gmt":"2014-03-21T07:18:15","guid":{"rendered":"http:\/\/pclos.janu.hu\/?page_id=1043"},"modified":"2014-04-16T20:08:46","modified_gmt":"2014-04-16T18:08:46","slug":"marcius","status":"publish","type":"page","link":"http:\/\/pclos.janu.hu\/?page_id=1043","title":{"rendered":"m\u00e1rcius"},"content":{"rendered":"<p>Mik\u00f6zben g\u0151zer\u0151vel \u00e9lesztgetj\u00fck a m\u00e9ltatlanul sors\u00e1ra hagyott LinuxEmpire-t, nme feledkezt\u00fcnk el a m\u00e1rciusi cikkekr\u0151l sem. Igaz, most ez a szok\u00e1sosn\u00e1l lassabban k\u00e9sz\u00fclt el, de v\u00e9gre megsz\u00fcletett.<\/p>\n<p><a href=\"http:\/\/pclos.janu.hu\/?p=1044\" target=\"_blank\">KDenLive: 4. r\u00e9sz<\/a>: \u00dajabb \u00f6tletek, effektusok a KDE vide\u00f3szerkeszt\u0151j\u00e9hez.<\/p>\n<p><a href=\"http:\/\/pclos.janu.hu\/?p=1051\" target=\"_blank\">Inkscape lecke: dekorat\u00edv alakzatok<\/a>: Saj\u00e1tos \u00e9s \u00e9rdekes alakzatok megrajzol\u00e1s\u00e1ban seg\u00edt ez a cikk.<\/p>\n<p><a href=\"http:\/\/pclos.janu.hu\/?p=1056 \" target=\"_blank\">A LinuxQuestions.org Tagok V\u00e1laszt\u00e1sa D\u00edj 2013<\/a>: Hogyan szavaztak a Linuxquestions.org olvas\u00f3i?<\/p>\n<p><a href=\"http:\/\/pclos.janu.hu\/?p=1060\" target=\"_blank\">Egyszer\u00fc Linux \u00e9breszt\u00f6\u00f3ra<\/a>: Tux \u00e9breszti a csal\u00e1dot!<\/p>\n<p><a href=\"http:\/\/pclos.janu.hu\/?p=1065\" target=\"_blank\">\u00d6reg laptop \u2013 sz\u00f3 szerint \u2013 \u00faj \u00e9let<\/a>: \u00edg\u00e9retes k\u00eds\u00e9rlet: \u00f6reg laptopb\u00f3l olcs\u00f3 defibrill\u00e1tor.<\/p>\n<p><a href=\"http:\/\/pclos.janu.hu\/?p=1070 \" target=\"_blank\">Korszer\u00fcs\u00edtsd az \u00fczenetk\u00fcld\u00f6 rendszered Pidgin-nel<\/a>: univerz\u00e1lis kapcsolattart\u00f3 program \u2013 sokminden egy helyen.<\/p>\n<p><a href=\"http:\/\/pclos.janu.hu\/?p=1074\" target=\"_blank\">HQ f\u00e9nyk\u00e9p koll\u00e1zs k\u00e9sz\u00edt\u00e9se ImageMagick-kal<\/a>: mi mindenre j\u00f3 az ImageMagick?<\/p>\n","protected":false},"excerpt":{"rendered":"<p>Mik\u00f6zben g\u0151zer\u0151vel \u00e9lesztgetj\u00fck a m\u00e9ltatlanul sors\u00e1ra hagyott LinuxEmpire-t, nme feledkezt\u00fcnk el a m\u00e1rciusi cikkekr\u0151l sem. Igaz, most ez a szok\u00e1sosn\u00e1l lassabban k\u00e9sz\u00fclt el, de v\u00e9gre megsz\u00fcletett. KDenLive: 4. r\u00e9sz: \u00dajabb \u00f6tletek, effektusok a KDE vide\u00f3szerkeszt\u0151j\u00e9hez. Inkscape lecke: dekorat\u00edv alakzatok: Saj\u00e1tos &hellip; <a href=\"http:\/\/pclos.janu.hu\/?page_id=1043\">Egy kattint\u00e1s ide a folytat\u00e1shoz&#8230;. <span class=\"meta-nav\">&rarr;<\/span><\/a><\/p>\n","protected":false},"author":1,"featured_media":0,"parent":889,"menu_order":45,"comment_status":"open","ping_status":"closed","template":"","meta":{"footnotes":""},"class_list":["post-1043","page","type-page","status-publish","hentry"],"_links":{"self":[{"href":"http:\/\/pclos.janu.hu\/index.php?rest_route=\/wp\/v2\/pages\/1043","targetHints":{"allow":["GET"]}}],"collection":[{"href":"http:\/\/pclos.janu.hu\/index.php?rest_route=\/wp\/v2\/pages"}],"about":[{"href":"http:\/\/pclos.janu.hu\/index.php?rest_route=\/wp\/v2\/types\/page"}],"author":[{"embeddable":true,"href":"http:\/\/pclos.janu.hu\/index.php?rest_route=\/wp\/v2\/users\/1"}],"replies":[{"embeddable":true,"href":"http:\/\/pclos.janu.hu\/index.php?rest_route=%2Fwp%2Fv2%2Fcomments&post=1043"}],"version-history":[{"count":5,"href":"http:\/\/pclos.janu.hu\/index.php?rest_route=\/wp\/v2\/pages\/1043\/revisions"}],"predecessor-version":[{"id":1077,"href":"http:\/\/pclos.janu.hu\/index.php?rest_route=\/wp\/v2\/pages\/1043\/revisions\/1077"}],"up":[{"embeddable":true,"href":"http:\/\/pclos.janu.hu\/index.php?rest_route=\/wp\/v2\/pages\/889"}],"wp:attachment":[{"href":"http:\/\/pclos.janu.hu\/index.php?rest_route=%2Fwp%2Fv2%2Fmedia&parent=1043"}],"curies":[{"name":"wp","href":"https:\/\/api.w.org\/{rel}","templated":true}]}}