{"id":108,"date":"2013-10-20T19:01:42","date_gmt":"2013-10-20T17:01:42","guid":{"rendered":"http:\/\/pclos.janu.hu\/?page_id=108"},"modified":"2013-10-21T08:34:20","modified_gmt":"2013-10-21T06:34:20","slug":"szeptember","status":"publish","type":"page","link":"http:\/\/pclos.janu.hu\/?page_id=108","title":{"rendered":"szeptember"},"content":{"rendered":"<h3><a title=\"csomaglista\" href=\"http:\/\/pclos.janu.hu\/?p=118 \" target=\"_blank\">Hogyan k\u00e9sz\u00edts\u00fcnk list\u00e1t telep\u00edtett csomagjainkr\u00f3l<\/a><\/h3>\n<h3><\/h3>\n","protected":false},"excerpt":{"rendered":"<p>Hogyan k\u00e9sz\u00edts\u00fcnk list\u00e1t telep\u00edtett csomagjainkr\u00f3l<\/p>\n","protected":false},"author":1,"featured_media":0,"parent":94,"menu_order":15,"comment_status":"open","ping_status":"closed","template":"","meta":{"footnotes":""},"class_list":["post-108","page","type-page","status-publish","hentry"],"_links":{"self":[{"href":"http:\/\/pclos.janu.hu\/index.php?rest_route=\/wp\/v2\/pages\/108","targetHints":{"allow":["GET"]}}],"collection":[{"href":"http:\/\/pclos.janu.hu\/index.php?rest_route=\/wp\/v2\/pages"}],"about":[{"href":"http:\/\/pclos.janu.hu\/index.php?rest_route=\/wp\/v2\/types\/page"}],"author":[{"embeddable":true,"href":"http:\/\/pclos.janu.hu\/index.php?rest_route=\/wp\/v2\/users\/1"}],"replies":[{"embeddable":true,"href":"http:\/\/pclos.janu.hu\/index.php?rest_route=%2Fwp%2Fv2%2Fcomments&post=108"}],"version-history":[{"count":4,"href":"http:\/\/pclos.janu.hu\/index.php?rest_route=\/wp\/v2\/pages\/108\/revisions"}],"predecessor-version":[{"id":121,"href":"http:\/\/pclos.janu.hu\/index.php?rest_route=\/wp\/v2\/pages\/108\/revisions\/121"}],"up":[{"embeddable":true,"href":"http:\/\/pclos.janu.hu\/index.php?rest_route=\/wp\/v2\/pages\/94"}],"wp:attachment":[{"href":"http:\/\/pclos.janu.hu\/index.php?rest_route=%2Fwp%2Fv2%2Fmedia&parent=108"}],"curies":[{"name":"wp","href":"https:\/\/api.w.org\/{rel}","templated":true}]}}