{"id":1135,"date":"2014-05-24T07:09:52","date_gmt":"2014-05-24T05:09:52","guid":{"rendered":"http:\/\/pclos.janu.hu\/?page_id=1135"},"modified":"2014-05-24T09:52:23","modified_gmt":"2014-05-24T07:52:23","slug":"majus","status":"publish","type":"page","link":"http:\/\/pclos.janu.hu\/?page_id=1135","title":{"rendered":"m\u00e1jus"},"content":{"rendered":"<p>Mi m\u00e1s lehetne a h\u00f3nap vez\u00e9rcikk\u00e9nek t\u00e9m\u00e1ja, mint a Windows XP t\u00e1mogat\u00e1s\u00e1nak megsz\u0171n\u00e9se. <span style=\"color: #008000;\"><strong>parnote<\/strong><\/span> ezzel kapcsolatban egy k\u00e9pet is k\u00f6z\u00f6lt, mintegy a Windows-pillang\u00f3t l\u00e9gycsap\u00f3val \u00fcld\u00f6z\u0151 Tux \u201efolytat\u00e1sak\u00e9nt\u201d: a sz\u00e9tt\u00f6rt Windows logo el\u0151tt Tux egy cs\u00fazlival a kez\u00e9ben \ud83d\ude42 A k\u00e9p felirata: \u201eEgy kerit\u00e9sek \u00e9s falak n\u00e9lk\u00fcli vil\u00e1gban kinek kell Gates \u00e9s a Windows?\u201d<\/p>\n<p><a href=\"http:\/\/pclos.janu.hu\/?p=1138\" target=\"_blank\">Programoz\u00e1s Gtkdialog-gal: m\u00e1sodik r\u00e9sz<\/a> A cikk a szok\u00e1sos grafikus elemek (dobozok, widget-ek) l\u00e9trehoz\u00e1s\u00e1t mutatja be.<\/p>\n<p><a href=\"http:\/\/pclos.janu.hu\/?p=1147\" target=\"_blank\">Hasznos eszk\u00f6z\u00f6k az \u00e9leted megszervez\u00e9s\u00e9hez: m\u00e1sodik r\u00e9sz<\/a> Napt\u00e1rak esem\u00e9ny-eml\u00e9keztet\u0151k.<\/p>\n<p><a href=\"http:\/\/pclos.janu.hu\/?p=1152\" target=\"_blank\">Gyors tipp: Dolphin el\u00f6n\u00e9zetek<\/a> Hogyan lehet j\u00f3l (friss\u00edt\u00e9s biztosan \ud83d\ude42 ) be\u00e1ll\u00edtani a dolphin el\u0151n\u00e9zet\u00e9t?<\/p>\n<p><a href=\"http:\/\/pclos.janu.hu\/?p=1155\" target=\"_blank\">\u00dcdv\u00f6zl\u00f6k\u00e1rtya k\u00e9sz\u00edt\u00e9se Linux-szal<\/a> Egyszer\u0171 megold\u00e1s LibreOffice Draw-val.<\/p>\n<p><a href=\"http:\/\/pclos.janu.hu\/?p=1159\" target=\"_blank\">Titkos\u00edtsd f\u00e1jljaidat zuluCrypt-tel<\/a> Hogyan k\u00e9sz\u00edts\u00fcnk titkos\u00edtott f\u00e1jlokat?<\/p>\n<p><a href=\"http:\/\/pclos.janu.hu\/?p=1166\" target=\"_blank\">Jelent\u00f6s friss\u00edt\u00e9sek a PCLinuxOS-ben!<\/a> Az elm\u00falt id\u0151szak legjelent\u0151sebb friss\u00edt\u00e9seir\u0151l&#8230;<\/p>\n<p><a href=\"http:\/\/pclos.janu.hu\/?p=1171\" target=\"_blank\">F\u00e1jlok biztons\u00e1gi ment\u00e9se<\/a> Ism\u00e9t egy cikk az adat\u00e1llom\u00e1nyok ment\u00e9s\u00e9nek egyes m\u00f3dj\u00e1r\u00f3l.<\/p>\n<p><a href=\"http:\/\/pclos.janu.hu\/?p=1176\" target=\"_blank\">Inkscape oktat\u00f3: kasm\u00edr minta k\u00e9sz\u00edt\u00e9se, 2. r\u00e9sz<\/a> A m\u00falt havi t\u00e9ma folytat\u00e1sa.<\/p>\n","protected":false},"excerpt":{"rendered":"<p>Mi m\u00e1s lehetne a h\u00f3nap vez\u00e9rcikk\u00e9nek t\u00e9m\u00e1ja, mint a Windows XP t\u00e1mogat\u00e1s\u00e1nak megsz\u0171n\u00e9se. parnote ezzel kapcsolatban egy k\u00e9pet is k\u00f6z\u00f6lt, mintegy a Windows-pillang\u00f3t l\u00e9gycsap\u00f3val \u00fcld\u00f6z\u0151 Tux \u201efolytat\u00e1sak\u00e9nt\u201d: a sz\u00e9tt\u00f6rt Windows logo el\u0151tt Tux egy cs\u00fazlival a kez\u00e9ben \ud83d\ude42 A k\u00e9p &hellip; <a href=\"http:\/\/pclos.janu.hu\/?page_id=1135\">Egy kattint\u00e1s ide a folytat\u00e1shoz&#8230;. <span class=\"meta-nav\">&rarr;<\/span><\/a><\/p>\n","protected":false},"author":1,"featured_media":0,"parent":889,"menu_order":35,"comment_status":"open","ping_status":"closed","template":"","meta":{"footnotes":""},"class_list":["post-1135","page","type-page","status-publish","hentry"],"_links":{"self":[{"href":"http:\/\/pclos.janu.hu\/index.php?rest_route=\/wp\/v2\/pages\/1135","targetHints":{"allow":["GET"]}}],"collection":[{"href":"http:\/\/pclos.janu.hu\/index.php?rest_route=\/wp\/v2\/pages"}],"about":[{"href":"http:\/\/pclos.janu.hu\/index.php?rest_route=\/wp\/v2\/types\/page"}],"author":[{"embeddable":true,"href":"http:\/\/pclos.janu.hu\/index.php?rest_route=\/wp\/v2\/users\/1"}],"replies":[{"embeddable":true,"href":"http:\/\/pclos.janu.hu\/index.php?rest_route=%2Fwp%2Fv2%2Fcomments&post=1135"}],"version-history":[{"count":5,"href":"http:\/\/pclos.janu.hu\/index.php?rest_route=\/wp\/v2\/pages\/1135\/revisions"}],"predecessor-version":[{"id":1180,"href":"http:\/\/pclos.janu.hu\/index.php?rest_route=\/wp\/v2\/pages\/1135\/revisions\/1180"}],"up":[{"embeddable":true,"href":"http:\/\/pclos.janu.hu\/index.php?rest_route=\/wp\/v2\/pages\/889"}],"wp:attachment":[{"href":"http:\/\/pclos.janu.hu\/index.php?rest_route=%2Fwp%2Fv2%2Fmedia&parent=1135"}],"curies":[{"name":"wp","href":"https:\/\/api.w.org\/{rel}","templated":true}]}}