{"id":12,"date":"2013-10-19T07:06:25","date_gmt":"2013-10-19T07:06:25","guid":{"rendered":"http:\/\/pclos.janu.hu\/?page_id=12"},"modified":"2013-10-19T18:43:09","modified_gmt":"2013-10-19T16:43:09","slug":"pclinuxos-magazine-forditasok","status":"publish","type":"page","link":"http:\/\/pclos.janu.hu\/?page_id=12","title":{"rendered":"PCLinuxOS Magazine ford\u00edt\u00e1sok"},"content":{"rendered":"<p>Ebben a men\u00fcben tal\u00e1lhat\u00f3ak a ford\u00edt\u00e1sok havonk\u00e9nti \u00f6ssze\u00e1ll\u00edt\u00e1sban.<\/p>\n","protected":false},"excerpt":{"rendered":"<p>Ebben a men\u00fcben tal\u00e1lhat\u00f3ak a ford\u00edt\u00e1sok havonk\u00e9nti \u00f6ssze\u00e1ll\u00edt\u00e1sban.<\/p>\n","protected":false},"author":1,"featured_media":0,"parent":0,"menu_order":0,"comment_status":"open","ping_status":"closed","template":"","meta":{"footnotes":""},"class_list":["post-12","page","type-page","status-publish","hentry"],"_links":{"self":[{"href":"http:\/\/pclos.janu.hu\/index.php?rest_route=\/wp\/v2\/pages\/12","targetHints":{"allow":["GET"]}}],"collection":[{"href":"http:\/\/pclos.janu.hu\/index.php?rest_route=\/wp\/v2\/pages"}],"about":[{"href":"http:\/\/pclos.janu.hu\/index.php?rest_route=\/wp\/v2\/types\/page"}],"author":[{"embeddable":true,"href":"http:\/\/pclos.janu.hu\/index.php?rest_route=\/wp\/v2\/users\/1"}],"replies":[{"embeddable":true,"href":"http:\/\/pclos.janu.hu\/index.php?rest_route=%2Fwp%2Fv2%2Fcomments&post=12"}],"version-history":[{"count":4,"href":"http:\/\/pclos.janu.hu\/index.php?rest_route=\/wp\/v2\/pages\/12\/revisions"}],"predecessor-version":[{"id":44,"href":"http:\/\/pclos.janu.hu\/index.php?rest_route=\/wp\/v2\/pages\/12\/revisions\/44"}],"wp:attachment":[{"href":"http:\/\/pclos.janu.hu\/index.php?rest_route=%2Fwp%2Fv2%2Fmedia&parent=12"}],"curies":[{"name":"wp","href":"https:\/\/api.w.org\/{rel}","templated":true}]}}