{"id":1203,"date":"2014-07-01T08:17:28","date_gmt":"2014-07-01T06:17:28","guid":{"rendered":"http:\/\/pclos.janu.hu\/?page_id=1203"},"modified":"2014-07-25T10:45:14","modified_gmt":"2014-07-25T08:45:14","slug":"junius","status":"publish","type":"page","link":"http:\/\/pclos.janu.hu\/?page_id=1203","title":{"rendered":"j\u00fanius"},"content":{"rendered":"<p>Mi lehetne m\u00e1s a h\u00f3nap t\u00e9m\u00e1ja, mint a Firefox. T\u00f6bb cikk is ezzel foglalkozik, hiszen a Firefox csapata olyan \u00faj\u00edt\u00e1sokat vezetett be a vil\u00e1g vezet\u0151 b\u00f6ng\u00e9sz\u0151j\u00e9be, ami meglehet\u0151sen vegyes \u00e9rzelmeket v\u00e1ltott ki.<\/p>\n<p><a href=\"http:\/\/pclos.janu.hu\/?p=1204%20\" target=\"_blank\">Firefox 29: Szeretheted, vagy ut\u00e1lhatod<\/a> Az \u00faj\u00edt\u00e1sokat a vil\u00e1g mindig berzenkedve fogadja. Ebben a cikkben az \u00faj\u00edt\u00e1sok \u00f6sszefoglal\u00e1sa mellett a r\u00e9gi tulajdons\u00e1gok vissza\u00e1ll\u00edt\u00e1s\u00e1nak m\u00f3dszer\u00e9t is olvashatjuk.<\/p>\n<p><a href=\"http:\/\/pclos.janu.hu\/?p=1208\" target=\"_blank\">Firefox \u00e9s a DRM: van okunk agg\u00f3dni?<\/a> A <em>Firefox<\/em> is beadta a derek\u00e1t \u00e9s bevezeti a digit\u00e1lis jogk\u00f6vet\u00e9st (vagyis <strong>Richard M. Stallman<\/strong> megfogalmaz\u00e1sa szerint a jogkorl\u00e1toz\u00e1st).<\/p>\n<p><a href=\"http:\/\/pclos.janu.hu\/?p=1213\" target=\"_blank\">El\u00e9gedetlen a Firefox 29-cel?<\/a> A cikk 21 m\u00e1sik b\u00f6ng\u00e9sz\u0151t mutat be r\u00f6viden. Ezek mind el\u00e9rhet\u0151ek a <span style=\"color: #008080;\"><strong>PCLinuxOS<\/strong><\/span> t\u00e1rol\u00f3ib\u00f3l.<\/p>\n<p><a href=\"http:\/\/pclos.janu.hu\/?p=1217\" target=\"_blank\">Hasznos eszk\u00f6z\u00f6k az \u00e9leted szervez\u00e9s\u00e9hez 3.<\/a> Most a c\u00edmjegyz\u00e9kek, hat\u00e1rid\u0151napl\u00f3k bemutat\u00e1sa van soron.<\/p>\n<p><a href=\"http:\/\/pclos.janu.hu\/?p=1222\" target=\"_blank\">GIMP oktat\u00f3: t\u0171z <\/a>A GIMP-et bemutat\u00f3 sorozat ebben a r\u00e9sz\u00e9ben a t\u0171z effektus k\u00e9sz\u00edt\u00e9s\u00e9t lehet megismerni.<\/p>\n<p><a href=\"http:\/\/pclos.janu.hu\/?p=1228\" target=\"_blank\">Programoz\u00e1s Gtkdialog-gal, harmadik r\u00e9sz<\/a> Ablakok, men\u00fck, meg egy kis sz\u00f6vegszerkeszt\u0151.<\/p>\n<p><a href=\"http:\/\/pclos.janu.hu\/?p=1231\" target=\"_blank\">Plex telep\u00edt\u00e9se PCLinuxOS rendszerre <\/a>A cikk egy k\u00f6zponti m\u00e9dialej\u00e1tsz\u00f3 rendszert mutat be r\u00f6viden.<\/p>\n","protected":false},"excerpt":{"rendered":"<p>Mi lehetne m\u00e1s a h\u00f3nap t\u00e9m\u00e1ja, mint a Firefox. T\u00f6bb cikk is ezzel foglalkozik, hiszen a Firefox csapata olyan \u00faj\u00edt\u00e1sokat vezetett be a vil\u00e1g vezet\u0151 b\u00f6ng\u00e9sz\u0151j\u00e9be, ami meglehet\u0151sen vegyes \u00e9rzelmeket v\u00e1ltott ki. Firefox 29: Szeretheted, vagy ut\u00e1lhatod Az \u00faj\u00edt\u00e1sokat a &hellip; <a href=\"http:\/\/pclos.janu.hu\/?page_id=1203\">Egy kattint\u00e1s ide a folytat\u00e1shoz&#8230;. <span class=\"meta-nav\">&rarr;<\/span><\/a><\/p>\n","protected":false},"author":1,"featured_media":0,"parent":889,"menu_order":30,"comment_status":"open","ping_status":"closed","template":"","meta":{"footnotes":""},"class_list":["post-1203","page","type-page","status-publish","hentry"],"_links":{"self":[{"href":"http:\/\/pclos.janu.hu\/index.php?rest_route=\/wp\/v2\/pages\/1203","targetHints":{"allow":["GET"]}}],"collection":[{"href":"http:\/\/pclos.janu.hu\/index.php?rest_route=\/wp\/v2\/pages"}],"about":[{"href":"http:\/\/pclos.janu.hu\/index.php?rest_route=\/wp\/v2\/types\/page"}],"author":[{"embeddable":true,"href":"http:\/\/pclos.janu.hu\/index.php?rest_route=\/wp\/v2\/users\/1"}],"replies":[{"embeddable":true,"href":"http:\/\/pclos.janu.hu\/index.php?rest_route=%2Fwp%2Fv2%2Fcomments&post=1203"}],"version-history":[{"count":5,"href":"http:\/\/pclos.janu.hu\/index.php?rest_route=\/wp\/v2\/pages\/1203\/revisions"}],"predecessor-version":[{"id":1234,"href":"http:\/\/pclos.janu.hu\/index.php?rest_route=\/wp\/v2\/pages\/1203\/revisions\/1234"}],"up":[{"embeddable":true,"href":"http:\/\/pclos.janu.hu\/index.php?rest_route=\/wp\/v2\/pages\/889"}],"wp:attachment":[{"href":"http:\/\/pclos.janu.hu\/index.php?rest_route=%2Fwp%2Fv2%2Fmedia&parent=1203"}],"curies":[{"name":"wp","href":"https:\/\/api.w.org\/{rel}","templated":true}]}}