{"id":122,"date":"2013-10-21T08:38:38","date_gmt":"2013-10-21T06:38:38","guid":{"rendered":"http:\/\/pclos.janu.hu\/?page_id=122"},"modified":"2017-01-04T07:35:44","modified_gmt":"2017-01-04T06:35:44","slug":"2008-2","status":"publish","type":"page","link":"http:\/\/pclos.janu.hu\/?page_id=122","title":{"rendered":"2008"},"content":{"rendered":"<p>Ebb\u0151l az \u00e9vben is rengeteg j\u00f3 cikk sz\u00fcletett. Ezekb\u0151l v\u00e1logattuk ki az \u00e1ltalunk leg\u00e9rdekesebbnek tartottakat.<\/p>\n","protected":false},"excerpt":{"rendered":"<p>Ebb\u0151l az \u00e9vben is rengeteg j\u00f3 cikk sz\u00fcletett. Ezekb\u0151l v\u00e1logattuk ki az \u00e1ltalunk leg\u00e9rdekesebbnek tartottakat.<\/p>\n","protected":false},"author":1,"featured_media":0,"parent":2206,"menu_order":60,"comment_status":"open","ping_status":"closed","template":"","meta":{"footnotes":""},"class_list":["post-122","page","type-page","status-publish","hentry"],"_links":{"self":[{"href":"http:\/\/pclos.janu.hu\/index.php?rest_route=\/wp\/v2\/pages\/122","targetHints":{"allow":["GET"]}}],"collection":[{"href":"http:\/\/pclos.janu.hu\/index.php?rest_route=\/wp\/v2\/pages"}],"about":[{"href":"http:\/\/pclos.janu.hu\/index.php?rest_route=\/wp\/v2\/types\/page"}],"author":[{"embeddable":true,"href":"http:\/\/pclos.janu.hu\/index.php?rest_route=\/wp\/v2\/users\/1"}],"replies":[{"embeddable":true,"href":"http:\/\/pclos.janu.hu\/index.php?rest_route=%2Fwp%2Fv2%2Fcomments&post=122"}],"version-history":[{"count":1,"href":"http:\/\/pclos.janu.hu\/index.php?rest_route=\/wp\/v2\/pages\/122\/revisions"}],"predecessor-version":[{"id":124,"href":"http:\/\/pclos.janu.hu\/index.php?rest_route=\/wp\/v2\/pages\/122\/revisions\/124"}],"up":[{"embeddable":true,"href":"http:\/\/pclos.janu.hu\/index.php?rest_route=\/wp\/v2\/pages\/2206"}],"wp:attachment":[{"href":"http:\/\/pclos.janu.hu\/index.php?rest_route=%2Fwp%2Fv2%2Fmedia&parent=122"}],"curies":[{"name":"wp","href":"https:\/\/api.w.org\/{rel}","templated":true}]}}