{"id":1245,"date":"2014-07-25T10:43:59","date_gmt":"2014-07-25T08:43:59","guid":{"rendered":"http:\/\/pclos.janu.hu\/?page_id=1245"},"modified":"2014-07-29T08:53:26","modified_gmt":"2014-07-29T06:53:26","slug":"julius","status":"publish","type":"page","link":"http:\/\/pclos.janu.hu\/?page_id=1245","title":{"rendered":"j\u00falius"},"content":{"rendered":"<p>A 90. sz\u00e1m \u00e9s <strong><span style=\"color: #008000;\">parnote<\/span><\/strong> f\u0151szerkeszt\u0151s\u00e9ge alatt a 60. Ez eddig sz\u00e1m\u00e1ra 5 \u00e9v volt, a Magazine viszont 7 \u00e9s f\u00e9l \u00e9ve jelenik meg havonta (hab\u00e1r az els\u0151 sz\u00e1m 2006. szeptember\u00e9ben jelent meg). 8 k\u00fcl\u00f6nsz\u00e1mot is \u00f6ssze\u00e1ll\u00edtottak&#8230;<\/p>\n<p>A j\u00faliusi sz\u00e1mban folytat\u00f3dnak a orozatok, n\u00e9h\u00e1ny \u00e9rdekesebb \u00f6n\u00e1ll\u00f3 cikk is tal\u00e1lhat\u00f3:<\/p>\n<p><a href=\"http:\/\/pclos.janu.hu\/?p=1248\" target=\"_blank\">KDenLive, hatodik r\u00e9sz<\/a> A sorozatnak ez a r\u00e9sze a rotoszk\u00f3piai lehet\u0151s\u00e9geket mutatja be.<\/p>\n<p><a href=\"http:\/\/pclos.janu.hu\/?p=1253\" target=\"_blank\">Androidos eszk\u00f6z akkumul\u00e1tor-\u00e9lettartam\u00e1nak n\u00f6vel\u00e9se<\/a> K\u00e9t t\u00f6lt\u00e9s k\u00f6z\u00f6tti id\u0151 n\u00f6vel\u00e9se okostelefonon, tablet-en.<\/p>\n<p><a href=\"http:\/\/pclos.janu.hu\/?p=1257\" target=\"_blank\">Inkscape oktat\u00e1s: a ker\u00e9k \u00fajra feltal\u00e1l\u00e1sa<\/a> Nem alkotunk vil\u00e1grasz\u00f3l\u00f3 nagy dolgot! Csak egy kereket&#8230;<\/p>\n<p><a href=\"http:\/\/pclos.janu.hu\/?p=1261\" target=\"_blank\">\u00c1sk\u00e1lva egy kicst a DIG-gel<\/a> Ha egy ismeretlen IP c\u00edmmel vagy egy gyan\u00fas gazdan\u00e9vvel (honlap c\u00edmmel) tal\u00e1lkozunk, ezzel a hasznos kis eszk\u00f6zzel t\u00f6bbet megtudhatunk.<\/p>\n<p><a href=\"http:\/\/pclos.janu.hu\/?p=1265%20\" target=\"_blank\">Pipelight-ot ne!<\/a> A szabad szoftveres k\u00f6z\u00f6ss\u00e9g a vil\u00e1gh\u00e1l\u00f3 elfert\u0151z\u00e9se ellen.<\/p>\n<p><a href=\"http:\/\/pclos.janu.hu\/?p=1271\" target=\"_blank\">Inkscape oktat\u00e1s: k\u00e9sz\u00edts gyerty\u00e1t<\/a> Ahogy egy nagyon sz\u00e9p gyerty\u00e1t lehet rajzolni&#8230;<\/p>\n<p><a href=\"http:\/\/pclos.janu.hu\/?p=1276\" target=\"_blank\">Programoz\u00e1s Gtkdialog-gal, negyedik r\u00e9sz<\/a> A megjegyz\u00e9sek elhelyez\u00e9se \u00e9s az Imagemagick haszn\u00e1lata shell-ben.<\/p>\n<p><a href=\"http:\/\/pclos.janu.hu\/?p=1279\" target=\"_blank\">Hasznos eszk\u00f6z\u00f6k az \u00e9leted megszervez\u00e9s\u00e9hez: negyedik r\u00e9sz<\/a> Az eddigieket \u00f6sszetetten tartalmaz\u00f3 programok bemutat\u00e1sa.<\/p>\n","protected":false},"excerpt":{"rendered":"<p>A 90. sz\u00e1m \u00e9s parnote f\u0151szerkeszt\u0151s\u00e9ge alatt a 60. Ez eddig sz\u00e1m\u00e1ra 5 \u00e9v volt, a Magazine viszont 7 \u00e9s f\u00e9l \u00e9ve jelenik meg havonta (hab\u00e1r az els\u0151 sz\u00e1m 2006. szeptember\u00e9ben jelent meg). 8 k\u00fcl\u00f6nsz\u00e1mot is \u00f6ssze\u00e1ll\u00edtottak&#8230; A j\u00faliusi sz\u00e1mban &hellip; <a href=\"http:\/\/pclos.janu.hu\/?page_id=1245\">Egy kattint\u00e1s ide a folytat\u00e1shoz&#8230;. <span class=\"meta-nav\">&rarr;<\/span><\/a><\/p>\n","protected":false},"author":1,"featured_media":0,"parent":889,"menu_order":25,"comment_status":"open","ping_status":"closed","template":"","meta":{"footnotes":""},"class_list":["post-1245","page","type-page","status-publish","hentry"],"_links":{"self":[{"href":"http:\/\/pclos.janu.hu\/index.php?rest_route=\/wp\/v2\/pages\/1245","targetHints":{"allow":["GET"]}}],"collection":[{"href":"http:\/\/pclos.janu.hu\/index.php?rest_route=\/wp\/v2\/pages"}],"about":[{"href":"http:\/\/pclos.janu.hu\/index.php?rest_route=\/wp\/v2\/types\/page"}],"author":[{"embeddable":true,"href":"http:\/\/pclos.janu.hu\/index.php?rest_route=\/wp\/v2\/users\/1"}],"replies":[{"embeddable":true,"href":"http:\/\/pclos.janu.hu\/index.php?rest_route=%2Fwp%2Fv2%2Fcomments&post=1245"}],"version-history":[{"count":5,"href":"http:\/\/pclos.janu.hu\/index.php?rest_route=\/wp\/v2\/pages\/1245\/revisions"}],"predecessor-version":[{"id":1286,"href":"http:\/\/pclos.janu.hu\/index.php?rest_route=\/wp\/v2\/pages\/1245\/revisions\/1286"}],"up":[{"embeddable":true,"href":"http:\/\/pclos.janu.hu\/index.php?rest_route=\/wp\/v2\/pages\/889"}],"wp:attachment":[{"href":"http:\/\/pclos.janu.hu\/index.php?rest_route=%2Fwp%2Fv2%2Fmedia&parent=1245"}],"curies":[{"name":"wp","href":"https:\/\/api.w.org\/{rel}","templated":true}]}}