{"id":126,"date":"2013-10-21T08:54:47","date_gmt":"2013-10-21T06:54:47","guid":{"rendered":"http:\/\/pclos.janu.hu\/?page_id=126"},"modified":"2013-10-21T08:54:47","modified_gmt":"2013-10-21T06:54:47","slug":"januar","status":"publish","type":"page","link":"http:\/\/pclos.janu.hu\/?page_id=126","title":{"rendered":"janu\u00e1r"},"content":{"rendered":"<h3><a title=\"inf\u00f3 parancsok\" href=\"http:\/\/pclos.janu.hu\/?p=127\">\u00c1ltal\u00e1nos inform\u00e1ci\u00f3s parancsok<\/a><\/h3>\n","protected":false},"excerpt":{"rendered":"<p>\u00c1ltal\u00e1nos inform\u00e1ci\u00f3s parancsok<\/p>\n","protected":false},"author":1,"featured_media":0,"parent":122,"menu_order":55,"comment_status":"open","ping_status":"closed","template":"","meta":{"footnotes":""},"class_list":["post-126","page","type-page","status-publish","hentry"],"_links":{"self":[{"href":"http:\/\/pclos.janu.hu\/index.php?rest_route=\/wp\/v2\/pages\/126","targetHints":{"allow":["GET"]}}],"collection":[{"href":"http:\/\/pclos.janu.hu\/index.php?rest_route=\/wp\/v2\/pages"}],"about":[{"href":"http:\/\/pclos.janu.hu\/index.php?rest_route=\/wp\/v2\/types\/page"}],"author":[{"embeddable":true,"href":"http:\/\/pclos.janu.hu\/index.php?rest_route=\/wp\/v2\/users\/1"}],"replies":[{"embeddable":true,"href":"http:\/\/pclos.janu.hu\/index.php?rest_route=%2Fwp%2Fv2%2Fcomments&post=126"}],"version-history":[{"count":1,"href":"http:\/\/pclos.janu.hu\/index.php?rest_route=\/wp\/v2\/pages\/126\/revisions"}],"predecessor-version":[{"id":130,"href":"http:\/\/pclos.janu.hu\/index.php?rest_route=\/wp\/v2\/pages\/126\/revisions\/130"}],"up":[{"embeddable":true,"href":"http:\/\/pclos.janu.hu\/index.php?rest_route=\/wp\/v2\/pages\/122"}],"wp:attachment":[{"href":"http:\/\/pclos.janu.hu\/index.php?rest_route=%2Fwp%2Fv2%2Fmedia&parent=126"}],"curies":[{"name":"wp","href":"https:\/\/api.w.org\/{rel}","templated":true}]}}