{"id":1288,"date":"2014-08-04T05:14:24","date_gmt":"2014-08-04T03:14:24","guid":{"rendered":"http:\/\/pclos.janu.hu\/?page_id=1288"},"modified":"2014-08-04T07:15:51","modified_gmt":"2014-08-04T05:15:51","slug":"1288-2","status":"publish","type":"page","link":"http:\/\/pclos.janu.hu\/?page_id=1288","title":{"rendered":"augusztus"},"content":{"rendered":"<p>A h\u00f3nap sl\u00e1gere az irodai szoftverek\u2026 T\u00f6bb cikk is a LibreOffice k\u00e9pess\u00e9geinek n\u00f6vel\u00e9s\u00e9vel foglalkozik (ami l\u00e9nyeg\u00e9ben az OpenOffice lehet\u0151s\u00e9geivel is egybev\u00e1g), de most 2 cikk sz\u00fcletett az inkscape sorozathoz. A gtkdialog 5. r\u00e9sze val\u00f3sz\u00edn\u0171leg ebben a sorozatban az utols\u00f3, hacsak <span style=\"color: #0000ff;\"><strong>critter<\/strong><\/span> nem tal\u00e1l ki m\u00e9g valamit.<\/p>\n<p><a href=\"http:\/\/pclos.janu.hu\/?p=1293\" target=\"_blank\">Inkscape \u00fcdv\u00f6zl\u0151lap<\/a> B\u00e1r m\u00e9g messze van a \u201eszeretett \u00fcnnepe\u201d <span style=\"color: #008000;\"><strong>Meemaw<\/strong><\/span> m\u00e1r most megmutatja, hogyan lehet kar\u00e1csonyfa d\u00edszeket \u00e1br\u00e1zol\u00f3 \u00fcdv\u00f6zl\u0151 lapot k\u00e9sz\u00edteni.<\/p>\n<p><a href=\"http:\/\/pclos.janu.hu\/?p=1297\" target=\"_blank\">LibreOffice k\u00e9pess\u00e9geinek kiterjeszt\u00e9se<\/a> Az igaz\u00e1n robusztus irodai programcsomag k\u00e9pess\u00e9geit k\u00fcl\u00f6nf\u00e9le kieg\u00e9sz\u00edt\u0151kkel lehet kiterjeszteni. Ebben a cikkben a kiterjeszt\u00e9sek hely\u00e9t \u00e9s be\u00e9p\u00edt\u00e9s\u00e9t ismerhetj\u00fck meg.<\/p>\n<p><a href=\"http:\/\/pclos.janu.hu\/?p=1312\" target=\"_blank\">Tov\u00e1bbi sablonok: LibreOffice Plus!<\/a> Hogyan hasznos\u00edthat\u00f3 a Google Docs sablonja helyileg a LibreOffice-ban.<\/p>\n<p><a href=\"http:\/\/pclos.janu.hu\/?p=1300\" target=\"_blank\">LibreOffice makr\u00f3k<\/a> Nem lenne teljes a LibreOffice irodai programcsomag makr\u00f3k n\u00e9lk\u00fcl. <span style=\"color: #0000ff;\"><strong>zerocool<\/strong><\/span> egy egyszer\u0171 feladaton kereszt\u00fcl mutatja be a Calc makr\u00f3z\u00e1si lehet\u0151s\u00e9geinek egy kis r\u00e9sz\u00e9t.<\/p>\n<p><a href=\"http:\/\/pclos.janu.hu\/?p=1303\" target=\"_blank\">Programoz\u00e1s Gtkdialog-gal, \u00f6t\u00f6dik r\u00e9sz<\/a> Ebben a, val\u00f3sz\u00edn\u0171leg utols\u00f3, r\u00e9szben egy jegyzetf\u00fczet k\u00e9sz\u00fcl el, akaratlanul is kieg\u00e9sz\u00edtve Meemaw hasznos kis eszk\u00f6z\u00f6kr\u0151l sz\u00f3l\u00f3 sorozat\u00e1t.<\/p>\n<p><a href=\"http:\/\/pclos.janu.hu\/?p=1316\" target=\"_blank\">Inkscape log\u00f3 szerkeszt\u00e9s<\/a> Ebben a cikkben egy beszkennelt log\u00f3 kijav\u00edt\u00e1s\u00e1nak folyamat\u00e1t ismerhetj\u00fck meg.<\/p>\n","protected":false},"excerpt":{"rendered":"<p>A h\u00f3nap sl\u00e1gere az irodai szoftverek\u2026 T\u00f6bb cikk is a LibreOffice k\u00e9pess\u00e9geinek n\u00f6vel\u00e9s\u00e9vel foglalkozik (ami l\u00e9nyeg\u00e9ben az OpenOffice lehet\u0151s\u00e9geivel is egybev\u00e1g), de most 2 cikk sz\u00fcletett az inkscape sorozathoz. A gtkdialog 5. r\u00e9sze val\u00f3sz\u00edn\u0171leg ebben a sorozatban az utols\u00f3, hacsak &hellip; <a href=\"http:\/\/pclos.janu.hu\/?page_id=1288\">Egy kattint\u00e1s ide a folytat\u00e1shoz&#8230;. <span class=\"meta-nav\">&rarr;<\/span><\/a><\/p>\n","protected":false},"author":1,"featured_media":0,"parent":889,"menu_order":20,"comment_status":"open","ping_status":"closed","template":"","meta":{"footnotes":""},"class_list":["post-1288","page","type-page","status-publish","hentry"],"_links":{"self":[{"href":"http:\/\/pclos.janu.hu\/index.php?rest_route=\/wp\/v2\/pages\/1288","targetHints":{"allow":["GET"]}}],"collection":[{"href":"http:\/\/pclos.janu.hu\/index.php?rest_route=\/wp\/v2\/pages"}],"about":[{"href":"http:\/\/pclos.janu.hu\/index.php?rest_route=\/wp\/v2\/types\/page"}],"author":[{"embeddable":true,"href":"http:\/\/pclos.janu.hu\/index.php?rest_route=\/wp\/v2\/users\/1"}],"replies":[{"embeddable":true,"href":"http:\/\/pclos.janu.hu\/index.php?rest_route=%2Fwp%2Fv2%2Fcomments&post=1288"}],"version-history":[{"count":5,"href":"http:\/\/pclos.janu.hu\/index.php?rest_route=\/wp\/v2\/pages\/1288\/revisions"}],"predecessor-version":[{"id":1320,"href":"http:\/\/pclos.janu.hu\/index.php?rest_route=\/wp\/v2\/pages\/1288\/revisions\/1320"}],"up":[{"embeddable":true,"href":"http:\/\/pclos.janu.hu\/index.php?rest_route=\/wp\/v2\/pages\/889"}],"wp:attachment":[{"href":"http:\/\/pclos.janu.hu\/index.php?rest_route=%2Fwp%2Fv2%2Fmedia&parent=1288"}],"curies":[{"name":"wp","href":"https:\/\/api.w.org\/{rel}","templated":true}]}}