{"id":1325,"date":"2014-08-08T08:53:37","date_gmt":"2014-08-08T06:53:37","guid":{"rendered":"http:\/\/pclos.janu.hu\/?page_id=1325"},"modified":"2017-05-09T05:54:31","modified_gmt":"2017-05-09T03:54:31","slug":"linux-journal","status":"publish","type":"page","link":"http:\/\/pclos.janu.hu\/?page_id=1325","title":{"rendered":"Linux Journal"},"content":{"rendered":"<p><a href=\"http:\/\/pclos.janu.hu\/?p=2365\" target=\"_blank\" rel=\"noopener noreferrer\">Saj\u00e1t Open Street t\u00e9rk\u00e9p szerkeszt\u00e9se<\/a> egy nagytud\u00e1s\u00fa t\u00e9rk\u00e9pszerkeszt\u0151 (t\u00e9rinformatikai) program.<\/p>\n<p><a href=\"http:\/\/pclos.janu.hu\/?p=2312\" target=\"_blank\" rel=\"noopener noreferrer\">GRUB Boot ISO-b\u00f3l<\/a> <span style=\"color: #0000ff;\"><strong>Kyle Rankin<\/strong><\/span> cikke OEM-szer\u0171 partici\u00f3 el\u0151\u00e1ll\u00edt\u00e1s\u00e1ra.<\/p>\n<p><a href=\"http:\/\/pclos.janu.hu\/?p=1878\" target=\"_blank\" rel=\"noopener noreferrer\">Teljesen szabad szoftverre \u00e9p\u00fcl\u0151 hardver<\/a> a foly\u00f3irat egyik \u00e1lland\u00f3 szerz\u0151je cikksorozat\u00e1ban bemutatja, hogyan cser\u00e9lte le laptopj\u00e1nak gy\u00e1ri BIOS-\u00e1t egy teljesen ny\u00edlt forr\u00e1s\u00fa szabad szoftverre.<\/p>\n<p><a href=\"http:\/\/pclos.janu.hu\/?p=1326\" target=\"_blank\" rel=\"noopener noreferrer\">Adminer<\/a> egy egyszer\u0171, m\u00e9gis robusztus adatb\u00e1zis menedzsel\u0151 web-es fel\u00fclet.<\/p>\n<p><a href=\"http:\/\/pclos.janu.hu\/?p=1839\" target=\"_blank\" rel=\"noopener noreferrer\"> Raspberry Pi haszn\u00e1lata biztons\u00e1gos v\u00e9gpontk\u00e9nt<\/a> VPN kialak\u00edt\u00e1sa annak \u00e9rdek\u00e9ben, hogy a blokkolt szolg\u00e1ltat\u00e1sokat is el lehessen \u00e9rni utaz\u00e1sok alatt.<\/p>\n","protected":false},"excerpt":{"rendered":"<p>Saj\u00e1t Open Street t\u00e9rk\u00e9p szerkeszt\u00e9se egy nagytud\u00e1s\u00fa t\u00e9rk\u00e9pszerkeszt\u0151 (t\u00e9rinformatikai) program. GRUB Boot ISO-b\u00f3l Kyle Rankin cikke OEM-szer\u0171 partici\u00f3 el\u0151\u00e1ll\u00edt\u00e1s\u00e1ra. Teljesen szabad szoftverre \u00e9p\u00fcl\u0151 hardver a foly\u00f3irat egyik \u00e1lland\u00f3 szerz\u0151je cikksorozat\u00e1ban bemutatja, hogyan cser\u00e9lte le laptopj\u00e1nak gy\u00e1ri BIOS-\u00e1t egy teljesen ny\u00edlt &hellip; <a href=\"http:\/\/pclos.janu.hu\/?page_id=1325\">Egy kattint\u00e1s ide a folytat\u00e1shoz&#8230;. <span class=\"meta-nav\">&rarr;<\/span><\/a><\/p>\n","protected":false},"author":1,"featured_media":0,"parent":334,"menu_order":0,"comment_status":"open","ping_status":"closed","template":"","meta":{"footnotes":""},"class_list":["post-1325","page","type-page","status-publish","hentry"],"_links":{"self":[{"href":"http:\/\/pclos.janu.hu\/index.php?rest_route=\/wp\/v2\/pages\/1325","targetHints":{"allow":["GET"]}}],"collection":[{"href":"http:\/\/pclos.janu.hu\/index.php?rest_route=\/wp\/v2\/pages"}],"about":[{"href":"http:\/\/pclos.janu.hu\/index.php?rest_route=\/wp\/v2\/types\/page"}],"author":[{"embeddable":true,"href":"http:\/\/pclos.janu.hu\/index.php?rest_route=\/wp\/v2\/users\/1"}],"replies":[{"embeddable":true,"href":"http:\/\/pclos.janu.hu\/index.php?rest_route=%2Fwp%2Fv2%2Fcomments&post=1325"}],"version-history":[{"count":6,"href":"http:\/\/pclos.janu.hu\/index.php?rest_route=\/wp\/v2\/pages\/1325\/revisions"}],"predecessor-version":[{"id":2372,"href":"http:\/\/pclos.janu.hu\/index.php?rest_route=\/wp\/v2\/pages\/1325\/revisions\/2372"}],"up":[{"embeddable":true,"href":"http:\/\/pclos.janu.hu\/index.php?rest_route=\/wp\/v2\/pages\/334"}],"wp:attachment":[{"href":"http:\/\/pclos.janu.hu\/index.php?rest_route=%2Fwp%2Fv2%2Fmedia&parent=1325"}],"curies":[{"name":"wp","href":"https:\/\/api.w.org\/{rel}","templated":true}]}}