{"id":1340,"date":"2014-08-28T11:48:52","date_gmt":"2014-08-28T09:48:52","guid":{"rendered":"http:\/\/pclos.janu.hu\/?page_id=1340"},"modified":"2014-08-28T12:02:35","modified_gmt":"2014-08-28T10:02:35","slug":"itworld-today","status":"publish","type":"page","link":"http:\/\/pclos.janu.hu\/?page_id=1340","title":{"rendered":"ITworld Today"},"content":{"rendered":"<p><a href=\"http:\/\/pclos.janu.hu\/?p=1342\" target=\"_blank\">Limitek be\u00e1ll\u00edt\u00e1sa <em>ulimit<\/em>-tel<\/a> Egy r\u00f6videbb le\u00edr\u00e1s az <em>ulimit<\/em> parancsr\u00f3l \u00e9s a lehet\u0151s\u00e9gekr\u0151l.<\/p>\n","protected":false},"excerpt":{"rendered":"<p>Limitek be\u00e1ll\u00edt\u00e1sa ulimit-tel Egy r\u00f6videbb le\u00edr\u00e1s az ulimit parancsr\u00f3l \u00e9s a lehet\u0151s\u00e9gekr\u0151l.<\/p>\n","protected":false},"author":1,"featured_media":0,"parent":334,"menu_order":0,"comment_status":"open","ping_status":"closed","template":"","meta":{"footnotes":""},"class_list":["post-1340","page","type-page","status-publish","hentry"],"_links":{"self":[{"href":"http:\/\/pclos.janu.hu\/index.php?rest_route=\/wp\/v2\/pages\/1340","targetHints":{"allow":["GET"]}}],"collection":[{"href":"http:\/\/pclos.janu.hu\/index.php?rest_route=\/wp\/v2\/pages"}],"about":[{"href":"http:\/\/pclos.janu.hu\/index.php?rest_route=\/wp\/v2\/types\/page"}],"author":[{"embeddable":true,"href":"http:\/\/pclos.janu.hu\/index.php?rest_route=\/wp\/v2\/users\/1"}],"replies":[{"embeddable":true,"href":"http:\/\/pclos.janu.hu\/index.php?rest_route=%2Fwp%2Fv2%2Fcomments&post=1340"}],"version-history":[{"count":3,"href":"http:\/\/pclos.janu.hu\/index.php?rest_route=\/wp\/v2\/pages\/1340\/revisions"}],"predecessor-version":[{"id":1346,"href":"http:\/\/pclos.janu.hu\/index.php?rest_route=\/wp\/v2\/pages\/1340\/revisions\/1346"}],"up":[{"embeddable":true,"href":"http:\/\/pclos.janu.hu\/index.php?rest_route=\/wp\/v2\/pages\/334"}],"wp:attachment":[{"href":"http:\/\/pclos.janu.hu\/index.php?rest_route=%2Fwp%2Fv2%2Fmedia&parent=1340"}],"curies":[{"name":"wp","href":"https:\/\/api.w.org\/{rel}","templated":true}]}}