{"id":1452,"date":"2015-01-04T10:27:21","date_gmt":"2015-01-04T09:27:21","guid":{"rendered":"http:\/\/pclos.janu.hu\/?page_id=1452"},"modified":"2015-02-14T06:30:43","modified_gmt":"2015-02-14T05:30:43","slug":"januar","status":"publish","type":"page","link":"http:\/\/pclos.janu.hu\/?page_id=1452","title":{"rendered":"janu\u00e1r"},"content":{"rendered":"<p>\u00daj \u00e9v, \u00faj rem\u00e9nyek&#8230; Lassan mintha \u00e9l\u00e9nk\u00fclne a Magazine is. B\u00e1r m\u00e9g nem \u00e9rte el a f\u00e9nykor\u00e1ban megjelent cikk-t\u00f6meget, de p\u00e1r \u00e9rdekess\u00e9g mr\u00e1 \u00edgy is olvashat\u00f3:<\/p>\n<p><a href=\"http:\/\/pclos.janu.hu\/?p=1453\" target=\"_blank\">A JPEG most IGAZ\u00c1N versenyben<\/a> Val\u00f3di versenyt\u00e1rs jelentkezett a k\u00e9pform\u00e1tumok vil\u00e1g\u00e1ban: a BPG.<\/p>\n<p><a href=\"http:\/\/pclos.janu.hu\/?p=1456\" target=\"_blank\">Inkscape oktat\u00f3: saj\u00e1t napt\u00e1r k\u00e9sz\u00edt\u00e9se<\/a> Saj\u00e1t falinapt\u00e1r k\u00e9sz\u00edt\u00e9se \u2013 gyorsan.<\/p>\n<p><a href=\"http:\/\/pclos.janu.hu\/?p=1463\" target=\"_blank\">Saj\u00e1t f\u00f3rum telep\u00edt\u00e9se SMF-fel<\/a> Amit a c\u00edm sugall: egyszer\u0171 f\u00f3rum k\u00e9sz\u00edt\u00e9se sallangok n\u00e9lk\u00fcl.<\/p>\n<p><a href=\"http:\/\/pclos.janu.hu\/?p=1466\" target=\"_blank\">GIMP oktat\u00f3: neon-felirat gyorsan G&#8217;MIC-kel<\/a> Neon felirat a k\u00e9pre&#8230;<\/p>\n<p>&nbsp;<\/p>\n","protected":false},"excerpt":{"rendered":"<p>\u00daj \u00e9v, \u00faj rem\u00e9nyek&#8230; Lassan mintha \u00e9l\u00e9nk\u00fclne a Magazine is. B\u00e1r m\u00e9g nem \u00e9rte el a f\u00e9nykor\u00e1ban megjelent cikk-t\u00f6meget, de p\u00e1r \u00e9rdekess\u00e9g mr\u00e1 \u00edgy is olvashat\u00f3: A JPEG most IGAZ\u00c1N versenyben Val\u00f3di versenyt\u00e1rs jelentkezett a k\u00e9pform\u00e1tumok vil\u00e1g\u00e1ban: a BPG. Inkscape &hellip; <a href=\"http:\/\/pclos.janu.hu\/?page_id=1452\">Egy kattint\u00e1s ide a folytat\u00e1shoz&#8230;. <span class=\"meta-nav\">&rarr;<\/span><\/a><\/p>\n","protected":false},"author":1,"featured_media":0,"parent":1450,"menu_order":55,"comment_status":"open","ping_status":"closed","template":"","meta":{"footnotes":""},"class_list":["post-1452","page","type-page","status-publish","hentry"],"_links":{"self":[{"href":"http:\/\/pclos.janu.hu\/index.php?rest_route=\/wp\/v2\/pages\/1452","targetHints":{"allow":["GET"]}}],"collection":[{"href":"http:\/\/pclos.janu.hu\/index.php?rest_route=\/wp\/v2\/pages"}],"about":[{"href":"http:\/\/pclos.janu.hu\/index.php?rest_route=\/wp\/v2\/types\/page"}],"author":[{"embeddable":true,"href":"http:\/\/pclos.janu.hu\/index.php?rest_route=\/wp\/v2\/users\/1"}],"replies":[{"embeddable":true,"href":"http:\/\/pclos.janu.hu\/index.php?rest_route=%2Fwp%2Fv2%2Fcomments&post=1452"}],"version-history":[{"count":2,"href":"http:\/\/pclos.janu.hu\/index.php?rest_route=\/wp\/v2\/pages\/1452\/revisions"}],"predecessor-version":[{"id":1471,"href":"http:\/\/pclos.janu.hu\/index.php?rest_route=\/wp\/v2\/pages\/1452\/revisions\/1471"}],"up":[{"embeddable":true,"href":"http:\/\/pclos.janu.hu\/index.php?rest_route=\/wp\/v2\/pages\/1450"}],"wp:attachment":[{"href":"http:\/\/pclos.janu.hu\/index.php?rest_route=%2Fwp%2Fv2%2Fmedia&parent=1452"}],"curies":[{"name":"wp","href":"https:\/\/api.w.org\/{rel}","templated":true}]}}