{"id":1511,"date":"2015-03-06T09:33:57","date_gmt":"2015-03-06T08:33:57","guid":{"rendered":"http:\/\/pclos.janu.hu\/?page_id=1511"},"modified":"2015-04-04T10:26:10","modified_gmt":"2015-04-04T08:26:10","slug":"marcius","status":"publish","type":"page","link":"http:\/\/pclos.janu.hu\/?page_id=1511","title":{"rendered":"m\u00e1rcius"},"content":{"rendered":"<p>Most m\u00e1r visszavonhatatlanul j\u00f6n a tavasz. B\u00e1r m\u00e9g a cikkek mennyis\u00e9g\u00e9n nem l\u00e1tszik, hogy mindenki fel\u00e9bredt t\u00e9li \u00e1lm\u00e1b\u00f3l, de a f\u0151szerkeszt\u0151i vez\u00e9rcikk m\u00e1r t\u00f6bb t\u00e9m\u00e1t is \u00e9rint:<\/p>\n<ul>\n<li>Linus Torvald febru\u00e1r 23-\u00e1n a 4.0 sorozat\u00fa kernel els\u0151 RC-j\u00e1t bocs\u00e1totta ki,<\/li>\n<li>Texstar friss\u00edtette a Xorg szervert 1.16-re, ezzel egy\u00fctt a mesa meghajt\u00f3nak is \u00faj verzi\u00f3ja ker\u00fclt a t\u00e1rol\u00f3ba<\/li>\n<\/ul>\n<p>Vagyis \u00e9bredezik a vil\u00e1g&#8230;<\/p>\n<p><a href=\"http:\/\/pclos.janu.hu\/?p=1512\" target=\"_blank\">A Firefox \u201eFlash is out of date\u201d hibajelz\u00e9s kezel\u00e9se<\/a> Az Adobe Flashplayer nem kimondottan a felhaszn\u00e1l\u00f3k kedvence. H\u00e1tt\u00e9rbe szor\u00edt\u00e1s\u00e1r\u00f3l sz\u00f3l <span style=\"color: #800000;\"><strong>parnote<\/strong><\/span> cikke.<\/p>\n<p><a href=\"http:\/\/pclos.janu.hu\/?p=1516%20\" target=\"_blank\">Inkscape oktat\u00f3: vir\u00e1gminta k\u00e9sz\u00edt\u00e9se<\/a>. \u00dajabb oktat\u00f3 cikk, egyszer\u0171, m\u00e9gis j\u00f3l n\u00e9z ki.<\/p>\n<p><a href=\"http:\/\/pclos.janu.hu\/?p=1520%20\" target=\"_blank\">GIMP oktat\u00f3: \u00f6rv\u00e9ny effektus<\/a>. Egyszer\u0171 eszk\u00f6z\u00f6kkel, gyorsan sz\u00e9p h\u00e1tt\u00e9r k\u00e9sz\u00edthet\u0151.<\/p>\n<p><a href=\"http:\/\/pclos.janu.hu\/?p=1524\" target=\"_blank\">Tik-tak, tik-tak&#8230; amit az id\u0151r\u0151l tudni kell<\/a>. Ritk\u00e1n esik sz\u00f3 a sz\u00f6k\u0151m\u00e1sodpercekr\u0151l&#8230;<\/p>\n<p><a href=\"http:\/\/pclos.janu.hu\/?p=1532\" target=\"_blank\">Sz\u00e1m\u00edt\u00f3g\u00e9p \u00e9breszt\u00e9se Bash \u00e9s mobil seg\u00edts\u00e9g\u00e9vel<\/a> Sz\u00e1mos biztons\u00e1gi eszk\u00f6z k\u00f6z\u00fcl a min\u00e9l olcs\u00f3bb, de megb\u00edzhat\u00f3 megold\u00e1s lehet n\u00e9pszer\u0171. A cikk egy ilyen lehet\u0151s\u00e9get t\u00e1rgyal.<\/p>\n","protected":false},"excerpt":{"rendered":"<p>Most m\u00e1r visszavonhatatlanul j\u00f6n a tavasz. B\u00e1r m\u00e9g a cikkek mennyis\u00e9g\u00e9n nem l\u00e1tszik, hogy mindenki fel\u00e9bredt t\u00e9li \u00e1lm\u00e1b\u00f3l, de a f\u0151szerkeszt\u0151i vez\u00e9rcikk m\u00e1r t\u00f6bb t\u00e9m\u00e1t is \u00e9rint: Linus Torvald febru\u00e1r 23-\u00e1n a 4.0 sorozat\u00fa kernel els\u0151 RC-j\u00e1t bocs\u00e1totta ki, Texstar &hellip; <a href=\"http:\/\/pclos.janu.hu\/?page_id=1511\">Egy kattint\u00e1s ide a folytat\u00e1shoz&#8230;. <span class=\"meta-nav\">&rarr;<\/span><\/a><\/p>\n","protected":false},"author":1,"featured_media":0,"parent":1450,"menu_order":45,"comment_status":"open","ping_status":"closed","template":"","meta":{"footnotes":""},"class_list":["post-1511","page","type-page","status-publish","hentry"],"_links":{"self":[{"href":"http:\/\/pclos.janu.hu\/index.php?rest_route=\/wp\/v2\/pages\/1511","targetHints":{"allow":["GET"]}}],"collection":[{"href":"http:\/\/pclos.janu.hu\/index.php?rest_route=\/wp\/v2\/pages"}],"about":[{"href":"http:\/\/pclos.janu.hu\/index.php?rest_route=\/wp\/v2\/types\/page"}],"author":[{"embeddable":true,"href":"http:\/\/pclos.janu.hu\/index.php?rest_route=\/wp\/v2\/users\/1"}],"replies":[{"embeddable":true,"href":"http:\/\/pclos.janu.hu\/index.php?rest_route=%2Fwp%2Fv2%2Fcomments&post=1511"}],"version-history":[{"count":4,"href":"http:\/\/pclos.janu.hu\/index.php?rest_route=\/wp\/v2\/pages\/1511\/revisions"}],"predecessor-version":[{"id":1537,"href":"http:\/\/pclos.janu.hu\/index.php?rest_route=\/wp\/v2\/pages\/1511\/revisions\/1537"}],"up":[{"embeddable":true,"href":"http:\/\/pclos.janu.hu\/index.php?rest_route=\/wp\/v2\/pages\/1450"}],"wp:attachment":[{"href":"http:\/\/pclos.janu.hu\/index.php?rest_route=%2Fwp%2Fv2%2Fmedia&parent=1511"}],"curies":[{"name":"wp","href":"https:\/\/api.w.org\/{rel}","templated":true}]}}