{"id":1538,"date":"2015-04-07T21:24:44","date_gmt":"2015-04-07T19:24:44","guid":{"rendered":"http:\/\/pclos.janu.hu\/?page_id=1538"},"modified":"2015-04-07T21:24:44","modified_gmt":"2015-04-07T19:24:44","slug":"aprilis","status":"publish","type":"page","link":"http:\/\/pclos.janu.hu\/?page_id=1538","title":{"rendered":"\u00e1prilis"},"content":{"rendered":"<p>A h\u00f3nap \u00fajdons\u00e1ga 2 \u00faj sorozat els\u0151 cikkei:<\/p>\n<ul>\n<li><span style=\"color: #008000;\"><strong>parnote<\/strong><\/span> a h\u00e1zimozi k\u00e9sz\u00edt\u00e9sr\u0151l \u00e9s alkalmaz\u00e1sr\u00f3l tervez sorozatot, az els\u0151 cikk m\u00e1r megjelent,<\/li>\n<li>a <span style=\"color: #ff0000;\">Tipp-Topp Tippek<\/span> minden h\u00f3napban egy \u00e9rdekes megold\u00e1st, \u00f6tletet fog ismertetni, ami a <a href=\"http:\/\/www.pclinuxos.com\/forum\/index.php\" target=\"_blank\">PCLinuxOS f\u00f3rum<\/a>on jelent meg.<\/li>\n<\/ul>\n<p>Tipp-Topp Tipp: <a href=\"http:\/\/pclos.janu.hu\/?p=1540\" target=\"_blank\">Testre szabott hosts f\u00e1jl a kisebb Internet terhel\u00e9s\u00e9rt<\/a> a cikk bemutatja, hogyan lehet cs\u00f6kkentei a k\u00e9retlen rekl\u00e1mok, spam-ek sz\u00e1m\u00e1t egyszer\u0171en.<\/p>\n<p><a href=\"http:\/\/pclos.janu.hu\/?p=1546\" target=\"_blank\">Inkscape oktat\u00f3: tov\u00e1bbi eszk\u00f6z\u00f6k<\/a> ebben a cikkben a kib\u0151v\u00edtett lehet\u0151s\u00e9geket ismerhetj\u00fck meg.<\/p>\n<p><a href=\"http:\/\/pclos.janu.hu\/?p=1549\" target=\"_blank\">HTPC: az eszk\u00f6z\u00f6k \u00e9s kezd\u00e9s<\/a> <span style=\"color: #008000;\"><strong>parnote<\/strong><\/span> h\u00e1zimozit \u00e9p\u00edt \u2013 PC-re.<\/p>\n<p><a href=\"http:\/\/pclos.janu.hu\/?p=1553\" target=\"_blank\">V\u00e9dd magad eldobhat\u00f3 e-mail c\u00edmmel<\/a> \u00edgy lehet v\u00e9dekezni a weben val\u00f3 v\u00e1s\u00e1rl\u00e1s miatt el\u00e1raszt\u00f3 k\u00e9retlen rekl\u00e1m levelek ellen.<\/p>\n<p><a href=\"http:\/\/pclos.janu.hu\/?p=1556\" target=\"_blank\">Inkscape oktat\u00f3: v\u00e1rost\u00e9rk\u00e9p k\u00e9sz\u00edt\u00e9se<\/a> az \u00faj szimb\u00f3lum k\u00f6nyvt\u00e1r haszn\u00e1lata.<\/p>\n","protected":false},"excerpt":{"rendered":"<p>A h\u00f3nap \u00fajdons\u00e1ga 2 \u00faj sorozat els\u0151 cikkei: parnote a h\u00e1zimozi k\u00e9sz\u00edt\u00e9sr\u0151l \u00e9s alkalmaz\u00e1sr\u00f3l tervez sorozatot, az els\u0151 cikk m\u00e1r megjelent, a Tipp-Topp Tippek minden h\u00f3napban egy \u00e9rdekes megold\u00e1st, \u00f6tletet fog ismertetni, ami a PCLinuxOS f\u00f3rumon jelent meg. Tipp-Topp Tipp: &hellip; <a href=\"http:\/\/pclos.janu.hu\/?page_id=1538\">Egy kattint\u00e1s ide a folytat\u00e1shoz&#8230;. <span class=\"meta-nav\">&rarr;<\/span><\/a><\/p>\n","protected":false},"author":1,"featured_media":0,"parent":1450,"menu_order":40,"comment_status":"open","ping_status":"closed","template":"","meta":{"footnotes":""},"class_list":["post-1538","page","type-page","status-publish","hentry"],"_links":{"self":[{"href":"http:\/\/pclos.janu.hu\/index.php?rest_route=\/wp\/v2\/pages\/1538","targetHints":{"allow":["GET"]}}],"collection":[{"href":"http:\/\/pclos.janu.hu\/index.php?rest_route=\/wp\/v2\/pages"}],"about":[{"href":"http:\/\/pclos.janu.hu\/index.php?rest_route=\/wp\/v2\/types\/page"}],"author":[{"embeddable":true,"href":"http:\/\/pclos.janu.hu\/index.php?rest_route=\/wp\/v2\/users\/1"}],"replies":[{"embeddable":true,"href":"http:\/\/pclos.janu.hu\/index.php?rest_route=%2Fwp%2Fv2%2Fcomments&post=1538"}],"version-history":[{"count":3,"href":"http:\/\/pclos.janu.hu\/index.php?rest_route=\/wp\/v2\/pages\/1538\/revisions"}],"predecessor-version":[{"id":1559,"href":"http:\/\/pclos.janu.hu\/index.php?rest_route=\/wp\/v2\/pages\/1538\/revisions\/1559"}],"up":[{"embeddable":true,"href":"http:\/\/pclos.janu.hu\/index.php?rest_route=\/wp\/v2\/pages\/1450"}],"wp:attachment":[{"href":"http:\/\/pclos.janu.hu\/index.php?rest_route=%2Fwp%2Fv2%2Fmedia&parent=1538"}],"curies":[{"name":"wp","href":"https:\/\/api.w.org\/{rel}","templated":true}]}}