{"id":1563,"date":"2015-05-19T06:12:29","date_gmt":"2015-05-19T04:12:29","guid":{"rendered":"http:\/\/pclos.janu.hu\/?page_id=1563"},"modified":"2015-06-14T17:59:01","modified_gmt":"2015-06-14T15:59:01","slug":"majus","status":"publish","type":"page","link":"http:\/\/pclos.janu.hu\/?page_id=1563","title":{"rendered":"m\u00e1jus"},"content":{"rendered":"<p>Ebben a h\u00f3napban jelent meg a PCLinuxOS Magazine 100. sz\u00e1ma. A nagy \u00fcnnepelget\u00e9s helyett kor\u00e1bbi \u00e9s jelenlegi szerz\u0151k n\u00e9h\u00e1ny kedves mondat\u00e1t, visszaeml\u00e9kez\u00e9s\u00e9t olvahatjuk az els\u0151 cikkben. A tov\u00e1bbiak:<\/p>\n<p><a href=\"http:\/\/pclos.janu.hu\/?p=1564\" target=\"_blank\">Fekv\u00f6 nyomtat\u00e1s LibreOffice-ban<\/a> Ez a Tipp Top tr\u00fckk a h\u00f3nap egyik \u201esl\u00e1gere\u201d. Bemutatja, hogyan lehet speci\u00e1lis nyomtat\u00e1si be\u00e1ll\u00edt\u00e1st \u00e1lland\u00f3s\u00edtani.<\/p>\n<p><a href=\"http:\/\/pclos.janu.hu\/?p=1568\" target=\"_blank\">GIMP oktat\u00f3: vill\u00e1m k\u00e9sz\u00edt\u00e9se<\/a> Rajzoljunk egyszer\u0171en, gyorsan vill\u00e1mot.<\/p>\n<p><a href=\"http:\/\/pclos.janu.hu\/?p=1574\" target=\"_blank\">Inkscape oktat\u00f3: kil\u00e9p\u00f6 k\u00e9p, vagy kiv\u00e1g\u00e1s k\u00e9sz\u00edt\u00e9se<\/a> Amit megtehetsz GIMP-ben, ne habozz, Inkscape-ben is megy&#8230;<\/p>\n<p><a href=\"http:\/\/pclos.janu.hu\/?p=1577\" target=\"_blank\">A MATE fel\u00f6lt\u00f6ztet\u00e9se: Just Xdo It!<\/a>\u00a0Hogyan biztos\u00edtsuk MATE-ben a KDE alatt megszokott k\u00e9nyelmes funkci\u00f3kat?<\/p>\n","protected":false},"excerpt":{"rendered":"<p>Ebben a h\u00f3napban jelent meg a PCLinuxOS Magazine 100. sz\u00e1ma. A nagy \u00fcnnepelget\u00e9s helyett kor\u00e1bbi \u00e9s jelenlegi szerz\u0151k n\u00e9h\u00e1ny kedves mondat\u00e1t, visszaeml\u00e9kez\u00e9s\u00e9t olvahatjuk az els\u0151 cikkben. A tov\u00e1bbiak: Fekv\u00f6 nyomtat\u00e1s LibreOffice-ban Ez a Tipp Top tr\u00fckk a h\u00f3nap egyik \u201esl\u00e1gere\u201d. &hellip; <a href=\"http:\/\/pclos.janu.hu\/?page_id=1563\">Egy kattint\u00e1s ide a folytat\u00e1shoz&#8230;. <span class=\"meta-nav\">&rarr;<\/span><\/a><\/p>\n","protected":false},"author":1,"featured_media":0,"parent":1450,"menu_order":35,"comment_status":"open","ping_status":"closed","template":"","meta":{"footnotes":""},"class_list":["post-1563","page","type-page","status-publish","hentry"],"_links":{"self":[{"href":"http:\/\/pclos.janu.hu\/index.php?rest_route=\/wp\/v2\/pages\/1563","targetHints":{"allow":["GET"]}}],"collection":[{"href":"http:\/\/pclos.janu.hu\/index.php?rest_route=\/wp\/v2\/pages"}],"about":[{"href":"http:\/\/pclos.janu.hu\/index.php?rest_route=\/wp\/v2\/types\/page"}],"author":[{"embeddable":true,"href":"http:\/\/pclos.janu.hu\/index.php?rest_route=\/wp\/v2\/users\/1"}],"replies":[{"embeddable":true,"href":"http:\/\/pclos.janu.hu\/index.php?rest_route=%2Fwp%2Fv2%2Fcomments&post=1563"}],"version-history":[{"count":3,"href":"http:\/\/pclos.janu.hu\/index.php?rest_route=\/wp\/v2\/pages\/1563\/revisions"}],"predecessor-version":[{"id":1582,"href":"http:\/\/pclos.janu.hu\/index.php?rest_route=\/wp\/v2\/pages\/1563\/revisions\/1582"}],"up":[{"embeddable":true,"href":"http:\/\/pclos.janu.hu\/index.php?rest_route=\/wp\/v2\/pages\/1450"}],"wp:attachment":[{"href":"http:\/\/pclos.janu.hu\/index.php?rest_route=%2Fwp%2Fv2%2Fmedia&parent=1563"}],"curies":[{"name":"wp","href":"https:\/\/api.w.org\/{rel}","templated":true}]}}