{"id":1616,"date":"2015-07-03T06:39:00","date_gmt":"2015-07-03T04:39:00","guid":{"rendered":"http:\/\/pclos.janu.hu\/?page_id=1616"},"modified":"2017-06-18T06:03:48","modified_gmt":"2017-06-18T04:03:48","slug":"linux-com","status":"publish","type":"page","link":"http:\/\/pclos.janu.hu\/?page_id=1616","title":{"rendered":"linux.com"},"content":{"rendered":"<p style=\"text-align: justify;\">Ez a leg\u00e1tfog\u00f3bb Linux-szal foglalkoz\u00f3 oldal. Sz\u00e1mos t\u00e1mogat\u00e1s \u00e9rhet\u0151 el innen, a legnagyobb disztrib\u00faci\u00f3k h\u00edrei, a Linuxot t\u00e1mogat\u00f3 hardver gy\u00e1rt\u00f3k inform\u00e1ci\u00f3i megtal\u00e1lhat\u00f3k itt.<\/p>\n<p><a href=\"http:\/\/pclos.janu.hu\/wp-content\/uploads\/2015\/07\/GoboLinux.pdf\" target=\"_blank\" rel=\"noopener\">A GoboLinux \u00fajragondolja a Linux f\u00e1jlrendszer fel\u00e9p\u00edt\u00e9s\u00e9t<\/a>\u00a0Jack Wallen cikke egy \u00e9rdekes disztrib\u00faci\u00f3r\u00f3l. B\u00e1r m\u00e1r \u00e9vek \u00f3ta l\u00e9tezik a GoboLinux, m\u00e9g mindig csak egy k\u00eds\u00e9rlet \u2013 \u00e9rdemes elolvasni.<\/p>\n<p><a href=\"http:\/\/pclos.janu.hu\/?p=2396\" target=\"_blank\" rel=\"noopener\">A Linux biztons\u00e1g egyes r\u00e9szletei<\/a> a Linux.com-on megjelent 3 r\u00e9szes cikksorozat.<\/p>\n<p style=\"text-align: justify;\"><a href=\"http:\/\/pclos.janu.hu\/?p=2318\" target=\"_blank\" rel=\"noopener\">A hardver r\u00e9szletes felt\u00e1r\u00e1sa lshw \u00e9s lsusb parancsokkal Linux alatt<\/a> k\u00e9t egyszer\u0171nek l\u00e1tsz\u00f3 parancs gazdag kimenettel.<\/p>\n<p style=\"text-align: justify;\"><a href=\"http:\/\/pclos.janu.hu\/?p=1617\" target=\"_blank\" rel=\"noopener\">Hogyan telep\u00edts\u00fcnk Linuxot UEFI Secure Boot-os Windows g\u00e9pre<\/a> az UEFI megjelen\u00e9se nem kev\u00e9s probl\u00e9m\u00e1t okozott a linuxos vil\u00e1g sz\u00e1m\u00e1ra. A cikk a megold\u00e1sokr\u00f3l sz\u00f3l.<\/p>\n","protected":false},"excerpt":{"rendered":"<p>Ez a leg\u00e1tfog\u00f3bb Linux-szal foglalkoz\u00f3 oldal. Sz\u00e1mos t\u00e1mogat\u00e1s \u00e9rhet\u0151 el innen, a legnagyobb disztrib\u00faci\u00f3k h\u00edrei, a Linuxot t\u00e1mogat\u00f3 hardver gy\u00e1rt\u00f3k inform\u00e1ci\u00f3i megtal\u00e1lhat\u00f3k itt. A GoboLinux \u00fajragondolja a Linux f\u00e1jlrendszer fel\u00e9p\u00edt\u00e9s\u00e9t\u00a0Jack Wallen cikke egy \u00e9rdekes disztrib\u00faci\u00f3r\u00f3l. B\u00e1r m\u00e1r \u00e9vek \u00f3ta l\u00e9tezik &hellip; <a href=\"http:\/\/pclos.janu.hu\/?page_id=1616\">Egy kattint\u00e1s ide a folytat\u00e1shoz&#8230;. <span class=\"meta-nav\">&rarr;<\/span><\/a><\/p>\n","protected":false},"author":1,"featured_media":0,"parent":334,"menu_order":0,"comment_status":"open","ping_status":"closed","template":"","meta":{"footnotes":""},"class_list":["post-1616","page","type-page","status-publish","hentry"],"_links":{"self":[{"href":"http:\/\/pclos.janu.hu\/index.php?rest_route=\/wp\/v2\/pages\/1616","targetHints":{"allow":["GET"]}}],"collection":[{"href":"http:\/\/pclos.janu.hu\/index.php?rest_route=\/wp\/v2\/pages"}],"about":[{"href":"http:\/\/pclos.janu.hu\/index.php?rest_route=\/wp\/v2\/types\/page"}],"author":[{"embeddable":true,"href":"http:\/\/pclos.janu.hu\/index.php?rest_route=\/wp\/v2\/users\/1"}],"replies":[{"embeddable":true,"href":"http:\/\/pclos.janu.hu\/index.php?rest_route=%2Fwp%2Fv2%2Fcomments&post=1616"}],"version-history":[{"count":6,"href":"http:\/\/pclos.janu.hu\/index.php?rest_route=\/wp\/v2\/pages\/1616\/revisions"}],"predecessor-version":[{"id":2406,"href":"http:\/\/pclos.janu.hu\/index.php?rest_route=\/wp\/v2\/pages\/1616\/revisions\/2406"}],"up":[{"embeddable":true,"href":"http:\/\/pclos.janu.hu\/index.php?rest_route=\/wp\/v2\/pages\/334"}],"wp:attachment":[{"href":"http:\/\/pclos.janu.hu\/index.php?rest_route=%2Fwp%2Fv2%2Fmedia&parent=1616"}],"curies":[{"name":"wp","href":"https:\/\/api.w.org\/{rel}","templated":true}]}}