{"id":1646,"date":"2015-08-05T20:24:45","date_gmt":"2015-08-05T18:24:45","guid":{"rendered":"http:\/\/pclos.janu.hu\/?page_id=1646"},"modified":"2015-08-06T07:32:27","modified_gmt":"2015-08-06T05:32:27","slug":"augusztus","status":"publish","type":"page","link":"http:\/\/pclos.janu.hu\/?page_id=1646","title":{"rendered":"augusztus"},"content":{"rendered":"<p>Az els\u0151 f\u00e9l\u00e9v cikkszeg\u00e9nys\u00e9g\u00e9hez k\u00e9pest most kifejezetten a b\u0151s\u00e9g zavar\u00e1val k\u00fcszk\u00f6dt\u00fcnk. A sz\u00f3 szoros \u00e9rtelm\u00e9be: melyik cikket hagyjuk ki? Hosszas tipr\u00f3d\u00e1s ut\u00e1n minden l\u00e9nyeges cikket felvett\u00fcnk a ford\u00edtand\u00f3k list\u00e1j\u00e1ra, \u00edgy igen terjedelmes lista tal\u00e1lhat\u00f3 ebben a h\u00f3napban:<\/p>\n<p><a href=\"http:\/\/pclos.janu.hu\/?p=1647\" target=\"_blank\">J\u00e1tssz Angry Birds-del PCLinuxOS alatt<\/a> Androidos j\u00e1t\u00e9k telep\u00edt\u00e9se PCLinuxOS al\u00e1.<\/p>\n<p><a href=\"http:\/\/pclos.janu.hu\/?p=1650\" target=\"_blank\">Inkscape oktat\u00f3: absztrakt tap\u00e9ta 2<\/a> \u00dajabb nonfigurat\u00edv tap\u00e9ta k\u00e9sz\u00edt\u00e9se <em>Inkscape<\/em>-pel.<\/p>\n<p><a href=\"http:\/\/pclos.janu.hu\/?p=1657\" target=\"_blank\">Inkscape oktat\u00f3: Narancs-dzs\u00faszos poh\u00e1r<\/a> M\u00e9g egy <em>Inkscape<\/em> megold\u00e1s<\/p>\n<p><a href=\"http:\/\/pclos.janu.hu\/?p=1662\" target=\"_blank\">K\u00e9sz\u00edts k\u00e9psorozatb\u00f3l filmet<\/a> Diavet\u00edt\u00e9s, mozg\u00f3k\u00e9p k\u00e9sz\u00edt\u00e9s a sz\u00e1m\u00edt\u00f3g\u00e9pen<\/p>\n<p><a href=\"http:\/\/pclos.janu.hu\/?p=1666\" target=\"_blank\">Tip Top Tips: Brother nyomtat\u00f3 telep\u00edt\u00e9se<\/a> Az e havi \u00f6tlet. Ezek a nyomtat\u00f3k el\u00e9g olcs\u00f3k ahhoz, hogy elterjed\u00e9s\u00fcknek jelent\u0151s akad\u00e1lya ne legyen. Ma m\u00e9g egyed t\u00edpusok meghajt\u00f3j\u00e1nak telep\u00edt\u00e9se nem egyszer\u0171. A cikk ehhez a t\u00e9m\u00e1hoz ny\u00fajt seg\u00edts\u00e9get.<\/p>\n<p><a href=\"http:\/\/pclos.janu.hu\/?p=1673\" target=\"_blank\">Saj\u00e1t chat-szoba PCLOS-Talk-ban Pidgin-nel<\/a> Ebb\u0151l a cikkb\u0151l kider\u00fcl, hogyan lehet a <em>pidgin<\/em>ben saj\u00e1t cseveg\u0151 szob\u00e1t l\u00e9trehozni, a partnereket megh\u00edvni.<\/p>\n<p><a href=\"http:\/\/pclos.janu.hu\/?p=1677\" target=\"_blank\">Csin\u00e1ld magad \u2013 internetes r\u00e1di\u00f3programok hallgat\u00e1sa<\/a> Egy okos \u2013 \u00e9s nem is r\u00f6vid \u2013 szkript az on-line r\u00e1d\u00f3hallgat\u00e1shoz.<\/p>\n","protected":false},"excerpt":{"rendered":"<p>Az els\u0151 f\u00e9l\u00e9v cikkszeg\u00e9nys\u00e9g\u00e9hez k\u00e9pest most kifejezetten a b\u0151s\u00e9g zavar\u00e1val k\u00fcszk\u00f6dt\u00fcnk. A sz\u00f3 szoros \u00e9rtelm\u00e9be: melyik cikket hagyjuk ki? Hosszas tipr\u00f3d\u00e1s ut\u00e1n minden l\u00e9nyeges cikket felvett\u00fcnk a ford\u00edtand\u00f3k list\u00e1j\u00e1ra, \u00edgy igen terjedelmes lista tal\u00e1lhat\u00f3 ebben a h\u00f3napban: J\u00e1tssz Angry Birds-del &hellip; <a href=\"http:\/\/pclos.janu.hu\/?page_id=1646\">Egy kattint\u00e1s ide a folytat\u00e1shoz&#8230;. <span class=\"meta-nav\">&rarr;<\/span><\/a><\/p>\n","protected":false},"author":1,"featured_media":0,"parent":1450,"menu_order":20,"comment_status":"open","ping_status":"closed","template":"","meta":{"footnotes":""},"class_list":["post-1646","page","type-page","status-publish","hentry"],"_links":{"self":[{"href":"http:\/\/pclos.janu.hu\/index.php?rest_route=\/wp\/v2\/pages\/1646","targetHints":{"allow":["GET"]}}],"collection":[{"href":"http:\/\/pclos.janu.hu\/index.php?rest_route=\/wp\/v2\/pages"}],"about":[{"href":"http:\/\/pclos.janu.hu\/index.php?rest_route=\/wp\/v2\/types\/page"}],"author":[{"embeddable":true,"href":"http:\/\/pclos.janu.hu\/index.php?rest_route=\/wp\/v2\/users\/1"}],"replies":[{"embeddable":true,"href":"http:\/\/pclos.janu.hu\/index.php?rest_route=%2Fwp%2Fv2%2Fcomments&post=1646"}],"version-history":[{"count":5,"href":"http:\/\/pclos.janu.hu\/index.php?rest_route=\/wp\/v2\/pages\/1646\/revisions"}],"predecessor-version":[{"id":1683,"href":"http:\/\/pclos.janu.hu\/index.php?rest_route=\/wp\/v2\/pages\/1646\/revisions\/1683"}],"up":[{"embeddable":true,"href":"http:\/\/pclos.janu.hu\/index.php?rest_route=\/wp\/v2\/pages\/1450"}],"wp:attachment":[{"href":"http:\/\/pclos.janu.hu\/index.php?rest_route=%2Fwp%2Fv2%2Fmedia&parent=1646"}],"curies":[{"name":"wp","href":"https:\/\/api.w.org\/{rel}","templated":true}]}}