{"id":1688,"date":"2015-09-05T08:16:10","date_gmt":"2015-09-05T06:16:10","guid":{"rendered":"http:\/\/pclos.janu.hu\/?page_id=1688"},"modified":"2015-09-05T08:23:11","modified_gmt":"2015-09-05T06:23:11","slug":"szeptember","status":"publish","type":"page","link":"http:\/\/pclos.janu.hu\/?page_id=1688","title":{"rendered":"szeptember"},"content":{"rendered":"<p align=\"justify\">Ez a h\u00f3nap is b\u0151velkedett \u00e9rdekesn\u00e9l \u00e9rdekesebb cikkekben. De most nem a nagyobb terjedelm\u0171, egyes programok haszn\u00e1lat\u00e1nak ismertet\u00e9se, vagy \u00e9ppen be\u00e1ll\u00edt\u00e1sa volt az \u00edr\u00e1s t\u00e1rgya, hanem r\u00f6videbben egy-egy megold\u00e1st, haszn\u00e1lati tippeket mutattak be.<\/p>\n<p align=\"justify\"><a href=\"http:\/\/pclos.janu.hu\/?p=1691\" target=\"_blank\">J\u00e1tsszunk Android Angry Birds-t PCLinuxOS-en<\/a> A m\u00falt havi cikk kieg\u00e9sz\u00edt\u00e9sek\u00e9nt <span style=\"color: #3333ff;\"><b>Ag<\/b><\/span><span style=\"color: #3333ff;\"><b>e<\/b><\/span><span style=\"color: #3333ff;\"><b>nt Smith<\/b><\/span> bemutat egy m\u00e1sik m\u00f3dszert Android-os alkalmaz\u00e1s futtat\u00e1s\u00e1ra.<\/p>\n<p align=\"justify\"><a href=\"http:\/\/pclos.janu.hu\/?p=1695\" target=\"_blank\">Titkos\u00edtott csevej a PCLOS-Talk szerver\u00e9n, Pidgin-nel<\/a> A mag\u00e1nszf\u00e9ra v\u00e9delme napjainkban egyre nagyobb hangs\u00falyt kap. <span style=\"color: #3333ff;\"><b>YuoCanToo<\/b><\/span> cikk\u00e9ben a Pidgin kommunik\u00e1ci\u00f3s alkalmaz\u00e1s titkos\u00edtott chat-el\u00e9s\u00e9nek egy m\u00f3dszer\u00e9t mutatja be.<\/p>\n<p align=\"justify\"><a href=\"http:\/\/pclos.janu.hu\/?p=1701\" target=\"_blank\">GIMP oktat\u00f3: graffiti sz\u00f6veg<\/a> <span style=\"color: #339966;\"><b>Meemaw<\/b><\/span> \u00fajabb cikk\u00e9ben egy graffiti-szer\u0171 felirat elk\u00e9sz\u00edt\u00e9s\u00e9t mutatja be.<\/p>\n<p align=\"justify\"><a href=\"http:\/\/pclos.janu.hu\/?p=1706\" target=\"_blank\">Inkscape oktat\u00f3: bubor\u00e9k k\u00e9sz\u00edt\u00e9se<\/a> Ez a r\u00f6vid cikk bemutatja, hogyan lehet \u00e9leth\u0171 bubor\u00e9kot rajzolni.<\/p>\n<p align=\"justify\"><a href=\"http:\/\/pclos.janu.hu\/?p=1710\" target=\"_blank\">A t\u00f6bbes X-Screen (k\u00e9perny\u0151) el\u0151nyei<\/a> Ebben a cikkben a t\u00f6bb fizikai k\u00e9perny\u0151s megjelen\u00edt\u00e9s be\u00e1ll\u00edt\u00e1s\u00e1t, alkalmaz\u00e1s\u00e1t ismerhetj\u00fck meg.<\/p>\n<p align=\"justify\"><a href=\"http:\/\/pclos.janu.hu\/?p=1715\" target=\"_blank\">Csod\u00e1s vide\u00f3 k\u00e9sz\u00edt\u00e9se OpenShot-tal<\/a> Tulajdonk\u00e9ppen nem is vide\u00f3, hanem magas sz\u00ednvonal\u00fa diavet\u00edt\u00e9s k\u00e9sz\u00edt\u00e9se.<\/p>\n<p align=\"justify\"><a href=\"http:\/\/pclos.janu.hu\/?p=1719\" target=\"_blank\">Tip Top Tips: szkript a whois adatb\u00e1zis lek\u00e9rdez\u00e9s\u00e9hez<\/a> Apr\u00f3 \u00f6tlet a whois adatb\u00e1zisb\u00f3l lek\u00e9rdezett adatok grafikus k\u00e9perny\u0151n megjelen\u00edt\u00e9s\u00e9re.<\/p>\n<p align=\"justify\"><a href=\"http:\/\/pclos.janu.hu\/?p=1722\" target=\"_blank\">HTPC: rendezd a zen\u00e9idet <em>Kodi<\/em>-val<\/a>, de r\u00e1di\u00f3t is hallgathatsz<\/p>\n<p align=\"justify\"><a href=\"http:\/\/pclos.janu.hu\/?p=1725\" target=\"_blank\">K\u00e9sz\u00edtsd el a saj\u00e1t PCLinuxOS-es trik\u00f3dat<\/a> term\u00e9szetesen olyan k\u00e9ppel, amit Te magad szerkesztett\u00e9l&#8230;<\/p>\n","protected":false},"excerpt":{"rendered":"<p>Ez a h\u00f3nap is b\u0151velkedett \u00e9rdekesn\u00e9l \u00e9rdekesebb cikkekben. De most nem a nagyobb terjedelm\u0171, egyes programok haszn\u00e1lat\u00e1nak ismertet\u00e9se, vagy \u00e9ppen be\u00e1ll\u00edt\u00e1sa volt az \u00edr\u00e1s t\u00e1rgya, hanem r\u00f6videbben egy-egy megold\u00e1st, haszn\u00e1lati tippeket mutattak be. J\u00e1tsszunk Android Angry Birds-t PCLinuxOS-en A m\u00falt &hellip; <a href=\"http:\/\/pclos.janu.hu\/?page_id=1688\">Egy kattint\u00e1s ide a folytat\u00e1shoz&#8230;. <span class=\"meta-nav\">&rarr;<\/span><\/a><\/p>\n","protected":false},"author":1,"featured_media":0,"parent":1450,"menu_order":15,"comment_status":"closed","ping_status":"closed","template":"","meta":{"footnotes":""},"class_list":["post-1688","page","type-page","status-publish","hentry"],"_links":{"self":[{"href":"http:\/\/pclos.janu.hu\/index.php?rest_route=\/wp\/v2\/pages\/1688","targetHints":{"allow":["GET"]}}],"collection":[{"href":"http:\/\/pclos.janu.hu\/index.php?rest_route=\/wp\/v2\/pages"}],"about":[{"href":"http:\/\/pclos.janu.hu\/index.php?rest_route=\/wp\/v2\/types\/page"}],"author":[{"embeddable":true,"href":"http:\/\/pclos.janu.hu\/index.php?rest_route=\/wp\/v2\/users\/1"}],"replies":[{"embeddable":true,"href":"http:\/\/pclos.janu.hu\/index.php?rest_route=%2Fwp%2Fv2%2Fcomments&post=1688"}],"version-history":[{"count":5,"href":"http:\/\/pclos.janu.hu\/index.php?rest_route=\/wp\/v2\/pages\/1688\/revisions"}],"predecessor-version":[{"id":1734,"href":"http:\/\/pclos.janu.hu\/index.php?rest_route=\/wp\/v2\/pages\/1688\/revisions\/1734"}],"up":[{"embeddable":true,"href":"http:\/\/pclos.janu.hu\/index.php?rest_route=\/wp\/v2\/pages\/1450"}],"wp:attachment":[{"href":"http:\/\/pclos.janu.hu\/index.php?rest_route=%2Fwp%2Fv2%2Fmedia&parent=1688"}],"curies":[{"name":"wp","href":"https:\/\/api.w.org\/{rel}","templated":true}]}}