{"id":1738,"date":"2015-10-19T05:08:08","date_gmt":"2015-10-19T03:08:08","guid":{"rendered":"http:\/\/pclos.janu.hu\/?page_id=1738"},"modified":"2015-10-19T05:08:35","modified_gmt":"2015-10-19T03:08:35","slug":"oktober","status":"publish","type":"page","link":"http:\/\/pclos.janu.hu\/?page_id=1738","title":{"rendered":"okt\u00f3ber"},"content":{"rendered":"<p align=\"justify\">\u00dajabb h\u00f3nap telt el, \u00e9s ism\u00e9t \u00e9rdekes cikkekkel \u00f6rvendeztetett meg benn\u00fcnket a Magazine szerkeszt\u0151s\u00e9ge:<\/p>\n<p align=\"justify\"><a href=\"http:\/\/pclos.janu.hu\/?p=1739\" target=\"_blank\">T\u00f6bb parancssori ablak GNU Screen-nel<\/a>: a Linux egyik gy el\u0151nye a t\u00f6bb feladat egyidej\u0171 futtat\u00e1s\u00e1nak lehet\u0151s\u00e9ge. Most a parancssori egyik lehet\u0151s\u00e9ggel ismerked\u00fcnk meg.<\/p>\n<p align=\"justify\"><a href=\"http:\/\/pclos.janu.hu\/?p=1743\" target=\"_blank\">HTPC: vide\u00f3k \u00e9s filmek n\u00e9z\u00e9se Kodi-val<\/a>: j\u00f3 sz\u00f3rakoz\u00e1s a TV-n n\u00e9zni a sz\u00e1m\u00edt\u00f3g\u00e9pen \u201evet\u00edtett\u201d filmeket, vagy \u00e9ppen zen\u00e9t hallgatni. Ma m\u00e1r egyes TV ad\u00e1sokat az interneten is el lehet \u00e9rni. Err\u0151l (is) sz\u00f3l <span style=\"color: #800000;\"><strong>parnote<\/strong><\/span> cikke.<\/p>\n<p align=\"justify\"><a href=\"http:\/\/pclos.janu.hu\/?p=1747\" target=\"_blank\">Inkscape oktat\u00f3: hat hasznos Inkscape tr\u00fckk<\/a>: a sorozat \u00fajabb tagj\u00e1ban n\u00e9h\u00e1ny igen hasznos lehet\u0151s\u00e9get ismerhet\u00fcnk meg.<\/p>\n<p align=\"justify\"><a href=\"http:\/\/pclos.janu.hu\/?p=1750\" target=\"_blank\">Tip Top Tips: SketchUpMake 2015 PCLOS64-re<\/a>: egy tervez\u0151, modellez\u0151 program nagyon sokat tud. Sajn\u00e1latos, hogy j\u00f3 r\u00e9sz\u00fck csak m\u00e1s oper\u00e1ci\u00f3s rendszeren futtathat\u00f3. Ez a cikk egy p\u00e9ld\u00e1val szolg\u00e1l arra, hogy a <em>Linux<\/em> lehet\u0151s\u00e9geivel hogyan lehet \u201emunk\u00e1ra b\u00edrni\u201d ezeket az alkalmaz\u00e1sokat.<\/p>\n<p align=\"justify\"><a href=\"http:\/\/pclos.janu.hu\/?p=1753\" target=\"_blank\">HTPC:Netflix telep\u00edt\u00e9se a Kodi-ra<\/a>: a Kodi lehet\u0151s\u00e9g\u00e9nek kiterjeszt\u00e9s\u00e9vel kapcsolatos cikk kev\u00e9s sz\u00f6veggel, sok k\u00e9ppel.<\/p>\n","protected":false},"excerpt":{"rendered":"<p>\u00dajabb h\u00f3nap telt el, \u00e9s ism\u00e9t \u00e9rdekes cikkekkel \u00f6rvendeztetett meg benn\u00fcnket a Magazine szerkeszt\u0151s\u00e9ge: T\u00f6bb parancssori ablak GNU Screen-nel: a Linux egyik gy el\u0151nye a t\u00f6bb feladat egyidej\u0171 futtat\u00e1s\u00e1nak lehet\u0151s\u00e9ge. Most a parancssori egyik lehet\u0151s\u00e9ggel ismerked\u00fcnk meg. HTPC: vide\u00f3k \u00e9s &hellip; <a href=\"http:\/\/pclos.janu.hu\/?page_id=1738\">Egy kattint\u00e1s ide a folytat\u00e1shoz&#8230;. <span class=\"meta-nav\">&rarr;<\/span><\/a><\/p>\n","protected":false},"author":1,"featured_media":0,"parent":1450,"menu_order":10,"comment_status":"closed","ping_status":"closed","template":"","meta":{"footnotes":""},"class_list":["post-1738","page","type-page","status-publish","hentry"],"_links":{"self":[{"href":"http:\/\/pclos.janu.hu\/index.php?rest_route=\/wp\/v2\/pages\/1738","targetHints":{"allow":["GET"]}}],"collection":[{"href":"http:\/\/pclos.janu.hu\/index.php?rest_route=\/wp\/v2\/pages"}],"about":[{"href":"http:\/\/pclos.janu.hu\/index.php?rest_route=\/wp\/v2\/types\/page"}],"author":[{"embeddable":true,"href":"http:\/\/pclos.janu.hu\/index.php?rest_route=\/wp\/v2\/users\/1"}],"replies":[{"embeddable":true,"href":"http:\/\/pclos.janu.hu\/index.php?rest_route=%2Fwp%2Fv2%2Fcomments&post=1738"}],"version-history":[{"count":2,"href":"http:\/\/pclos.janu.hu\/index.php?rest_route=\/wp\/v2\/pages\/1738\/revisions"}],"predecessor-version":[{"id":1758,"href":"http:\/\/pclos.janu.hu\/index.php?rest_route=\/wp\/v2\/pages\/1738\/revisions\/1758"}],"up":[{"embeddable":true,"href":"http:\/\/pclos.janu.hu\/index.php?rest_route=\/wp\/v2\/pages\/1450"}],"wp:attachment":[{"href":"http:\/\/pclos.janu.hu\/index.php?rest_route=%2Fwp%2Fv2%2Fmedia&parent=1738"}],"curies":[{"name":"wp","href":"https:\/\/api.w.org\/{rel}","templated":true}]}}