{"id":1760,"date":"2015-11-06T08:11:33","date_gmt":"2015-11-06T07:11:33","guid":{"rendered":"http:\/\/pclos.janu.hu\/?page_id=1760"},"modified":"2015-11-06T09:27:50","modified_gmt":"2015-11-06T08:27:50","slug":"november","status":"publish","type":"page","link":"http:\/\/pclos.janu.hu\/?page_id=1760","title":{"rendered":"november"},"content":{"rendered":"<p>Ebben a h\u00f3napban folytat\u00f3dnak a sorozatok, emellett kor\u00e1bbi cikkekhez kieg\u00e9sz\u00edt\u00e9seket, alternat\u00edv megold\u00e1sokat olvashatunk.<\/p>\n<p align=\"justify\"><span style=\"font-size: medium;\"><a href=\"http:\/\/pclos.janu.hu\/?p=1762\" target=\"_blank\">Inkscape oktat\u00f3: bros\u00fara k\u00e9sz\u00edt\u00e9se<\/a>\u00a0Inkscape-pel is lehet mutat\u00f3s kiadv\u00e1nyt k\u00e9sz\u00edteni!<\/span><\/p>\n<p align=\"justify\"><span style=\"font-size: medium;\"><a href=\"http:\/\/pclos.janu.hu\/?p=1769\" target=\"_blank\">A Kodi futtat\u00e1sa \u00f6n\u00e1ll\u00f3 k\u00f6rnyezetben<\/a>\u00a0gyenge, m\u00e1r elavult g\u00e9pet lehet \u00fajrahasznos\u00edtani ezzel a megold\u00e1ssal: semmi m\u00e1s nem fut a g\u00e9pen, mint a <em>Kodi<\/em><\/span><\/p>\n<p align=\"justify\"><span style=\"font-size: medium;\"><a href=\"http:\/\/pclos.janu.hu\/?p=1773\" target=\"_blank\">Tip Top Tips: k\u00e9sz\u00edts t\u00e1lcabez\u00e1r\u00f3 ikont az asztalra<\/a>| Egyszer\u0171bben lehet kezelni a CD\/DVD t\u00e1lc\u00e1t.<\/span><\/p>\n<p><a href=\"http:\/\/pclos.janu.hu\/?p=1777\" target=\"_blank\">T\u00f6bb parancssori ablak haszn\u00e1lata Tmux-szal<\/a> A m\u00falt havi sz\u00e1mban ismertetett Screen egy alternat\u00edv\u00e1ja<\/p>\n<p align=\"justify\"><span style=\"font-size: medium;\"><a href=\"http:\/\/pclos.janu.hu\/?p=1780\" target=\"_blank\">GIMP oktat\u00f3: f\u00e9nyk\u00e9p sz\u00edneinek jav\u00edt\u00e1sa szintek \u00e1ll\u00edt\u00e1s\u00e1val<\/a>\u00a0R\u00e9gi k\u00e9pek feljav\u00edt\u00e1sa k\u00e9tf\u00e9le m\u00f3don is<\/span><\/p>\n<p><a href=\"http:\/\/pclos.janu.hu\/?p=1783\" target=\"_blank\">Adathal\u00e1sz e-mail felismer\u00e9se (kivonat)<\/a> <span style=\"color: #800000;\"><strong>parnote<\/strong><\/span> hosszabb cikk\u00e9nek \u00f6sszefoglal\u00f3ja az adathal\u00e1sz \u00fczenetek jellemz\u0151ir\u0151l<\/p>\n","protected":false},"excerpt":{"rendered":"<p>Ebben a h\u00f3napban folytat\u00f3dnak a sorozatok, emellett kor\u00e1bbi cikkekhez kieg\u00e9sz\u00edt\u00e9seket, alternat\u00edv megold\u00e1sokat olvashatunk. Inkscape oktat\u00f3: bros\u00fara k\u00e9sz\u00edt\u00e9se\u00a0Inkscape-pel is lehet mutat\u00f3s kiadv\u00e1nyt k\u00e9sz\u00edteni! A Kodi futtat\u00e1sa \u00f6n\u00e1ll\u00f3 k\u00f6rnyezetben\u00a0gyenge, m\u00e1r elavult g\u00e9pet lehet \u00fajrahasznos\u00edtani ezzel a megold\u00e1ssal: semmi m\u00e1s nem fut a &hellip; <a href=\"http:\/\/pclos.janu.hu\/?page_id=1760\">Egy kattint\u00e1s ide a folytat\u00e1shoz&#8230;. <span class=\"meta-nav\">&rarr;<\/span><\/a><\/p>\n","protected":false},"author":1,"featured_media":0,"parent":1450,"menu_order":5,"comment_status":"closed","ping_status":"closed","template":"","meta":{"footnotes":""},"class_list":["post-1760","page","type-page","status-publish","hentry"],"_links":{"self":[{"href":"http:\/\/pclos.janu.hu\/index.php?rest_route=\/wp\/v2\/pages\/1760","targetHints":{"allow":["GET"]}}],"collection":[{"href":"http:\/\/pclos.janu.hu\/index.php?rest_route=\/wp\/v2\/pages"}],"about":[{"href":"http:\/\/pclos.janu.hu\/index.php?rest_route=\/wp\/v2\/types\/page"}],"author":[{"embeddable":true,"href":"http:\/\/pclos.janu.hu\/index.php?rest_route=\/wp\/v2\/users\/1"}],"replies":[{"embeddable":true,"href":"http:\/\/pclos.janu.hu\/index.php?rest_route=%2Fwp%2Fv2%2Fcomments&post=1760"}],"version-history":[{"count":4,"href":"http:\/\/pclos.janu.hu\/index.php?rest_route=\/wp\/v2\/pages\/1760\/revisions"}],"predecessor-version":[{"id":1786,"href":"http:\/\/pclos.janu.hu\/index.php?rest_route=\/wp\/v2\/pages\/1760\/revisions\/1786"}],"up":[{"embeddable":true,"href":"http:\/\/pclos.janu.hu\/index.php?rest_route=\/wp\/v2\/pages\/1450"}],"wp:attachment":[{"href":"http:\/\/pclos.janu.hu\/index.php?rest_route=%2Fwp%2Fv2%2Fmedia&parent=1760"}],"curies":[{"name":"wp","href":"https:\/\/api.w.org\/{rel}","templated":true}]}}