{"id":1848,"date":"2016-01-06T06:38:51","date_gmt":"2016-01-06T05:38:51","guid":{"rendered":"http:\/\/pclos.janu.hu\/?page_id=1848"},"modified":"2016-01-06T07:27:37","modified_gmt":"2016-01-06T06:27:37","slug":"januar","status":"publish","type":"page","link":"http:\/\/pclos.janu.hu\/?page_id=1848","title":{"rendered":"janu\u00e1r"},"content":{"rendered":"<p>Kedvenc Magazinunk lend\u00fclete az \u00faj\u00e9vre sem cs\u00f6kkent. Ism\u00e9t j\u00f3 n\u00e9h\u00e1ny \u00e9rdekes cikk jelent meg. Igyekezt\u00fcnk az eredeti megjelen\u00e9s\u00e9hez min\u00e9l hamarabb a ford\u00edt\u00e1sokat k\u00f6zreadni.<\/p>\n<p><a href=\"http:\/\/pclos.janu.hu\/?p=1849\" target=\"_blank\">PCLinuxOS ment\u00e9si strat\u00e9gi\u00e1k<\/a> csak egyszer l\u00e9pjen bele (term\u00e9szetesen m\u00e1s) a s\u00e1rba, megtanuljuk, hogy milyen fontos a ment\u00e9s. Ebben a cikkben egyes ment\u00e9si strat\u00e9gi\u00e1kat ismertet <strong><span style=\"color: #0000ff;\">critter<\/span><\/strong>.<\/p>\n<p><a href=\"http:\/\/pclos.janu.hu\/?p=1853\" target=\"_blank\">T\u00f6lts le teljes weboldalt wget-tel<\/a> n\u00e9ha j\u00f3 lenne egy teljes oldalt a helyi t\u00e1rol\u00f3ra menteni ak\u00e1r adattartalma, ak\u00e1r \u00e9rdekess\u00e9ge miatt. <strong><span style=\"color: #993300;\">parnote<\/span><\/strong> cikke bemutatja a <em>wget<\/em>-et.<\/p>\n<p><a href=\"http:\/\/pclos.janu.hu\/?p=1859\" target=\"_blank\">GIMP oktat\u00f3: fot\u00f3 \u00e1talak\u00edt\u00e1sa v\u00e1zlatt\u00e1<\/a> Saj\u00e1t fot\u00f3inkb\u00f3l csin\u00e1ljunk kifest\u0151 k\u00e9pet \ud83d\ude42<\/p>\n<p><a href=\"http:\/\/pclos.janu.hu\/?p=1864\" target=\"_blank\">Tip Top Tips: Slimjet adatv\u00e9delem jav\u00edt\u00e1sa<\/a> a <em>slimjet<\/em> b\u00f6ng\u00e9sz\u0151 alapbe\u00e1ll\u00edt\u00e1s\u00e1nak kijav\u00edt\u00e1sa, hogy ne l\u00e1ssa \u201ea Nagy Testv\u00e9r\u201d, mit szoktunk n\u00e9zegetni&#8230;<\/p>\n<p><a href=\"http:\/\/pclos.janu.hu\/?p=1868\" target=\"_blank\">Youtube vide\u00f3k hangprobl\u00e9m\u00e1j\u00e1nak megold\u00e1sa PCLinuxOS alatt<\/a> ha nem sz\u00f3l a sz\u00e1m\u00edt\u00f3g\u00e9p&#8230; megoldhat\u00f3 a hang probl\u00e9ma, ez a cikk err\u0151l \u00edr.<\/p>\n","protected":false},"excerpt":{"rendered":"<p>Kedvenc Magazinunk lend\u00fclete az \u00faj\u00e9vre sem cs\u00f6kkent. Ism\u00e9t j\u00f3 n\u00e9h\u00e1ny \u00e9rdekes cikk jelent meg. Igyekezt\u00fcnk az eredeti megjelen\u00e9s\u00e9hez min\u00e9l hamarabb a ford\u00edt\u00e1sokat k\u00f6zreadni. PCLinuxOS ment\u00e9si strat\u00e9gi\u00e1k csak egyszer l\u00e9pjen bele (term\u00e9szetesen m\u00e1s) a s\u00e1rba, megtanuljuk, hogy milyen fontos a ment\u00e9s. &hellip; <a href=\"http:\/\/pclos.janu.hu\/?page_id=1848\">Egy kattint\u00e1s ide a folytat\u00e1shoz&#8230;. <span class=\"meta-nav\">&rarr;<\/span><\/a><\/p>\n","protected":false},"author":1,"featured_media":0,"parent":1846,"menu_order":55,"comment_status":"closed","ping_status":"closed","template":"","meta":{"footnotes":""},"class_list":["post-1848","page","type-page","status-publish","hentry"],"_links":{"self":[{"href":"http:\/\/pclos.janu.hu\/index.php?rest_route=\/wp\/v2\/pages\/1848","targetHints":{"allow":["GET"]}}],"collection":[{"href":"http:\/\/pclos.janu.hu\/index.php?rest_route=\/wp\/v2\/pages"}],"about":[{"href":"http:\/\/pclos.janu.hu\/index.php?rest_route=\/wp\/v2\/types\/page"}],"author":[{"embeddable":true,"href":"http:\/\/pclos.janu.hu\/index.php?rest_route=\/wp\/v2\/users\/1"}],"replies":[{"embeddable":true,"href":"http:\/\/pclos.janu.hu\/index.php?rest_route=%2Fwp%2Fv2%2Fcomments&post=1848"}],"version-history":[{"count":5,"href":"http:\/\/pclos.janu.hu\/index.php?rest_route=\/wp\/v2\/pages\/1848\/revisions"}],"predecessor-version":[{"id":1873,"href":"http:\/\/pclos.janu.hu\/index.php?rest_route=\/wp\/v2\/pages\/1848\/revisions\/1873"}],"up":[{"embeddable":true,"href":"http:\/\/pclos.janu.hu\/index.php?rest_route=\/wp\/v2\/pages\/1846"}],"wp:attachment":[{"href":"http:\/\/pclos.janu.hu\/index.php?rest_route=%2Fwp%2Fv2%2Fmedia&parent=1848"}],"curies":[{"name":"wp","href":"https:\/\/api.w.org\/{rel}","templated":true}]}}