{"id":185,"date":"2013-10-22T07:22:21","date_gmt":"2013-10-22T05:22:21","guid":{"rendered":"http:\/\/pclos.janu.hu\/?page_id=185"},"modified":"2017-01-04T07:34:15","modified_gmt":"2017-01-04T06:34:15","slug":"2010-2","status":"publish","type":"page","link":"http:\/\/pclos.janu.hu\/?page_id=185","title":{"rendered":"2010"},"content":{"rendered":"<p>Egyre t\u00f6bb\u00a0<strong><span style=\"color: #0000ff;\">PCLinuxOS<\/span><\/strong> felhaszn\u00e1l\u00f3 van.\u00a0<strong><span style=\"color: #993300;\">texstar<\/span><\/strong> m\u00e1r a 64 bites v\u00e1ltozattal k\u00eds\u00e9rteletezett.<\/p>\n","protected":false},"excerpt":{"rendered":"<p>Egyre t\u00f6bb\u00a0PCLinuxOS felhaszn\u00e1l\u00f3 van.\u00a0texstar m\u00e1r a 64 bites v\u00e1ltozattal k\u00eds\u00e9rteletezett.<\/p>\n","protected":false},"author":1,"featured_media":0,"parent":2206,"menu_order":50,"comment_status":"open","ping_status":"closed","template":"","meta":{"footnotes":""},"class_list":["post-185","page","type-page","status-publish","hentry"],"_links":{"self":[{"href":"http:\/\/pclos.janu.hu\/index.php?rest_route=\/wp\/v2\/pages\/185","targetHints":{"allow":["GET"]}}],"collection":[{"href":"http:\/\/pclos.janu.hu\/index.php?rest_route=\/wp\/v2\/pages"}],"about":[{"href":"http:\/\/pclos.janu.hu\/index.php?rest_route=\/wp\/v2\/types\/page"}],"author":[{"embeddable":true,"href":"http:\/\/pclos.janu.hu\/index.php?rest_route=\/wp\/v2\/users\/1"}],"replies":[{"embeddable":true,"href":"http:\/\/pclos.janu.hu\/index.php?rest_route=%2Fwp%2Fv2%2Fcomments&post=185"}],"version-history":[{"count":1,"href":"http:\/\/pclos.janu.hu\/index.php?rest_route=\/wp\/v2\/pages\/185\/revisions"}],"predecessor-version":[{"id":186,"href":"http:\/\/pclos.janu.hu\/index.php?rest_route=\/wp\/v2\/pages\/185\/revisions\/186"}],"up":[{"embeddable":true,"href":"http:\/\/pclos.janu.hu\/index.php?rest_route=\/wp\/v2\/pages\/2206"}],"wp:attachment":[{"href":"http:\/\/pclos.janu.hu\/index.php?rest_route=%2Fwp%2Fv2%2Fmedia&parent=185"}],"curies":[{"name":"wp","href":"https:\/\/api.w.org\/{rel}","templated":true}]}}