{"id":189,"date":"2013-10-22T07:30:15","date_gmt":"2013-10-22T05:30:15","guid":{"rendered":"http:\/\/pclos.janu.hu\/?page_id=189"},"modified":"2013-10-23T17:57:10","modified_gmt":"2013-10-23T15:57:10","slug":"januar","status":"publish","type":"page","link":"http:\/\/pclos.janu.hu\/?page_id=189","title":{"rendered":"janu\u00e1r"},"content":{"rendered":"<p><span style=\"font-size: large;\"><a title=\"kieg\u00e9sz\u00edt\u00e9s\" href=\"http:\/\/pclos.janu.hu\/?p=191\" target=\"_blank\">Filmek archiv\u00e1l\u00e1sa DVD::RIP-pel \u2013 kieg\u00e9sz\u00edt\u00e9s<\/a>\u00a0<\/span>A <a title=\"Filek archiv\u00e1l\u00e1sa\" href=\"http:\/\/pclos.janu.hu\/?p=159%20K\" target=\"_blank\">2009. szeptemberi cikk<\/a>hez \u00edrt\u00a0<span style=\"color: #0000ff;\"><strong>malc<\/strong><\/span> egy r\u00f6vid cikket, amiben az ott l\u00edrtakat eg\u00e9sz\u00edti ki.<\/p>\n","protected":false},"excerpt":{"rendered":"<p>Filmek archiv\u00e1l\u00e1sa DVD::RIP-pel \u2013 kieg\u00e9sz\u00edt\u00e9s\u00a0A 2009. szeptemberi cikkhez \u00edrt\u00a0malc egy r\u00f6vid cikket, amiben az ott l\u00edrtakat eg\u00e9sz\u00edti ki.<\/p>\n","protected":false},"author":1,"featured_media":0,"parent":185,"menu_order":55,"comment_status":"open","ping_status":"closed","template":"","meta":{"footnotes":""},"class_list":["post-189","page","type-page","status-publish","hentry"],"_links":{"self":[{"href":"http:\/\/pclos.janu.hu\/index.php?rest_route=\/wp\/v2\/pages\/189","targetHints":{"allow":["GET"]}}],"collection":[{"href":"http:\/\/pclos.janu.hu\/index.php?rest_route=\/wp\/v2\/pages"}],"about":[{"href":"http:\/\/pclos.janu.hu\/index.php?rest_route=\/wp\/v2\/types\/page"}],"author":[{"embeddable":true,"href":"http:\/\/pclos.janu.hu\/index.php?rest_route=\/wp\/v2\/users\/1"}],"replies":[{"embeddable":true,"href":"http:\/\/pclos.janu.hu\/index.php?rest_route=%2Fwp%2Fv2%2Fcomments&post=189"}],"version-history":[{"count":4,"href":"http:\/\/pclos.janu.hu\/index.php?rest_route=\/wp\/v2\/pages\/189\/revisions"}],"predecessor-version":[{"id":365,"href":"http:\/\/pclos.janu.hu\/index.php?rest_route=\/wp\/v2\/pages\/189\/revisions\/365"}],"up":[{"embeddable":true,"href":"http:\/\/pclos.janu.hu\/index.php?rest_route=\/wp\/v2\/pages\/185"}],"wp:attachment":[{"href":"http:\/\/pclos.janu.hu\/index.php?rest_route=%2Fwp%2Fv2%2Fmedia&parent=189"}],"curies":[{"name":"wp","href":"https:\/\/api.w.org\/{rel}","templated":true}]}}