{"id":1909,"date":"2016-03-04T05:46:14","date_gmt":"2016-03-04T04:46:14","guid":{"rendered":"http:\/\/pclos.janu.hu\/?page_id=1909"},"modified":"2016-03-04T05:46:14","modified_gmt":"2016-03-04T04:46:14","slug":"marcius","status":"publish","type":"page","link":"http:\/\/pclos.janu.hu\/?page_id=1909","title":{"rendered":"m\u00e1rcius"},"content":{"rendered":"<p>\u00dagy l\u00e1tszik, ebben a h\u00f3napban a <span style=\"color: #3366ff;\"><strong>Magazine<\/strong><\/span> szerz\u0151i nem nagyon szorgoskodtak, mert a kor\u00e1bbi n\u00e9h\u00e1ny h\u00f3nap b\u0151vebb term\u00e9s\u00e9hez k\u00e9pest el\u00e9g szeg\u00e9nyes a v\u00e1laszt\u00e9k. De az\u00e9rt akadt eml\u00edt\u00e9sre m\u00e9lt\u00f3 cikk:<\/p>\n<p><a href=\"http:\/\/pclos.janu.hu\/?p=1910\" target=\"_blank\">T\u00f6r\u00f6lt f\u00e1jlok vissza\u00e1ll\u00edt\u00e1sa<\/a> Ha egyszer kit\u00f6r\u00f6lt\u00fcnk valami fontos f\u00e1jlt, programot, l\u00e1tsz\u00f3lag j\u00f3v\u00e1tehetetlen dolgot cselekedt\u00fcnk, Vagy m\u00e9gsem? Err\u0151l sz\u00f3l <strong><span style=\"color: #800000;\">parnote<\/span><\/strong> cikke.<\/p>\n<p><a href=\"http:\/\/pclos.janu.hu\/?p=1915\" target=\"_blank\">LibreOffice 5.1: \u00faj tulajdons\u00e1gok, gyorsabb bet\u00f6lt\u00e9s<\/a> A szabad szoftveres irodai programcsomag fejleszt\u00e9se \u00faj \u00e1llom\u00e1shoz \u00e9rkezett: sz\u00e1mos technikai \u00faj megold\u00e1s mellett a felhaszn\u00e1l\u00f3i fel\u00fclet is \u00faj funkci\u00f3kkal b\u0151v\u00fclt.<\/p>\n<p><a href=\"http:\/\/pclos.janu.hu\/?p=1918\" target=\"_blank\">Tip Top Tips: \u00faj Flash Player telep\u00edt\u00e9se r\u00e9gi g\u00e9pre \u00e9s CPU-hoz<\/a> Nemcsak a fejleszt\u0151k, hanem a f\u00f3rumoz\u00f3k is igyekeznek \u00fajat adni a k\u00f6z\u00f6ss\u00e9gnek. Ebben a h\u00f3napban a r\u00e9gi elavult hardver \u00fajrahasznos\u00edt\u00e1s\u00e1nak egy kieg\u00e9sz\u00edt\u0151 m\u00f3dj\u00e1r\u00f3l jelent meg egy cikk.<\/p>\n<p><a href=\"http:\/\/pclos.janu.hu\/?p=1921\" target=\"_blank\">GIMP oktat\u00f3: kiemelked\u0151 sz\u00f6veg<\/a> Ebben a h\u00f3napban a tetszet\u0151s dombor\u00edtott sz\u00f6veg elk\u00e9sz\u00edt\u00e9s\u00e9nek m\u00f3dj\u00e1t ismerhetj\u00fck meg.<\/p>\n","protected":false},"excerpt":{"rendered":"<p>\u00dagy l\u00e1tszik, ebben a h\u00f3napban a Magazine szerz\u0151i nem nagyon szorgoskodtak, mert a kor\u00e1bbi n\u00e9h\u00e1ny h\u00f3nap b\u0151vebb term\u00e9s\u00e9hez k\u00e9pest el\u00e9g szeg\u00e9nyes a v\u00e1laszt\u00e9k. De az\u00e9rt akadt eml\u00edt\u00e9sre m\u00e9lt\u00f3 cikk: T\u00f6r\u00f6lt f\u00e1jlok vissza\u00e1ll\u00edt\u00e1sa Ha egyszer kit\u00f6r\u00f6lt\u00fcnk valami fontos f\u00e1jlt, programot, l\u00e1tsz\u00f3lag &hellip; <a href=\"http:\/\/pclos.janu.hu\/?page_id=1909\">Egy kattint\u00e1s ide a folytat\u00e1shoz&#8230;. <span class=\"meta-nav\">&rarr;<\/span><\/a><\/p>\n","protected":false},"author":1,"featured_media":0,"parent":1846,"menu_order":45,"comment_status":"closed","ping_status":"closed","template":"","meta":{"footnotes":""},"class_list":["post-1909","page","type-page","status-publish","hentry"],"_links":{"self":[{"href":"http:\/\/pclos.janu.hu\/index.php?rest_route=\/wp\/v2\/pages\/1909","targetHints":{"allow":["GET"]}}],"collection":[{"href":"http:\/\/pclos.janu.hu\/index.php?rest_route=\/wp\/v2\/pages"}],"about":[{"href":"http:\/\/pclos.janu.hu\/index.php?rest_route=\/wp\/v2\/types\/page"}],"author":[{"embeddable":true,"href":"http:\/\/pclos.janu.hu\/index.php?rest_route=\/wp\/v2\/users\/1"}],"replies":[{"embeddable":true,"href":"http:\/\/pclos.janu.hu\/index.php?rest_route=%2Fwp%2Fv2%2Fcomments&post=1909"}],"version-history":[{"count":1,"href":"http:\/\/pclos.janu.hu\/index.php?rest_route=\/wp\/v2\/pages\/1909\/revisions"}],"predecessor-version":[{"id":1924,"href":"http:\/\/pclos.janu.hu\/index.php?rest_route=\/wp\/v2\/pages\/1909\/revisions\/1924"}],"up":[{"embeddable":true,"href":"http:\/\/pclos.janu.hu\/index.php?rest_route=\/wp\/v2\/pages\/1846"}],"wp:attachment":[{"href":"http:\/\/pclos.janu.hu\/index.php?rest_route=%2Fwp%2Fv2%2Fmedia&parent=1909"}],"curies":[{"name":"wp","href":"https:\/\/api.w.org\/{rel}","templated":true}]}}