{"id":1960,"date":"2016-05-09T05:52:45","date_gmt":"2016-05-09T03:52:45","guid":{"rendered":"http:\/\/pclos.janu.hu\/?page_id=1960"},"modified":"2016-05-09T05:52:45","modified_gmt":"2016-05-09T03:52:45","slug":"majus","status":"publish","type":"page","link":"http:\/\/pclos.janu.hu\/?page_id=1960","title":{"rendered":"m\u00e1jus"},"content":{"rendered":"<p>A kor\u00e1bbi h\u00f3napok b\u0151s\u00e9ges cikk \u00e1radat\u00e1hoz k\u00e9pest a m\u00e1jus nem hozott nagy term\u00e9st. A felhaszn\u00e1l\u00f3i programok ter\u00fclet\u00e9n jelent meg n\u00e9h\u00e1ny \u00e9rdekes cikk:<!--more--><\/p>\n<p><a href=\"http:\/\/pclos.janu.hu\/?p=1962\" target=\"_blank\">GIMP oktat\u00f3: hajtogatott t\u00e9rk\u00e9p k\u00e9sz\u00edt\u00e9se<\/a> ink\u00e1bb csak \u00e9rdekess\u00e9g, mint hasznoss\u00e1g, b\u00e1r k\u00e9ts\u00e9gtelen\u00fcl j\u00f3l n\u00e9z ki.<\/p>\n<p><a href=\"http:\/\/pclos.janu.hu\/?p=1965\" target=\"_blank\">Tip Top Tips: friss\u00edtsd a BIOS-t egyszer\u0171en<\/a> r\u00e9gebben ez egy embert pr\u00f3b\u00e1l\u00f3 feladat volt. \u00c9rdemes a cikket v\u00e9gigolvasni, mert ma m\u00e1r egyszer\u0171 eszk\u00f6z\u00f6kkel elv\u00e9gezhet\u0151 a feladat.<\/p>\n<p><a href=\"http:\/\/pclos.janu.hu\/?p=1968\" target=\"_blank\">Kezeld a gy\u0171jtem\u00e9nyeidet Data Crow-val<\/a> az \u00e1tlagos felhaszn\u00e1l\u00f3 a sz\u00e1m\u00edt\u00f3g\u00e9p\u00e9t mindennapos sz\u00f3rakoztat\u00e1sra is haszn\u00e1lja. A programmal a vide\u00f3- \u00e9s hangf\u00e1jlokat lehet rendszerezni, katalogiz\u00e1lni.<\/p>\n","protected":false},"excerpt":{"rendered":"<p>A kor\u00e1bbi h\u00f3napok b\u0151s\u00e9ges cikk \u00e1radat\u00e1hoz k\u00e9pest a m\u00e1jus nem hozott nagy term\u00e9st. A felhaszn\u00e1l\u00f3i programok ter\u00fclet\u00e9n jelent meg n\u00e9h\u00e1ny \u00e9rdekes cikk:<\/p>\n","protected":false},"author":1,"featured_media":0,"parent":1846,"menu_order":35,"comment_status":"closed","ping_status":"closed","template":"","meta":{"footnotes":""},"class_list":["post-1960","page","type-page","status-publish","hentry"],"_links":{"self":[{"href":"http:\/\/pclos.janu.hu\/index.php?rest_route=\/wp\/v2\/pages\/1960","targetHints":{"allow":["GET"]}}],"collection":[{"href":"http:\/\/pclos.janu.hu\/index.php?rest_route=\/wp\/v2\/pages"}],"about":[{"href":"http:\/\/pclos.janu.hu\/index.php?rest_route=\/wp\/v2\/types\/page"}],"author":[{"embeddable":true,"href":"http:\/\/pclos.janu.hu\/index.php?rest_route=\/wp\/v2\/users\/1"}],"replies":[{"embeddable":true,"href":"http:\/\/pclos.janu.hu\/index.php?rest_route=%2Fwp%2Fv2%2Fcomments&post=1960"}],"version-history":[{"count":2,"href":"http:\/\/pclos.janu.hu\/index.php?rest_route=\/wp\/v2\/pages\/1960\/revisions"}],"predecessor-version":[{"id":1971,"href":"http:\/\/pclos.janu.hu\/index.php?rest_route=\/wp\/v2\/pages\/1960\/revisions\/1971"}],"up":[{"embeddable":true,"href":"http:\/\/pclos.janu.hu\/index.php?rest_route=\/wp\/v2\/pages\/1846"}],"wp:attachment":[{"href":"http:\/\/pclos.janu.hu\/index.php?rest_route=%2Fwp%2Fv2%2Fmedia&parent=1960"}],"curies":[{"name":"wp","href":"https:\/\/api.w.org\/{rel}","templated":true}]}}