{"id":1974,"date":"2016-06-05T05:41:11","date_gmt":"2016-06-05T03:41:11","guid":{"rendered":"http:\/\/pclos.janu.hu\/?page_id=1974"},"modified":"2016-06-05T05:41:11","modified_gmt":"2016-06-05T03:41:11","slug":"junius","status":"publish","type":"page","link":"http:\/\/pclos.janu.hu\/?page_id=1974","title":{"rendered":"j\u00fanius"},"content":{"rendered":"<p>M\u00e1r \u00e9rezni az uborkaszezont. De ez \u00e9rthet\u0151 is: labdarug\u00e1sban a kontinens bajnoks\u00e1gok k\u00f6tik le ink\u00e1bb az emberek figyelm\u00e9t, m\u00e1s sport\u00e1gakban az olimpiai k\u00e9sz\u00fcl\u0151d\u00e9s \u2013 h\u00e1t kevesebb jut a \u201eszakm\u00e1ra\u201d.<\/p>\n<p>Az\u00e9rt n\u00e9h\u00e1ny \u00e9rdekesebb cikkre futotta a sok m\u00e1s mellett:<\/p>\n<p><a href=\"http:\/\/pclos.janu.hu\/?p=1975\" target=\"_blank\">Inkscape oktat\u00f3: \u00e1tl\u00e1tsz\u00f3 felirat k\u00e9sz\u00edt\u00e9se<\/a> l\u00e1tv\u00e1nyos felirat-k\u00e9sz\u00edt\u00e9s inkscape m\u00f3dra.<\/p>\n<p><a href=\"http:\/\/pclos.janu.hu\/?p=1978\" target=\"_blank\">Panopticlick: mennyire biztons\u00e1gos a b\u00f6ng\u00e9sz\u00f6d?<\/a> Egy biztos: nem nagyon&#8230;<\/p>\n<p><a href=\"http:\/\/pclos.janu.hu\/?p=1981\" target=\"_blank\">Tip Top Tips: kattinthat\u00f3 b\u00e9lyegk\u00e9p bbcode-dal<\/a> a f\u00f3rum cikkben elhelyezhet\u0151 kattinthat\u00f3 k\u00e9p k\u00e9sz\u00edt\u00e9se.<\/p>\n<p><a href=\"http:\/\/pclos.janu.hu\/?p=1985\" target=\"_blank\">Inkscape oktat\u00f3: interactive objektum k\u00e9sz\u00edt\u00e9se<\/a> egy k\u00e9pben minden lehet\u0151s\u00e9g \ud83d\ude42<\/p>\n","protected":false},"excerpt":{"rendered":"<p>M\u00e1r \u00e9rezni az uborkaszezont. De ez \u00e9rthet\u0151 is: labdarug\u00e1sban a kontinens bajnoks\u00e1gok k\u00f6tik le ink\u00e1bb az emberek figyelm\u00e9t, m\u00e1s sport\u00e1gakban az olimpiai k\u00e9sz\u00fcl\u0151d\u00e9s \u2013 h\u00e1t kevesebb jut a \u201eszakm\u00e1ra\u201d. Az\u00e9rt n\u00e9h\u00e1ny \u00e9rdekesebb cikkre futotta a sok m\u00e1s mellett: Inkscape oktat\u00f3: &hellip; <a href=\"http:\/\/pclos.janu.hu\/?page_id=1974\">Egy kattint\u00e1s ide a folytat\u00e1shoz&#8230;. <span class=\"meta-nav\">&rarr;<\/span><\/a><\/p>\n","protected":false},"author":1,"featured_media":0,"parent":1846,"menu_order":30,"comment_status":"closed","ping_status":"closed","template":"","meta":{"footnotes":""},"class_list":["post-1974","page","type-page","status-publish","hentry"],"_links":{"self":[{"href":"http:\/\/pclos.janu.hu\/index.php?rest_route=\/wp\/v2\/pages\/1974","targetHints":{"allow":["GET"]}}],"collection":[{"href":"http:\/\/pclos.janu.hu\/index.php?rest_route=\/wp\/v2\/pages"}],"about":[{"href":"http:\/\/pclos.janu.hu\/index.php?rest_route=\/wp\/v2\/types\/page"}],"author":[{"embeddable":true,"href":"http:\/\/pclos.janu.hu\/index.php?rest_route=\/wp\/v2\/users\/1"}],"replies":[{"embeddable":true,"href":"http:\/\/pclos.janu.hu\/index.php?rest_route=%2Fwp%2Fv2%2Fcomments&post=1974"}],"version-history":[{"count":1,"href":"http:\/\/pclos.janu.hu\/index.php?rest_route=\/wp\/v2\/pages\/1974\/revisions"}],"predecessor-version":[{"id":1988,"href":"http:\/\/pclos.janu.hu\/index.php?rest_route=\/wp\/v2\/pages\/1974\/revisions\/1988"}],"up":[{"embeddable":true,"href":"http:\/\/pclos.janu.hu\/index.php?rest_route=\/wp\/v2\/pages\/1846"}],"wp:attachment":[{"href":"http:\/\/pclos.janu.hu\/index.php?rest_route=%2Fwp%2Fv2%2Fmedia&parent=1974"}],"curies":[{"name":"wp","href":"https:\/\/api.w.org\/{rel}","templated":true}]}}