{"id":2016,"date":"2016-08-17T09:53:53","date_gmt":"2016-08-17T07:53:53","guid":{"rendered":"http:\/\/pclos.janu.hu\/?page_id=2016"},"modified":"2016-08-17T09:53:53","modified_gmt":"2016-08-17T07:53:53","slug":"augusztus","status":"publish","type":"page","link":"http:\/\/pclos.janu.hu\/?page_id=2016","title":{"rendered":"augusztus"},"content":{"rendered":"<p>\u00dagy l\u00e1tszik, a <em>Linux<\/em>osok (de a PCLinuxOS aktivist\u00e1k mindenk\u00e9pp) ny\u00e1ri \u00e1lmot alusznak, mert m\u00e9g most sem b\u0151velkedik a PCLinuxOS t\u00e9m\u00e1kban. Az\u00e9rt az e havi sz\u00e1mban tal\u00e1ltunk \u00e9rdekess\u00e9geket:<\/p>\n<p><a href=\"http:\/\/pclos.janu.hu\/?p=2017\" target=\"_blank\">Inkscape oktat\u00f3: egy festett sz\u00f6veg hat\u00e1s<\/a> paca egy v\u00e1szondarabon! Milyen egyszer\u0171&#8230;<\/p>\n<p><a href=\"http:\/\/pclos.janu.hu\/?p=2021\" target=\"_blank\">32 bites Chrome \u00e9lettartam\u00e1nak kiterjeszt\u00e9se<\/a> Egyszer\u0171: a desktop f\u00e1jlban kell egy kis m\u00f3dos\u00edt\u00e1st v\u00e9grehajtani.<\/p>\n<p><a href=\"http:\/\/pclos.janu.hu\/?p=2027\" target=\"_blank\">Tip Top Tips: Kodi a legfrissebb kieg\u00e9sz\u00edt\u00f6kkel<\/a> K\u00e9pesk\u00f6nyv arr\u00f3l, hogyan friss\u00edts\u00fck a kieg\u00e9sz\u00edt\u0151ket.<\/p>\n<p><a href=\"http:\/\/pclos.janu.hu\/?p=2031\" target=\"_blank\">Repo mustra: csillag\u00e1szati programok<\/a> H\u00e1rom aszton\u00f3miai program ismertet\u00e9se<\/p>\n","protected":false},"excerpt":{"rendered":"<p>\u00dagy l\u00e1tszik, a Linuxosok (de a PCLinuxOS aktivist\u00e1k mindenk\u00e9pp) ny\u00e1ri \u00e1lmot alusznak, mert m\u00e9g most sem b\u0151velkedik a PCLinuxOS t\u00e9m\u00e1kban. Az\u00e9rt az e havi sz\u00e1mban tal\u00e1ltunk \u00e9rdekess\u00e9geket: Inkscape oktat\u00f3: egy festett sz\u00f6veg hat\u00e1s paca egy v\u00e1szondarabon! Milyen egyszer\u0171&#8230; 32 bites &hellip; <a href=\"http:\/\/pclos.janu.hu\/?page_id=2016\">Egy kattint\u00e1s ide a folytat\u00e1shoz&#8230;. <span class=\"meta-nav\">&rarr;<\/span><\/a><\/p>\n","protected":false},"author":1,"featured_media":0,"parent":1846,"menu_order":20,"comment_status":"closed","ping_status":"closed","template":"","meta":{"footnotes":""},"class_list":["post-2016","page","type-page","status-publish","hentry"],"_links":{"self":[{"href":"http:\/\/pclos.janu.hu\/index.php?rest_route=\/wp\/v2\/pages\/2016","targetHints":{"allow":["GET"]}}],"collection":[{"href":"http:\/\/pclos.janu.hu\/index.php?rest_route=\/wp\/v2\/pages"}],"about":[{"href":"http:\/\/pclos.janu.hu\/index.php?rest_route=\/wp\/v2\/types\/page"}],"author":[{"embeddable":true,"href":"http:\/\/pclos.janu.hu\/index.php?rest_route=\/wp\/v2\/users\/1"}],"replies":[{"embeddable":true,"href":"http:\/\/pclos.janu.hu\/index.php?rest_route=%2Fwp%2Fv2%2Fcomments&post=2016"}],"version-history":[{"count":1,"href":"http:\/\/pclos.janu.hu\/index.php?rest_route=\/wp\/v2\/pages\/2016\/revisions"}],"predecessor-version":[{"id":2035,"href":"http:\/\/pclos.janu.hu\/index.php?rest_route=\/wp\/v2\/pages\/2016\/revisions\/2035"}],"up":[{"embeddable":true,"href":"http:\/\/pclos.janu.hu\/index.php?rest_route=\/wp\/v2\/pages\/1846"}],"wp:attachment":[{"href":"http:\/\/pclos.janu.hu\/index.php?rest_route=%2Fwp%2Fv2%2Fmedia&parent=2016"}],"curies":[{"name":"wp","href":"https:\/\/api.w.org\/{rel}","templated":true}]}}