{"id":2037,"date":"2016-09-09T07:52:52","date_gmt":"2016-09-09T05:52:52","guid":{"rendered":"http:\/\/pclos.janu.hu\/?page_id=2037"},"modified":"2016-09-14T06:17:46","modified_gmt":"2016-09-14T04:17:46","slug":"szeptember","status":"publish","type":"page","link":"http:\/\/pclos.janu.hu\/?page_id=2037","title":{"rendered":"szeptember"},"content":{"rendered":"<p>Elm\u00falt a ny\u00e1r, v\u00e9ge a \u201ecikkszeg\u00e9nys\u00e9gnek\u201d. A <span style=\"color: #0000ff;\">PCLinuxOs Magazine<\/span> szerz\u0151i ism\u00e9t munk\u00e1ba \u00e1lltak, \u00e9s m\u00e1ris \u00e9rdekes cikkekkel jelentkeztek.<\/p>\n<p><a href=\"http:\/\/pclos.janu.hu\/?p=2038\" target=\"_blank\">Inkscape oktat\u00f3: 3D-s t\u00e1jk\u00e9p k\u00e9sz\u00edt\u00e9se<\/a> egyszer\u0171 eszk\u00f6z\u00f6kkel gyorsan egy k\u00e9pzeletbeli t\u00e1j rajzol\u00e1sa \u2013 Inkscape alkalmaz\u00e1s\u00e1val.<\/p>\n<p><a href=\"http:\/\/pclos.janu.hu\/?p=2045\" target=\"_blank\">Tip Top Tips: XScreensaver KDE5 Plasma alatt<\/a> aki sikeresen \u00e1tt\u00e9rt a KDE5 plazma haszn\u00e1lat\u00e1ra, bizony\u00e1ra \u00f6r\u00f6mmel fogadja egy k\u00e9perny\u0151v\u00e9d\u0151 (egyben ideiglenes g\u00e9plez\u00e1r\u00f3) gyorsbillenty\u0171vel val\u00f3 megh\u00edv\u00e1s\u00e1nak lehet\u0151s\u00e9g\u00e9t.<\/p>\n<p><a href=\"http:\/\/pclos.janu.hu\/?p=2048\" target=\"_blank\">LibreOffice 5.2: \u00fajdons\u00e1gok, v\u00e1ltoz\u00e1sok<\/a> r\u00f6vid \u00f6sszefoglal\u00f3 a 2016. augusztus 3-\u00e1n kiadott v\u00e1ltozat \u00faj funkci\u00f3ir\u00f3l.<\/p>\n<p><a href=\"http:\/\/pclos.janu.hu\/?p=2060\" target=\"_blank\">Git: a legv\u00e9gs\u0151 visszavon\u00e1s gomb<\/a> manaps\u00e1g a legn\u00e9pszer\u0171bb verzi\u00f3-kezel\u0151 rendszer. Vagy valami j\u00f3val t\u00f6bb.<\/p>\n<p><a href=\"http:\/\/pclos.janu.hu\/?p=2051\" target=\"_blank\">GIMP oktat\u00f3: \u00e9rdekes sz\u00f6vegforma<\/a> a GIMP sz\u00e1mos lehet\u0151s\u00e9get k\u00edn\u00e1l \u00e9rdekes sz\u00f6veg megjelen\u00edt\u00e9s l\u00e9trehoz\u00e1s\u00e1ra. Most egy \u00fajabb v\u00e1ltozat bemutat\u00e1s\u00e1ra ker\u00fcl sor.<\/p>\n<p><a href=\"http:\/\/pclos.janu.hu\/?p=2054\" target=\"_blank\">XFCE4: a General Monitor (Genmon) haszn\u00e1lata<\/a> Xfce4 felhaszn\u00e1l\u00f3knak j\u00f3l j\u00f6n egy k\u00f6nny\u0171 le\u00edr\u00e1s a <i>GenMon<\/i>-r\u00f3l.<\/p>\n<p><a href=\"http:\/\/pclos.janu.hu\/?p=2067\">Kanban PCLinuxOS alatt: Kanboard telep\u00edt\u00e9se<\/a> hirdet\u0151t\u00e1bla, avagy projektkezel\u0151 eszk\u00f6z<\/p>\n","protected":false},"excerpt":{"rendered":"<p>Elm\u00falt a ny\u00e1r, v\u00e9ge a \u201ecikkszeg\u00e9nys\u00e9gnek\u201d. A PCLinuxOs Magazine szerz\u0151i ism\u00e9t munk\u00e1ba \u00e1lltak, \u00e9s m\u00e1ris \u00e9rdekes cikkekkel jelentkeztek. Inkscape oktat\u00f3: 3D-s t\u00e1jk\u00e9p k\u00e9sz\u00edt\u00e9se egyszer\u0171 eszk\u00f6z\u00f6kkel gyorsan egy k\u00e9pzeletbeli t\u00e1j rajzol\u00e1sa \u2013 Inkscape alkalmaz\u00e1s\u00e1val. Tip Top Tips: XScreensaver KDE5 Plasma alatt &hellip; <a href=\"http:\/\/pclos.janu.hu\/?page_id=2037\">Egy kattint\u00e1s ide a folytat\u00e1shoz&#8230;. <span class=\"meta-nav\">&rarr;<\/span><\/a><\/p>\n","protected":false},"author":1,"featured_media":0,"parent":1846,"menu_order":15,"comment_status":"closed","ping_status":"closed","template":"","meta":{"footnotes":""},"class_list":["post-2037","page","type-page","status-publish","hentry"],"_links":{"self":[{"href":"http:\/\/pclos.janu.hu\/index.php?rest_route=\/wp\/v2\/pages\/2037","targetHints":{"allow":["GET"]}}],"collection":[{"href":"http:\/\/pclos.janu.hu\/index.php?rest_route=\/wp\/v2\/pages"}],"about":[{"href":"http:\/\/pclos.janu.hu\/index.php?rest_route=\/wp\/v2\/types\/page"}],"author":[{"embeddable":true,"href":"http:\/\/pclos.janu.hu\/index.php?rest_route=\/wp\/v2\/users\/1"}],"replies":[{"embeddable":true,"href":"http:\/\/pclos.janu.hu\/index.php?rest_route=%2Fwp%2Fv2%2Fcomments&post=2037"}],"version-history":[{"count":4,"href":"http:\/\/pclos.janu.hu\/index.php?rest_route=\/wp\/v2\/pages\/2037\/revisions"}],"predecessor-version":[{"id":2070,"href":"http:\/\/pclos.janu.hu\/index.php?rest_route=\/wp\/v2\/pages\/2037\/revisions\/2070"}],"up":[{"embeddable":true,"href":"http:\/\/pclos.janu.hu\/index.php?rest_route=\/wp\/v2\/pages\/1846"}],"wp:attachment":[{"href":"http:\/\/pclos.janu.hu\/index.php?rest_route=%2Fwp%2Fv2%2Fmedia&parent=2037"}],"curies":[{"name":"wp","href":"https:\/\/api.w.org\/{rel}","templated":true}]}}