{"id":2128,"date":"2016-12-04T19:05:01","date_gmt":"2016-12-04T18:05:01","guid":{"rendered":"http:\/\/pclos.janu.hu\/?page_id=2128"},"modified":"2016-12-06T07:05:46","modified_gmt":"2016-12-06T06:05:46","slug":"december","status":"publish","type":"page","link":"http:\/\/pclos.janu.hu\/?page_id=2128","title":{"rendered":"december"},"content":{"rendered":"<p>A <span style=\"color: #000080;\"><strong>PCLinuxOS Magazine<\/strong><\/span> e havi sz\u00e1ma m\u00e1r az \u00e9vv\u00e9gi hangulatot t\u00fckr\u00f6zi. A szerkeszt\u0151s\u00e9g tagjai (<span style=\"color: #800000;\"><strong>parnote<\/strong><\/span> \u00e9s <span style=\"color: #008000;\"><strong>Meemaw<\/strong><\/span>) m\u00e1r aj\u00e1nd\u00e9koz\u00e1si \u00f6tletekkel \u00e1lltak el\u0151. A cikkek is egyfajta \u00fcnnepi hangulatot t\u00fckr\u00f6znek.<\/p>\n<p><a href=\"http:\/\/pclos.janu.hu\/?p=2130\" target=\"_blank\">Inkscape oktat\u00f3: darabolt sz\u00f6veg<\/a>. A kar\u00e1csonyi k\u00e9sz\u00fcl\u0151d\u00e9sben nem szabad elfeledkezni a t\u00e1vol \u00e9l\u0151 szeretteinknek k\u00fcldhet\u0151 k\u00e9peslapr\u00f3l. Meemaw cikke egy \u00e9rdekes hat\u00e1st mutat be t\u00f6bb v\u00e1ltozatban.<\/p>\n<p><a href=\"http:\/\/pclos.janu.hu\/?p=2134\" target=\"_blank\">Repo mustra: git\u00e1ros programok<\/a>. Ma m\u00e1r a sz\u00e1m\u00edt\u00e1stechnika nem csak az adatfeldolgoz\u00e1s eszk\u00f6ze, hanem m\u00e9g a m\u0171v\u00e9szetek ter\u00e9n is hasznos seg\u00e9deszk\u00f6z. <strong><span style=\"color: #0000ff;\">CgBoy<\/span><\/strong> a <span style=\"color: #000080;\"><strong>PCLinuxOS<\/strong><\/span> t\u00e1rol\u00f3j\u00e1ban fellelhet\u0151, git\u00e1roz\u00e1st seg\u00edt\u00f3 programjait mutatja be.<\/p>\n<p><a href=\"http:\/\/pclos.janu.hu\/?p=2141\" target=\"_blank\">YouTube lej\u00e1tsz\u00e1si list\u00e1k let\u00f6lt\u00e9se youtube-dl-lel<\/a>. Amikor szeretteinknek saj\u00e1t \u00f6ssze\u00e1ll\u00edt\u00e1s\u00fa DVD-t szeretn\u00e9nk k\u00e9sz\u00edteni&#8230; M\u00e1r nem akad\u00e1ly.<\/p>\n<p><a href=\"http:\/\/pclos.janu.hu\/?p=2147\" target=\"_blank\">Inkscape oktat\u00f3: sz\u00f6veg manipul\u00e1l\u00e1sa burkol\u00f3g\u00f6rb\u00e9vel<\/a>. A c\u00edm mag\u00e1\u00e9rt besz\u00e9l. A bemutatott p\u00e9lda egy vir\u00e1g csupa sz\u00f6vegb\u0151l.<\/p>\n<p><a href=\"http:\/\/pclos.janu.hu\/?p=2150\" target=\"_blank\">Tip Top Tips: m\u00e9dia f\u00e1jlok ment\u00e9se eszk\u00f6zre, megfelel\u00f6 sorrendben<\/a>. Ezzel a m\u00f3dszerrel nem az oper\u00e1ci\u00f3s rendszer, hanem Te hat\u00e1rozod meg a f\u00e1jlok sorrendj\u00e9t.<\/p>\n","protected":false},"excerpt":{"rendered":"<p>A PCLinuxOS Magazine e havi sz\u00e1ma m\u00e1r az \u00e9vv\u00e9gi hangulatot t\u00fckr\u00f6zi. A szerkeszt\u0151s\u00e9g tagjai (parnote \u00e9s Meemaw) m\u00e1r aj\u00e1nd\u00e9koz\u00e1si \u00f6tletekkel \u00e1lltak el\u0151. A cikkek is egyfajta \u00fcnnepi hangulatot t\u00fckr\u00f6znek. Inkscape oktat\u00f3: darabolt sz\u00f6veg. A kar\u00e1csonyi k\u00e9sz\u00fcl\u0151d\u00e9sben nem szabad elfeledkezni a &hellip; <a href=\"http:\/\/pclos.janu.hu\/?page_id=2128\">Egy kattint\u00e1s ide a folytat\u00e1shoz&#8230;. <span class=\"meta-nav\">&rarr;<\/span><\/a><\/p>\n","protected":false},"author":1,"featured_media":0,"parent":1846,"menu_order":5,"comment_status":"closed","ping_status":"closed","template":"","meta":{"footnotes":""},"class_list":["post-2128","page","type-page","status-publish","hentry"],"_links":{"self":[{"href":"http:\/\/pclos.janu.hu\/index.php?rest_route=\/wp\/v2\/pages\/2128","targetHints":{"allow":["GET"]}}],"collection":[{"href":"http:\/\/pclos.janu.hu\/index.php?rest_route=\/wp\/v2\/pages"}],"about":[{"href":"http:\/\/pclos.janu.hu\/index.php?rest_route=\/wp\/v2\/types\/page"}],"author":[{"embeddable":true,"href":"http:\/\/pclos.janu.hu\/index.php?rest_route=\/wp\/v2\/users\/1"}],"replies":[{"embeddable":true,"href":"http:\/\/pclos.janu.hu\/index.php?rest_route=%2Fwp%2Fv2%2Fcomments&post=2128"}],"version-history":[{"count":5,"href":"http:\/\/pclos.janu.hu\/index.php?rest_route=\/wp\/v2\/pages\/2128\/revisions"}],"predecessor-version":[{"id":2154,"href":"http:\/\/pclos.janu.hu\/index.php?rest_route=\/wp\/v2\/pages\/2128\/revisions\/2154"}],"up":[{"embeddable":true,"href":"http:\/\/pclos.janu.hu\/index.php?rest_route=\/wp\/v2\/pages\/1846"}],"wp:attachment":[{"href":"http:\/\/pclos.janu.hu\/index.php?rest_route=%2Fwp%2Fv2%2Fmedia&parent=2128"}],"curies":[{"name":"wp","href":"https:\/\/api.w.org\/{rel}","templated":true}]}}