{"id":2160,"date":"2017-01-02T11:17:40","date_gmt":"2017-01-02T10:17:40","guid":{"rendered":"http:\/\/pclos.janu.hu\/?page_id=2160"},"modified":"2017-01-02T11:34:36","modified_gmt":"2017-01-02T10:34:36","slug":"tuxradar","status":"publish","type":"page","link":"http:\/\/pclos.janu.hu\/?page_id=2160","title":{"rendered":"TuxRadar"},"content":{"rendered":"<p>A Linux Format on-line kiad\u00e1sa<\/p>\n<p><a href=\"http:\/\/pclos.janu.hu\/?p=2163\" target=\"_blank\">Hogyan m\u0171k\u00f6dik: Linux\u00adhangrendszer le\u00edr\u00e1sa<\/a> Nagyon r\u00e9gi (2010-es) cikk a hangkezel\u0151 eszk\u00f6z\u00f6kr\u0151l &#8211; m\u00e9g ma is aktu\u00e1lis!<\/p>\n<p>&nbsp;<\/p>\n","protected":false},"excerpt":{"rendered":"<p>A Linux Format on-line kiad\u00e1sa Hogyan m\u0171k\u00f6dik: Linux\u00adhangrendszer le\u00edr\u00e1sa Nagyon r\u00e9gi (2010-es) cikk a hangkezel\u0151 eszk\u00f6z\u00f6kr\u0151l &#8211; m\u00e9g ma is aktu\u00e1lis! &nbsp;<\/p>\n","protected":false},"author":1,"featured_media":0,"parent":334,"menu_order":0,"comment_status":"closed","ping_status":"closed","template":"","meta":{"footnotes":""},"class_list":["post-2160","page","type-page","status-publish","hentry"],"_links":{"self":[{"href":"http:\/\/pclos.janu.hu\/index.php?rest_route=\/wp\/v2\/pages\/2160","targetHints":{"allow":["GET"]}}],"collection":[{"href":"http:\/\/pclos.janu.hu\/index.php?rest_route=\/wp\/v2\/pages"}],"about":[{"href":"http:\/\/pclos.janu.hu\/index.php?rest_route=\/wp\/v2\/types\/page"}],"author":[{"embeddable":true,"href":"http:\/\/pclos.janu.hu\/index.php?rest_route=\/wp\/v2\/users\/1"}],"replies":[{"embeddable":true,"href":"http:\/\/pclos.janu.hu\/index.php?rest_route=%2Fwp%2Fv2%2Fcomments&post=2160"}],"version-history":[{"count":3,"href":"http:\/\/pclos.janu.hu\/index.php?rest_route=\/wp\/v2\/pages\/2160\/revisions"}],"predecessor-version":[{"id":2166,"href":"http:\/\/pclos.janu.hu\/index.php?rest_route=\/wp\/v2\/pages\/2160\/revisions\/2166"}],"up":[{"embeddable":true,"href":"http:\/\/pclos.janu.hu\/index.php?rest_route=\/wp\/v2\/pages\/334"}],"wp:attachment":[{"href":"http:\/\/pclos.janu.hu\/index.php?rest_route=%2Fwp%2Fv2%2Fmedia&parent=2160"}],"curies":[{"name":"wp","href":"https:\/\/api.w.org\/{rel}","templated":true}]}}