{"id":2171,"date":"2017-01-03T18:44:57","date_gmt":"2017-01-03T17:44:57","guid":{"rendered":"http:\/\/pclos.janu.hu\/?page_id=2171"},"modified":"2017-02-04T22:27:28","modified_gmt":"2017-02-04T21:27:28","slug":"januar","status":"publish","type":"page","link":"http:\/\/pclos.janu.hu\/?page_id=2171","title":{"rendered":"janu\u00e1r"},"content":{"rendered":"<p>Mindenk\u00e9ppen az \u00e9v egyik legfissebb magazin a kedvenc\u00fcnk, a <a href=\"http:\/\/pclosmag.com\/index.html\" target=\"_blank\">PCLinuxOS Magazine<\/a>, mert m\u00e1r 2-\u00e1n megjelent. Van benne b\u0151ven szemezgetni val\u00f3, a szakmai cikkek ford\u00edt\u00e1sit itt ismertetj\u00fck:<\/p>\n<p><a href=\"http:\/\/pclos.janu.hu\/?p=2173\" target=\"_blank\">K\u00e9perny\u0151k\u00e9p k\u00e9sz\u00edt\u00e9se parancssorb\u00f3l<\/a> k\u00f6nnyen, egyszer\u0171en k\u00e9perny\u0151k\u00e9p k\u00e9sz\u00edt\u00e9s.<\/p>\n<p><a href=\"http:\/\/pclos.janu.hu\/?p=2178\" target=\"_blank\">LibreOffice: PDF-\u0171rlap k\u00e9sz\u00edt\u00e9se<\/a> egyszer\u0171en, gyorsan.<\/p>\n<p><a href=\"http:\/\/pclos.janu.hu\/?p=2184\" target=\"_blank\">PDF-f\u00e1jlok konvert\u00e1l\u00e1sa k\u00f6nnyen k\u00e9pf\u00e1jlokk\u00e1<\/a> az <em>ImageMagick<\/em> haszn\u00e1lat\u00e1val.<\/p>\n<p><a href=\"http:\/\/pclos.janu.hu\/?p=2187\" target=\"_blank\">GIMP oktat\u00f3: egyszer\u00fc anim\u00e1ci\u00f3 k\u00e9sz\u00edt\u00e9se<\/a>, vagyis .gif k\u00e9pf\u00e1jlok egyszer\u0171 el\u0151\u00e1ll\u00edt\u00e1sa.<\/p>\n<p><a href=\"http:\/\/pclos.janu.hu\/?p=2191\" target=\"_blank\">Tip Top Tips: GUI FreeRDP-hez<\/a> Windows-os g\u00e9p el\u00e9r\u00e9se Linux al\u00f3l grafikus fel\u00fcleten.<\/p>\n<p><a href=\"http:\/\/pclos.janu.hu\/?p=2197\" target=\"_blank\">Repo mustra: recept menedzserek<\/a> \u00e9telreceptjeink t\u00e1rol\u00e1s\u00e1hoz.<\/p>\n<p>&nbsp;<\/p>\n","protected":false},"excerpt":{"rendered":"<p>Mindenk\u00e9ppen az \u00e9v egyik legfissebb magazin a kedvenc\u00fcnk, a PCLinuxOS Magazine, mert m\u00e1r 2-\u00e1n megjelent. Van benne b\u0151ven szemezgetni val\u00f3, a szakmai cikkek ford\u00edt\u00e1sit itt ismertetj\u00fck: K\u00e9perny\u0151k\u00e9p k\u00e9sz\u00edt\u00e9se parancssorb\u00f3l k\u00f6nnyen, egyszer\u0171en k\u00e9perny\u0151k\u00e9p k\u00e9sz\u00edt\u00e9s. LibreOffice: PDF-\u0171rlap k\u00e9sz\u00edt\u00e9se egyszer\u0171en, gyorsan. PDF-f\u00e1jlok konvert\u00e1l\u00e1sa &hellip; <a href=\"http:\/\/pclos.janu.hu\/?page_id=2171\">Egy kattint\u00e1s ide a folytat\u00e1shoz&#8230;. <span class=\"meta-nav\">&rarr;<\/span><\/a><\/p>\n","protected":false},"author":1,"featured_media":0,"parent":2169,"menu_order":60,"comment_status":"closed","ping_status":"closed","template":"","meta":{"footnotes":""},"class_list":["post-2171","page","type-page","status-publish","hentry"],"_links":{"self":[{"href":"http:\/\/pclos.janu.hu\/index.php?rest_route=\/wp\/v2\/pages\/2171","targetHints":{"allow":["GET"]}}],"collection":[{"href":"http:\/\/pclos.janu.hu\/index.php?rest_route=\/wp\/v2\/pages"}],"about":[{"href":"http:\/\/pclos.janu.hu\/index.php?rest_route=\/wp\/v2\/types\/page"}],"author":[{"embeddable":true,"href":"http:\/\/pclos.janu.hu\/index.php?rest_route=\/wp\/v2\/users\/1"}],"replies":[{"embeddable":true,"href":"http:\/\/pclos.janu.hu\/index.php?rest_route=%2Fwp%2Fv2%2Fcomments&post=2171"}],"version-history":[{"count":3,"href":"http:\/\/pclos.janu.hu\/index.php?rest_route=\/wp\/v2\/pages\/2171\/revisions"}],"predecessor-version":[{"id":2200,"href":"http:\/\/pclos.janu.hu\/index.php?rest_route=\/wp\/v2\/pages\/2171\/revisions\/2200"}],"up":[{"embeddable":true,"href":"http:\/\/pclos.janu.hu\/index.php?rest_route=\/wp\/v2\/pages\/2169"}],"wp:attachment":[{"href":"http:\/\/pclos.janu.hu\/index.php?rest_route=%2Fwp%2Fv2%2Fmedia&parent=2171"}],"curies":[{"name":"wp","href":"https:\/\/api.w.org\/{rel}","templated":true}]}}