{"id":2206,"date":"2017-01-04T07:31:01","date_gmt":"2017-01-04T06:31:01","guid":{"rendered":"http:\/\/pclos.janu.hu\/?page_id=2206"},"modified":"2025-06-05T01:57:53","modified_gmt":"2025-06-04T23:57:53","slug":"korabbiak","status":"publish","type":"page","link":"http:\/\/pclos.janu.hu\/?page_id=2206","title":{"rendered":"Kor\u00e1bbiak"},"content":{"rendered":"<p>A 2014. \u00e9v el\u0151tti cikkek.<\/p>\n","protected":false},"excerpt":{"rendered":"<p>A 2014. \u00e9v el\u0151tti cikkek.<\/p>\n","protected":false},"author":1,"featured_media":0,"parent":4515,"menu_order":100,"comment_status":"closed","ping_status":"closed","template":"","meta":{"footnotes":""},"class_list":["post-2206","page","type-page","status-publish","hentry"],"_links":{"self":[{"href":"http:\/\/pclos.janu.hu\/index.php?rest_route=\/wp\/v2\/pages\/2206","targetHints":{"allow":["GET"]}}],"collection":[{"href":"http:\/\/pclos.janu.hu\/index.php?rest_route=\/wp\/v2\/pages"}],"about":[{"href":"http:\/\/pclos.janu.hu\/index.php?rest_route=\/wp\/v2\/types\/page"}],"author":[{"embeddable":true,"href":"http:\/\/pclos.janu.hu\/index.php?rest_route=\/wp\/v2\/users\/1"}],"replies":[{"embeddable":true,"href":"http:\/\/pclos.janu.hu\/index.php?rest_route=%2Fwp%2Fv2%2Fcomments&post=2206"}],"version-history":[{"count":1,"href":"http:\/\/pclos.janu.hu\/index.php?rest_route=\/wp\/v2\/pages\/2206\/revisions"}],"predecessor-version":[{"id":2207,"href":"http:\/\/pclos.janu.hu\/index.php?rest_route=\/wp\/v2\/pages\/2206\/revisions\/2207"}],"up":[{"embeddable":true,"href":"http:\/\/pclos.janu.hu\/index.php?rest_route=\/wp\/v2\/pages\/4515"}],"wp:attachment":[{"href":"http:\/\/pclos.janu.hu\/index.php?rest_route=%2Fwp%2Fv2%2Fmedia&parent=2206"}],"curies":[{"name":"wp","href":"https:\/\/api.w.org\/{rel}","templated":true}]}}