{"id":2212,"date":"2017-02-04T22:26:24","date_gmt":"2017-02-04T21:26:24","guid":{"rendered":"http:\/\/pclos.janu.hu\/?page_id=2212"},"modified":"2017-02-04T22:26:24","modified_gmt":"2017-02-04T21:26:24","slug":"februar","status":"publish","type":"page","link":"http:\/\/pclos.janu.hu\/?page_id=2212","title":{"rendered":"febru\u00e1r"},"content":{"rendered":"<p>Az \u00e9vv\u00e1lt\u00e1s k\u00f6r\u00fcli vid\u00e1m hangokat felv\u00e1ltotta a szorgalmas munka. A PCLinuxOS Magazine febru\u00e1ri sz\u00e1ma m\u00e1r ezt t\u00fckr\u00f6zi: a sorozatokhoz \u00e9rkeztek \u00faj cikkek, az olvas\u00f3i tippek k\u00f6z\u00fcl is a legjobbat siker\u00fclt kiv\u00e1lasztani.<\/p>\n<p style=\"text-align: justify;\"><a href=\"http:\/\/pclos.janu.hu\/?p=2213\" target=\"_blank\">LibreOffice 5.3: \u00faj verzi\u00f3, \u00fajdons\u00e1gok j\u00f6nnek<\/a> Az 5.3 2017. janu\u00e1r elej\u00e9n megjelent \u00df v\u00e1ltozat\u00e1ban m\u00e1r megl\u00e9v\u0151 \u00fajdons\u00e1gokat t\u00e1rgyalja ez a cikk.<\/p>\n<p style=\"text-align: justify;\"><a href=\"http:\/\/pclos.janu.hu\/?p=2220\" target=\"_blank\">Google-talan\u00edtsd magad &#8230; valamennyire<\/a> mit lehet tenni, hogy mag\u00e1nstf\u00e9r\u00e1nk min\u00e9l kevesebb jellemz\u0151je kapjon nyilv\u00e1noss\u00e1got?<\/p>\n<p style=\"text-align: justify;\"><a href=\"http:\/\/pclos.janu.hu\/?p=2223\" target=\"_blank\">Inkscape oktat\u00f3: csemp\u00e9zett kl\u00f3nok k\u00e9sz\u00edt\u00e9se, 1. r\u00e9sz<\/a> a c\u00edm mag\u00e1\u00e9rt besz\u00e9l.<\/p>\n<p style=\"text-align: justify;\"><a href=\"http:\/\/pclos.janu.hu\/?p=2227\" target=\"_blank\">K\u00e9nyeztesd egy kicsit a f\u00e1jlrendszered \u00e9s a merevlemezed<\/a> eszk\u00f6z\u00f6k a f\u00e1jlrendszer, a merevlemez \u00e1llapot\u00e1nak vizsg\u00e1lat\u00e1hoz.<\/p>\n<p style=\"text-align: justify;\"><a href=\"http:\/\/pclos.janu.hu\/?p=2230\" target=\"_blank\">Tip Top Tips: hogyan mentettem meg a nyomtat\u00f3mat<\/a> az elavult eszk\u00f6z\u00f6ket sem szabad kidobni. Egy kis tal\u00e1l\u00e9konys\u00e1ggal m\u00e9g sok\u00e1ig szolg\u00e1lhat benn\u00fcnket.<\/p>\n<p style=\"text-align: justify;\">\n","protected":false},"excerpt":{"rendered":"<p>Az \u00e9vv\u00e1lt\u00e1s k\u00f6r\u00fcli vid\u00e1m hangokat felv\u00e1ltotta a szorgalmas munka. A PCLinuxOS Magazine febru\u00e1ri sz\u00e1ma m\u00e1r ezt t\u00fckr\u00f6zi: a sorozatokhoz \u00e9rkeztek \u00faj cikkek, az olvas\u00f3i tippek k\u00f6z\u00fcl is a legjobbat siker\u00fclt kiv\u00e1lasztani. LibreOffice 5.3: \u00faj verzi\u00f3, \u00fajdons\u00e1gok j\u00f6nnek Az 5.3 2017. &hellip; <a href=\"http:\/\/pclos.janu.hu\/?page_id=2212\">Egy kattint\u00e1s ide a folytat\u00e1shoz&#8230;. <span class=\"meta-nav\">&rarr;<\/span><\/a><\/p>\n","protected":false},"author":1,"featured_media":0,"parent":2169,"menu_order":55,"comment_status":"closed","ping_status":"closed","template":"","meta":{"footnotes":""},"class_list":["post-2212","page","type-page","status-publish","hentry"],"_links":{"self":[{"href":"http:\/\/pclos.janu.hu\/index.php?rest_route=\/wp\/v2\/pages\/2212","targetHints":{"allow":["GET"]}}],"collection":[{"href":"http:\/\/pclos.janu.hu\/index.php?rest_route=\/wp\/v2\/pages"}],"about":[{"href":"http:\/\/pclos.janu.hu\/index.php?rest_route=\/wp\/v2\/types\/page"}],"author":[{"embeddable":true,"href":"http:\/\/pclos.janu.hu\/index.php?rest_route=\/wp\/v2\/users\/1"}],"replies":[{"embeddable":true,"href":"http:\/\/pclos.janu.hu\/index.php?rest_route=%2Fwp%2Fv2%2Fcomments&post=2212"}],"version-history":[{"count":2,"href":"http:\/\/pclos.janu.hu\/index.php?rest_route=\/wp\/v2\/pages\/2212\/revisions"}],"predecessor-version":[{"id":2234,"href":"http:\/\/pclos.janu.hu\/index.php?rest_route=\/wp\/v2\/pages\/2212\/revisions\/2234"}],"up":[{"embeddable":true,"href":"http:\/\/pclos.janu.hu\/index.php?rest_route=\/wp\/v2\/pages\/2169"}],"wp:attachment":[{"href":"http:\/\/pclos.janu.hu\/index.php?rest_route=%2Fwp%2Fv2%2Fmedia&parent=2212"}],"curies":[{"name":"wp","href":"https:\/\/api.w.org\/{rel}","templated":true}]}}