{"id":2281,"date":"2017-04-04T18:46:30","date_gmt":"2017-04-04T16:46:30","guid":{"rendered":"http:\/\/pclos.janu.hu\/?page_id=2281"},"modified":"2017-04-04T18:47:53","modified_gmt":"2017-04-04T16:47:53","slug":"aprilis","status":"publish","type":"page","link":"http:\/\/pclos.janu.hu\/?page_id=2281","title":{"rendered":"\u00e1prilis"},"content":{"rendered":"<p>Ebben a h\u00f3napban a hang, a zene a f\u0151mot\u00edvum, de m\u00e1s t\u00e9m\u00e1k is \u00e9rdekess\u00e9geket k\u00edn\u00e1lnak:<\/p>\n<p><a href=\"http:\/\/pclos.janu.hu\/?p=2282\" target=\"_blank\">LibreOffice 5.3: \u00fajdons\u00e1gok \u00e1ttekint\u00e9se<\/a> r\u00f6vid, \u00e1m igen tartamas \u00e1ttekint\u00e9s az \u00fajdons\u00e1gokr\u00f3l <span style=\"color: #008000;\"><strong>Meemaw<\/strong><\/span> billenty\u0171zet\u00e9r\u0151l.<\/p>\n<p><a href=\"http:\/\/pclos.janu.hu\/?p=2285\" target=\"_blank\">Az aTunes: jobban be\u00e1ll\u00edthat\u00f3 mint gondoln\u00e1d<\/a> a m\u00e1rciusi cikk folytat\u00e1sak\u00e9nt a be\u00e1ll\u00edt\u00e1sok.<\/p>\n<p><a href=\"http:\/\/pclos.janu.hu\/?p=2292\" target=\"_blank\">Fot\u00f3k rendez\u00e9se \u00e9s duplik\u00e1tumok keres\u00e9se Linux alatt<\/a> ha elszabadulnak a f\u00e9nyk\u00e9pek \u00e9s megeszik a szabad t\u00e1rhelyet&#8230;<\/p>\n<p><a href=\"http:\/\/pclos.janu.hu\/?p=2295\" target=\"_blank\">Inkscape oktat\u00f3: csemp\u00e9zett kl\u00f3nok k\u00e9sz\u00edt\u00e9se, 2. r\u00e9sz<\/a> a m\u00e1rciusi cikk folytat\u00e1sa, mik\u00f6zben egy-egy r\u00e9gebbi sz\u00e1m c\u00edmlapjait is megcsod\u00e1lhatjuk.<\/p>\n<p><a href=\"http:\/\/pclos.janu.hu\/?p=2299\" target=\"_blank\">Repo mustra: jelsz\u00f3kezel\u0151k<\/a> ennyi jelsz\u00f3t nem lehet fejben tartani. Az egyszer\u0171s\u00edt\u00e9s a biztons\u00e1g rov\u00e1s\u00e1ra mehet. Ez\u00e9rt vannak a jelsz\u00f3kezel\u0151k&#8230;<\/p>\n<p><a href=\"http:\/\/pclos.janu.hu\/?p=2302\" target=\"_blank\">Tip Top Tips: hangeffektusok l\u00e1ncol\u00e1sa Rakarrack-kal<\/a> egy alkalmaz\u00e1s bemutat\u00e1sa sor\u00e1n a hangbe\u00e1ll\u00edt\u00e1s egyes elemeit is ismerteti<\/p>\n","protected":false},"excerpt":{"rendered":"<p>Ebben a h\u00f3napban a hang, a zene a f\u0151mot\u00edvum, de m\u00e1s t\u00e9m\u00e1k is \u00e9rdekess\u00e9geket k\u00edn\u00e1lnak: LibreOffice 5.3: \u00fajdons\u00e1gok \u00e1ttekint\u00e9se r\u00f6vid, \u00e1m igen tartamas \u00e1ttekint\u00e9s az \u00fajdons\u00e1gokr\u00f3l Meemaw billenty\u0171zet\u00e9r\u0151l. Az aTunes: jobban be\u00e1ll\u00edthat\u00f3 mint gondoln\u00e1d a m\u00e1rciusi cikk folytat\u00e1sak\u00e9nt a be\u00e1ll\u00edt\u00e1sok. &hellip; <a href=\"http:\/\/pclos.janu.hu\/?page_id=2281\">Egy kattint\u00e1s ide a folytat\u00e1shoz&#8230;. <span class=\"meta-nav\">&rarr;<\/span><\/a><\/p>\n","protected":false},"author":1,"featured_media":0,"parent":2169,"menu_order":40,"comment_status":"closed","ping_status":"closed","template":"","meta":{"footnotes":""},"class_list":["post-2281","page","type-page","status-publish","hentry"],"_links":{"self":[{"href":"http:\/\/pclos.janu.hu\/index.php?rest_route=\/wp\/v2\/pages\/2281","targetHints":{"allow":["GET"]}}],"collection":[{"href":"http:\/\/pclos.janu.hu\/index.php?rest_route=\/wp\/v2\/pages"}],"about":[{"href":"http:\/\/pclos.janu.hu\/index.php?rest_route=\/wp\/v2\/types\/page"}],"author":[{"embeddable":true,"href":"http:\/\/pclos.janu.hu\/index.php?rest_route=\/wp\/v2\/users\/1"}],"replies":[{"embeddable":true,"href":"http:\/\/pclos.janu.hu\/index.php?rest_route=%2Fwp%2Fv2%2Fcomments&post=2281"}],"version-history":[{"count":4,"href":"http:\/\/pclos.janu.hu\/index.php?rest_route=\/wp\/v2\/pages\/2281\/revisions"}],"predecessor-version":[{"id":2307,"href":"http:\/\/pclos.janu.hu\/index.php?rest_route=\/wp\/v2\/pages\/2281\/revisions\/2307"}],"up":[{"embeddable":true,"href":"http:\/\/pclos.janu.hu\/index.php?rest_route=\/wp\/v2\/pages\/2169"}],"wp:attachment":[{"href":"http:\/\/pclos.janu.hu\/index.php?rest_route=%2Fwp%2Fv2%2Fmedia&parent=2281"}],"curies":[{"name":"wp","href":"https:\/\/api.w.org\/{rel}","templated":true}]}}