{"id":2376,"date":"2017-06-07T18:25:00","date_gmt":"2017-06-07T16:25:00","guid":{"rendered":"http:\/\/pclos.janu.hu\/?page_id=2376"},"modified":"2017-06-07T18:25:00","modified_gmt":"2017-06-07T16:25:00","slug":"junius","status":"publish","type":"page","link":"http:\/\/pclos.janu.hu\/?page_id=2376","title":{"rendered":"j\u00fanius"},"content":{"rendered":"<p>M\u00e1r itt a ny\u00e1r, megl\u00e1tszik ez a cikkek mennyis\u00e9g\u00e9n is. De amit k\u00f6z\u00f6ltek az mind \u00e9rdekes!<\/p>\n<p><a href=\"http:\/\/pclos.janu.hu\/?p=2377\" target=\"_blank\" rel=\"noopener noreferrer\">Egy feh-lejthetetlen k\u00e9pn\u00e9zeget\u00f6 <\/a>egy nagytud\u00e1s\u00fa, parancssorb\u00f3l megh\u00edvhat\u00f3 k\u00e9pn\u00e9zeget\u0151 sz\u00e1mos tulajdons\u00e1ggal, lehet\u0151s\u00e9ggel.<\/p>\n<p><a href=\"http:\/\/pclos.janu.hu\/?p=2382\" target=\"_blank\" rel=\"noopener noreferrer\">Inkscape oktat\u00f3: csemp\u00e9zett kl\u00f3nok, 3. r\u00e9sz <\/a>kl\u00f3noz\u00e1s k\u00f6r ment\u00e9n.<\/p>\n<p><a href=\"http:\/\/pclos.janu.hu\/?p=2385\" target=\"_blank\" rel=\"noopener noreferrer\">Tip Top Tips: HDMI-hang bekapcsol\u00e1sa<\/a> Utaz\u00f3knak, ha a sz\u00e1llodaszoba TV-j\u00e9n szeretn\u00e9 laptopj\u00e1t n\u00e9zni, hallani.<\/p>\n<p><a href=\"http:\/\/pclos.janu.hu\/?p=2388\" target=\"_blank\" rel=\"noopener noreferrer\">VirtualBox virtu\u00e1lis g\u00e9peinek titkos\u00edt\u00e1sa<\/a> m\u00e9g a virtu\u00e1lis g\u00e9pben is v\u00e9dj\u00fck meg adatainkat!<\/p>\n","protected":false},"excerpt":{"rendered":"<p>M\u00e1r itt a ny\u00e1r, megl\u00e1tszik ez a cikkek mennyis\u00e9g\u00e9n is. De amit k\u00f6z\u00f6ltek az mind \u00e9rdekes! Egy feh-lejthetetlen k\u00e9pn\u00e9zeget\u00f6 egy nagytud\u00e1s\u00fa, parancssorb\u00f3l megh\u00edvhat\u00f3 k\u00e9pn\u00e9zeget\u0151 sz\u00e1mos tulajdons\u00e1ggal, lehet\u0151s\u00e9ggel. Inkscape oktat\u00f3: csemp\u00e9zett kl\u00f3nok, 3. r\u00e9sz kl\u00f3noz\u00e1s k\u00f6r ment\u00e9n. Tip Top Tips: HDMI-hang &hellip; <a href=\"http:\/\/pclos.janu.hu\/?page_id=2376\">Egy kattint\u00e1s ide a folytat\u00e1shoz&#8230;. <span class=\"meta-nav\">&rarr;<\/span><\/a><\/p>\n","protected":false},"author":1,"featured_media":0,"parent":2169,"menu_order":30,"comment_status":"closed","ping_status":"closed","template":"","meta":{"footnotes":""},"class_list":["post-2376","page","type-page","status-publish","hentry"],"_links":{"self":[{"href":"http:\/\/pclos.janu.hu\/index.php?rest_route=\/wp\/v2\/pages\/2376","targetHints":{"allow":["GET"]}}],"collection":[{"href":"http:\/\/pclos.janu.hu\/index.php?rest_route=\/wp\/v2\/pages"}],"about":[{"href":"http:\/\/pclos.janu.hu\/index.php?rest_route=\/wp\/v2\/types\/page"}],"author":[{"embeddable":true,"href":"http:\/\/pclos.janu.hu\/index.php?rest_route=\/wp\/v2\/users\/1"}],"replies":[{"embeddable":true,"href":"http:\/\/pclos.janu.hu\/index.php?rest_route=%2Fwp%2Fv2%2Fcomments&post=2376"}],"version-history":[{"count":1,"href":"http:\/\/pclos.janu.hu\/index.php?rest_route=\/wp\/v2\/pages\/2376\/revisions"}],"predecessor-version":[{"id":2391,"href":"http:\/\/pclos.janu.hu\/index.php?rest_route=\/wp\/v2\/pages\/2376\/revisions\/2391"}],"up":[{"embeddable":true,"href":"http:\/\/pclos.janu.hu\/index.php?rest_route=\/wp\/v2\/pages\/2169"}],"wp:attachment":[{"href":"http:\/\/pclos.janu.hu\/index.php?rest_route=%2Fwp%2Fv2%2Fmedia&parent=2376"}],"curies":[{"name":"wp","href":"https:\/\/api.w.org\/{rel}","templated":true}]}}