{"id":2413,"date":"2017-07-09T22:16:21","date_gmt":"2017-07-09T20:16:21","guid":{"rendered":"http:\/\/pclos.janu.hu\/?page_id=2413"},"modified":"2017-07-09T22:16:21","modified_gmt":"2017-07-09T20:16:21","slug":"julius","status":"publish","type":"page","link":"http:\/\/pclos.janu.hu\/?page_id=2413","title":{"rendered":"j\u00falius"},"content":{"rendered":"<p>Itt van j\u00falius, a ny\u00e1r \u2013 \u00e9s az uborkaszezon. A <a href=\"http:\/\/pclosmag.com\/index.html\" target=\"_blank\" rel=\"noopener\"><span style=\"color: #0000ff;\"><strong>PCLinuxOS Magazine<\/strong><\/span><\/a> sem kiv\u00e9tel ez al\u00f3l, ennek ellen\u00e9re tal\u00e1ltunk n\u00e9h\u00e1ny eml\u00edt\u00e9sre m\u00e9lt\u00f3 cikket, megold\u00e1st:<\/p>\n<p><a href=\"http:\/\/pclos.janu.hu\/?p=2414\" target=\"_blank\" rel=\"noopener\">AnyDesk: jobb mint a TeamViewer?<\/a> Egy n\u00e9met t\u00e1voli menedzsel\u0151 program.<\/p>\n<p><a href=\"http:\/\/pclos.janu.hu\/?p=2418\" target=\"_blank\" rel=\"noopener\">Rep\u00f3 mustra: zongor\u00e1s programok<\/a> ebben a h\u00f3napban a zongora billenty\u0171zet bemutat\u00f3\/kezel\u0151 programok a repo mustra t\u00e9m\u00e1ja.<\/p>\n<p><a href=\"http:\/\/pclos.janu.hu\/?p=2422\" target=\"_blank\" rel=\"noopener\">GIMP oktat\u00f3: es\u00f6 a k\u00e9phez<\/a> ebben a h\u00f3napban es\u0151t var\u00e1zsolunk a tiszta l\u00e1t\u00f3hat\u00e1r el\u00e9.<\/p>\n<p><a href=\"http:\/\/pclos.janu.hu\/?p=2425\" target=\"_blank\" rel=\"noopener\">Tip Top Tips: az eg\u00e9rkurzor sz\u00edn\u00e9nek megv\u00e1ltoztat\u00e1sa<\/a> Ha a kurzot sz\u00edne egy alkalmaz\u00e1s felett megv\u00e1ltozik, ebben a cikkben megtal\u00e1lhatod a megold\u00e1st.<\/p>\n","protected":false},"excerpt":{"rendered":"<p>Itt van j\u00falius, a ny\u00e1r \u2013 \u00e9s az uborkaszezon. A PCLinuxOS Magazine sem kiv\u00e9tel ez al\u00f3l, ennek ellen\u00e9re tal\u00e1ltunk n\u00e9h\u00e1ny eml\u00edt\u00e9sre m\u00e9lt\u00f3 cikket, megold\u00e1st: AnyDesk: jobb mint a TeamViewer? Egy n\u00e9met t\u00e1voli menedzsel\u0151 program. Rep\u00f3 mustra: zongor\u00e1s programok ebben a &hellip; <a href=\"http:\/\/pclos.janu.hu\/?page_id=2413\">Egy kattint\u00e1s ide a folytat\u00e1shoz&#8230;. <span class=\"meta-nav\">&rarr;<\/span><\/a><\/p>\n","protected":false},"author":1,"featured_media":0,"parent":2169,"menu_order":25,"comment_status":"closed","ping_status":"closed","template":"","meta":{"footnotes":""},"class_list":["post-2413","page","type-page","status-publish","hentry"],"_links":{"self":[{"href":"http:\/\/pclos.janu.hu\/index.php?rest_route=\/wp\/v2\/pages\/2413","targetHints":{"allow":["GET"]}}],"collection":[{"href":"http:\/\/pclos.janu.hu\/index.php?rest_route=\/wp\/v2\/pages"}],"about":[{"href":"http:\/\/pclos.janu.hu\/index.php?rest_route=\/wp\/v2\/types\/page"}],"author":[{"embeddable":true,"href":"http:\/\/pclos.janu.hu\/index.php?rest_route=\/wp\/v2\/users\/1"}],"replies":[{"embeddable":true,"href":"http:\/\/pclos.janu.hu\/index.php?rest_route=%2Fwp%2Fv2%2Fcomments&post=2413"}],"version-history":[{"count":1,"href":"http:\/\/pclos.janu.hu\/index.php?rest_route=\/wp\/v2\/pages\/2413\/revisions"}],"predecessor-version":[{"id":2428,"href":"http:\/\/pclos.janu.hu\/index.php?rest_route=\/wp\/v2\/pages\/2413\/revisions\/2428"}],"up":[{"embeddable":true,"href":"http:\/\/pclos.janu.hu\/index.php?rest_route=\/wp\/v2\/pages\/2169"}],"wp:attachment":[{"href":"http:\/\/pclos.janu.hu\/index.php?rest_route=%2Fwp%2Fv2%2Fmedia&parent=2413"}],"curies":[{"name":"wp","href":"https:\/\/api.w.org\/{rel}","templated":true}]}}