{"id":247,"date":"2013-10-22T17:00:33","date_gmt":"2013-10-22T15:00:33","guid":{"rendered":"http:\/\/pclos.janu.hu\/?page_id=247"},"modified":"2013-12-31T18:21:41","modified_gmt":"2013-12-31T17:21:41","slug":"majus","status":"publish","type":"page","link":"http:\/\/pclos.janu.hu\/?page_id=247","title":{"rendered":"m\u00e1jus"},"content":{"rendered":"<p><a href=\"http:\/\/pclos.janu.hu\/?p=846 \" target=\"_blank\">F\u00f3rum etikett<\/a>\u00a0Viselked\u00e9si aj\u00e1nl\u00e1sok internetes f\u00f3rumokon. Megsz\u00edvlelend\u0151 a LinuxEmpire tagoknak is!<\/p>\n<p><a title=\"KDE4 panel\" href=\"http:\/\/pclos.janu.hu\/?p=249 \" target=\"_blank\">KDE4: a panel tartja a l\u00e9p\u00e9st<\/a>\u00a0A KDE4 panelj\u00e9nek bemutat\u00e1sa.<\/p>\n<p><a title=\"widgetek\" href=\"http:\/\/pclos.janu.hu\/?p=254\" target=\"_blank\">KDE 4: widget-ekr\u0151l r\u00e9szletesen<\/a>\u00a0R\u00f6vid bemutat\u00e1s \u00e9s felsorol\u00e1s a KDE4 alatti widget-ekr\u0151l.<\/p>\n","protected":false},"excerpt":{"rendered":"<p>F\u00f3rum etikett\u00a0Viselked\u00e9si aj\u00e1nl\u00e1sok internetes f\u00f3rumokon. Megsz\u00edvlelend\u0151 a LinuxEmpire tagoknak is! KDE4: a panel tartja a l\u00e9p\u00e9st\u00a0A KDE4 panelj\u00e9nek bemutat\u00e1sa. KDE 4: widget-ekr\u0151l r\u00e9szletesen\u00a0R\u00f6vid bemutat\u00e1s \u00e9s felsorol\u00e1s a KDE4 alatti widget-ekr\u0151l.<\/p>\n","protected":false},"author":1,"featured_media":0,"parent":185,"menu_order":35,"comment_status":"open","ping_status":"closed","template":"","meta":{"footnotes":""},"class_list":["post-247","page","type-page","status-publish","hentry"],"_links":{"self":[{"href":"http:\/\/pclos.janu.hu\/index.php?rest_route=\/wp\/v2\/pages\/247","targetHints":{"allow":["GET"]}}],"collection":[{"href":"http:\/\/pclos.janu.hu\/index.php?rest_route=\/wp\/v2\/pages"}],"about":[{"href":"http:\/\/pclos.janu.hu\/index.php?rest_route=\/wp\/v2\/types\/page"}],"author":[{"embeddable":true,"href":"http:\/\/pclos.janu.hu\/index.php?rest_route=\/wp\/v2\/users\/1"}],"replies":[{"embeddable":true,"href":"http:\/\/pclos.janu.hu\/index.php?rest_route=%2Fwp%2Fv2%2Fcomments&post=247"}],"version-history":[{"count":3,"href":"http:\/\/pclos.janu.hu\/index.php?rest_route=\/wp\/v2\/pages\/247\/revisions"}],"predecessor-version":[{"id":849,"href":"http:\/\/pclos.janu.hu\/index.php?rest_route=\/wp\/v2\/pages\/247\/revisions\/849"}],"up":[{"embeddable":true,"href":"http:\/\/pclos.janu.hu\/index.php?rest_route=\/wp\/v2\/pages\/185"}],"wp:attachment":[{"href":"http:\/\/pclos.janu.hu\/index.php?rest_route=%2Fwp%2Fv2%2Fmedia&parent=247"}],"curies":[{"name":"wp","href":"https:\/\/api.w.org\/{rel}","templated":true}]}}