{"id":2481,"date":"2017-10-09T14:42:28","date_gmt":"2017-10-09T12:42:28","guid":{"rendered":"http:\/\/pclos.janu.hu\/?page_id=2481"},"modified":"2017-10-09T14:42:28","modified_gmt":"2017-10-09T12:42:28","slug":"oktober","status":"publish","type":"page","link":"http:\/\/pclos.janu.hu\/?page_id=2481","title":{"rendered":"okt\u00f3ber"},"content":{"rendered":"<p>Az \u0151sz meghozta a cikk\u00edr\u00f3i kedvet is. N\u00e9h\u00e1ny \u00e9rdekesebb cikk a <a href=\"http:\/\/pclosmag.com\/html\/Issues\/201710\/links.html\" target=\"_blank\" rel=\"noopener\">PCLinuxOS Magazine okt\u00f3beri sz\u00e1m<\/a>\u00e1b\u00f3l:<\/p>\n<p><a href=\"http:\/\/pclos.janu.hu\/?p=2482\" target=\"_blank\" rel=\"noopener\">Inkscape oktat\u00f3: kartonpulyka rajzol\u00e1sa<\/a> H\u00e1laad\u00e1skor j\u00f3l j\u00f6het egy pulyka-rajz&#8230;<\/p>\n<p><a href=\"http:\/\/pclos.janu.hu\/?p=2486\" target=\"_blank\" rel=\"noopener\">MultiCD: v\u00e9gre egy m\u0171k\u00f6d\u0151 multiboot<\/a> Nem kell sz\u00e1mos k\u00fcl\u00f6n CD-t a fi\u00f3kban tartani. Egy CD-n (vagyDVD-n) elf\u00e9rhet \u00e9s m\u0171k\u00f6dhet egy t\u00f6bbes bet\u00f6lt\u0151.<\/p>\n<p><a href=\"http:\/\/pclos.janu.hu\/?p=2490\" target=\"_blank\" rel=\"noopener\">Repo Mustra: Converseen, k\u00f6tegelt k\u00e9p feldolgoz\u00f3<\/a> amint a neve is mutatja: k\u00e9pfeldolgoz\u00e1s k\u00f6tegelten.<\/p>\n<p><a href=\"http:\/\/pclos.janu.hu\/?p=2493\" target=\"_blank\" rel=\"noopener\">Sz\u00fcneteltess \u00e9s folytass folyamatot Linux alatt<\/a> konzolban fut\u00f3 folyamatok sz\u00fcneteltet\u00e9se egy masik folyamat ind\u00edt\u00e1sa, lefuttat\u00e1sa \u00e9rdek\u00e9ben.<\/p>\n<p><a href=\"http:\/\/pclos.janu.hu\/?p=2497\" target=\"_blank\" rel=\"noopener\">Tip Top Tips: f\u00e1jlok futtat\u00e1si jog\u00e1nak t\u00f6meges elt\u00e1vol\u00edt\u00e1sa<\/a> DOS-os, Windows-os f\u00e1jlok attrib\u00fatum\u00e1nak m\u00f3dos\u00edt\u00e1sa.<\/p>\n<p><a href=\"http:\/\/pclos.janu.hu\/?p=2500\" target=\"_blank\" rel=\"noopener\">Google Maps tippek<\/a> k\u00f6zlekedj \u201eokosan\u201d<\/p>\n","protected":false},"excerpt":{"rendered":"<p>Az \u0151sz meghozta a cikk\u00edr\u00f3i kedvet is. N\u00e9h\u00e1ny \u00e9rdekesebb cikk a PCLinuxOS Magazine okt\u00f3beri sz\u00e1m\u00e1b\u00f3l: Inkscape oktat\u00f3: kartonpulyka rajzol\u00e1sa H\u00e1laad\u00e1skor j\u00f3l j\u00f6het egy pulyka-rajz&#8230; MultiCD: v\u00e9gre egy m\u0171k\u00f6d\u0151 multiboot Nem kell sz\u00e1mos k\u00fcl\u00f6n CD-t a fi\u00f3kban tartani. Egy CD-n (vagyDVD-n) &hellip; <a href=\"http:\/\/pclos.janu.hu\/?page_id=2481\">Egy kattint\u00e1s ide a folytat\u00e1shoz&#8230;. <span class=\"meta-nav\">&rarr;<\/span><\/a><\/p>\n","protected":false},"author":1,"featured_media":0,"parent":2169,"menu_order":10,"comment_status":"closed","ping_status":"closed","template":"","meta":{"footnotes":""},"class_list":["post-2481","page","type-page","status-publish","hentry"],"_links":{"self":[{"href":"http:\/\/pclos.janu.hu\/index.php?rest_route=\/wp\/v2\/pages\/2481","targetHints":{"allow":["GET"]}}],"collection":[{"href":"http:\/\/pclos.janu.hu\/index.php?rest_route=\/wp\/v2\/pages"}],"about":[{"href":"http:\/\/pclos.janu.hu\/index.php?rest_route=\/wp\/v2\/types\/page"}],"author":[{"embeddable":true,"href":"http:\/\/pclos.janu.hu\/index.php?rest_route=\/wp\/v2\/users\/1"}],"replies":[{"embeddable":true,"href":"http:\/\/pclos.janu.hu\/index.php?rest_route=%2Fwp%2Fv2%2Fcomments&post=2481"}],"version-history":[{"count":1,"href":"http:\/\/pclos.janu.hu\/index.php?rest_route=\/wp\/v2\/pages\/2481\/revisions"}],"predecessor-version":[{"id":2503,"href":"http:\/\/pclos.janu.hu\/index.php?rest_route=\/wp\/v2\/pages\/2481\/revisions\/2503"}],"up":[{"embeddable":true,"href":"http:\/\/pclos.janu.hu\/index.php?rest_route=\/wp\/v2\/pages\/2169"}],"wp:attachment":[{"href":"http:\/\/pclos.janu.hu\/index.php?rest_route=%2Fwp%2Fv2%2Fmedia&parent=2481"}],"curies":[{"name":"wp","href":"https:\/\/api.w.org\/{rel}","templated":true}]}}