{"id":2505,"date":"2017-11-06T13:06:53","date_gmt":"2017-11-06T12:06:53","guid":{"rendered":"http:\/\/pclos.janu.hu\/?page_id=2505"},"modified":"2017-11-07T08:41:39","modified_gmt":"2017-11-07T07:41:39","slug":"november","status":"publish","type":"page","link":"http:\/\/pclos.janu.hu\/?page_id=2505","title":{"rendered":"november"},"content":{"rendered":"<p>Ahogy az v\u00e1rhat\u00f3 volt, az \u00e9v v\u00e9ge fel\u00e9 tartalmasabb sz\u00e1m jelet meg. Hab\u00e1r m\u00e9g messze van az Eszel\u0151s Aj\u00e1nd\u00e9koz\u00e1s \u00dcnnepe, egy cikk m\u00e1r el\u0151revet\u00edti a lehet\u0151s\u00e9gek egyik\u00e9t.<\/p>\n<p><a href=\"http:\/\/pclos.janu.hu\/?p=2506\" target=\"_blank\" rel=\"noopener\">Hogyan k\u00e9sz\u00edts k\u00e9perny\u00f6k\u00e9pet egy teljes weblapr\u00f3l<\/a> Ha a weblap nagyobb, mint egy k\u00e9perny\u0151? Nem baj, lehet \u00edgy is k\u00e9perny\u0151k\u00e9pet k\u00e9sz\u00edteni a teljes cikkr\u0151l.<\/p>\n<p><a href=\"http:\/\/pclos.janu.hu\/?p=2511\" target=\"_blank\" rel=\"noopener\">Priv\u00e1t keres\u00e9s ezzel a 13 keres\u0151 motorral<\/a> anonim keres\u00e9st lehet\u0151v\u00e9 tev\u0151 keres\u0151 motorok.<\/p>\n<p><a href=\"http:\/\/pclos.janu.hu\/?p=2518\" target=\"_blank\" rel=\"noopener\">Repo Mustra: ISO Master<\/a> ISO f\u00e1jlok karbantart\u00e1si lehet\u0151s\u00e9ge.<\/p>\n<p><a href=\"http:\/\/pclos.janu.hu\/?p=2524\" target=\"_blank\" rel=\"noopener\">B\u00e1rmely IP-c\u00edm fizikai hely\u00e9nek felfed\u00e9se<\/a> Honnan t\u00e1madj\u00e1k g\u00e9p\u00fcnket, web-lapunkat?<\/p>\n<p><a href=\"http:\/\/pclos.janu.hu\/?p=2528\" target=\"_blank\" rel=\"noopener\">GIMP oktat\u00f3: a G&#8217;MIC felfedez\u00e9se, 2. r\u00e9sz<\/a> \u00fajabb lehet\u0151s\u00e9gek GIMP-ben a G&#8217;MIC-kel.<\/p>\n<p><a href=\"http:\/\/pclos.janu.hu\/?p=2531\" target=\"_blank\" rel=\"noopener\">PCLOS-r\u00e1di\u00f3! Micsoda csoda!<\/a> R\u00e1di\u00f3 a felh\u0151ben!<\/p>\n<p><a href=\"http:\/\/pclos.janu.hu\/?p=2538\" target=\"_blank\" rel=\"noopener\">Meemaw \u00faj laptopj\u00e1nak t\u00f6rt\u00e9nete<\/a> ebben a cikkben adja k\u00f6zre jegyzeteit.<\/p>\n","protected":false},"excerpt":{"rendered":"<p>Ahogy az v\u00e1rhat\u00f3 volt, az \u00e9v v\u00e9ge fel\u00e9 tartalmasabb sz\u00e1m jelet meg. Hab\u00e1r m\u00e9g messze van az Eszel\u0151s Aj\u00e1nd\u00e9koz\u00e1s \u00dcnnepe, egy cikk m\u00e1r el\u0151revet\u00edti a lehet\u0151s\u00e9gek egyik\u00e9t. Hogyan k\u00e9sz\u00edts k\u00e9perny\u00f6k\u00e9pet egy teljes weblapr\u00f3l Ha a weblap nagyobb, mint egy k\u00e9perny\u0151? &hellip; <a href=\"http:\/\/pclos.janu.hu\/?page_id=2505\">Egy kattint\u00e1s ide a folytat\u00e1shoz&#8230;. <span class=\"meta-nav\">&rarr;<\/span><\/a><\/p>\n","protected":false},"author":1,"featured_media":0,"parent":2169,"menu_order":5,"comment_status":"closed","ping_status":"closed","template":"","meta":{"footnotes":""},"class_list":["post-2505","page","type-page","status-publish","hentry"],"_links":{"self":[{"href":"http:\/\/pclos.janu.hu\/index.php?rest_route=\/wp\/v2\/pages\/2505","targetHints":{"allow":["GET"]}}],"collection":[{"href":"http:\/\/pclos.janu.hu\/index.php?rest_route=\/wp\/v2\/pages"}],"about":[{"href":"http:\/\/pclos.janu.hu\/index.php?rest_route=\/wp\/v2\/types\/page"}],"author":[{"embeddable":true,"href":"http:\/\/pclos.janu.hu\/index.php?rest_route=\/wp\/v2\/users\/1"}],"replies":[{"embeddable":true,"href":"http:\/\/pclos.janu.hu\/index.php?rest_route=%2Fwp%2Fv2%2Fcomments&post=2505"}],"version-history":[{"count":4,"href":"http:\/\/pclos.janu.hu\/index.php?rest_route=\/wp\/v2\/pages\/2505\/revisions"}],"predecessor-version":[{"id":2542,"href":"http:\/\/pclos.janu.hu\/index.php?rest_route=\/wp\/v2\/pages\/2505\/revisions\/2542"}],"up":[{"embeddable":true,"href":"http:\/\/pclos.janu.hu\/index.php?rest_route=\/wp\/v2\/pages\/2169"}],"wp:attachment":[{"href":"http:\/\/pclos.janu.hu\/index.php?rest_route=%2Fwp%2Fv2%2Fmedia&parent=2505"}],"curies":[{"name":"wp","href":"https:\/\/api.w.org\/{rel}","templated":true}]}}