{"id":2560,"date":"2018-01-04T16:39:29","date_gmt":"2018-01-04T15:39:29","guid":{"rendered":"http:\/\/pclos.janu.hu\/?page_id=2560"},"modified":"2025-06-05T01:55:15","modified_gmt":"2025-06-04T23:55:15","slug":"2018-2","status":"publish","type":"page","link":"http:\/\/pclos.janu.hu\/?page_id=2560","title":{"rendered":"2018"},"content":{"rendered":"<p>A T\u00e9li Olimpia, az 52. SuperBowl, a m\u00e1sodik H\u00e9lium Id\u0151kapszula megnyit\u00e1s\u00e1nak \u00e9ve. Parlamenti v\u00e1laszt\u00e1sok Olaszorsz\u00e1gban, Magyarorsz\u00e1gon, Ausztri\u00e1ban. Eln\u00f6kv\u00e1laszt\u00e1s Oroszorsz\u00e1gban. Csupa \u00e9rdekes, izgalmas esem\u00e9ny.<\/p>\n<p>Ami v\u00e1ltozatlan: minden h\u00f3nap elej\u00e9n megjelenik a PCLinuxOS Magazine \u00e9rdekes, fontos tartalm\u00fa cikkekkel, aminek ford\u00edt\u00e1sai itt olvashat\u00f3ak.<\/p>\n","protected":false},"excerpt":{"rendered":"<p>A T\u00e9li Olimpia, az 52. SuperBowl, a m\u00e1sodik H\u00e9lium Id\u0151kapszula megnyit\u00e1s\u00e1nak \u00e9ve. Parlamenti v\u00e1laszt\u00e1sok Olaszorsz\u00e1gban, Magyarorsz\u00e1gon, Ausztri\u00e1ban. Eln\u00f6kv\u00e1laszt\u00e1s Oroszorsz\u00e1gban. Csupa \u00e9rdekes, izgalmas esem\u00e9ny. Ami v\u00e1ltozatlan: minden h\u00f3nap elej\u00e9n megjelenik a PCLinuxOS Magazine \u00e9rdekes, fontos tartalm\u00fa cikkekkel, aminek ford\u00edt\u00e1sai itt olvashat\u00f3ak.<\/p>\n","protected":false},"author":1,"featured_media":0,"parent":4515,"menu_order":85,"comment_status":"closed","ping_status":"closed","template":"","meta":{"footnotes":""},"class_list":["post-2560","page","type-page","status-publish","hentry"],"_links":{"self":[{"href":"http:\/\/pclos.janu.hu\/index.php?rest_route=\/wp\/v2\/pages\/2560","targetHints":{"allow":["GET"]}}],"collection":[{"href":"http:\/\/pclos.janu.hu\/index.php?rest_route=\/wp\/v2\/pages"}],"about":[{"href":"http:\/\/pclos.janu.hu\/index.php?rest_route=\/wp\/v2\/types\/page"}],"author":[{"embeddable":true,"href":"http:\/\/pclos.janu.hu\/index.php?rest_route=\/wp\/v2\/users\/1"}],"replies":[{"embeddable":true,"href":"http:\/\/pclos.janu.hu\/index.php?rest_route=%2Fwp%2Fv2%2Fcomments&post=2560"}],"version-history":[{"count":2,"href":"http:\/\/pclos.janu.hu\/index.php?rest_route=\/wp\/v2\/pages\/2560\/revisions"}],"predecessor-version":[{"id":2582,"href":"http:\/\/pclos.janu.hu\/index.php?rest_route=\/wp\/v2\/pages\/2560\/revisions\/2582"}],"up":[{"embeddable":true,"href":"http:\/\/pclos.janu.hu\/index.php?rest_route=\/wp\/v2\/pages\/4515"}],"wp:attachment":[{"href":"http:\/\/pclos.janu.hu\/index.php?rest_route=%2Fwp%2Fv2%2Fmedia&parent=2560"}],"curies":[{"name":"wp","href":"https:\/\/api.w.org\/{rel}","templated":true}]}}