{"id":2561,"date":"2018-06-09T04:54:57","date_gmt":"2018-06-09T02:54:57","guid":{"rendered":"http:\/\/pclos.janu.hu\/?page_id=2561"},"modified":"2018-06-09T04:54:57","modified_gmt":"2018-06-09T02:54:57","slug":"junius","status":"publish","type":"page","link":"http:\/\/pclos.janu.hu\/?page_id=2561","title":{"rendered":"j\u00fanius"},"content":{"rendered":"<p style=\"text-align: justify;\">A meteorol\u00f3giai ny\u00e1r bek\u00f6sz\u00f6nt\u00e9vel m\u00e9g nincs uborkaszezon, legal\u00e1bbis a <span style=\"color: #0000ff;\"><strong>PCLinuxOS Magazine <\/strong><\/span>szerkeszt\u0151s\u00e9g\u00e9ben. A j\u00faniusi sz\u00e1m is \u00e9rdekes cikkeket tartalmaz:<\/p>\n<p><a href=\"http:\/\/pclos.janu.hu\/?p=2686\" target=\"_blank\" rel=\"noopener\">Bemutat\u00f3 k\u00e9sz\u00edt\u00e9se Kdenlive-val<\/a> .mp4 vide\u00f3 f\u00e1jl k\u00e9sz\u00edt\u00e9se szabad szoftverrel,<\/p>\n<p style=\"text-align: justify;\"><a href=\"http:\/\/pclos.janu.hu\/?p=2689\" target=\"_blank\" rel=\"noopener\">Inkscape oktat\u00f3: val\u00f3s\u00e1gh\u00fc kin\u00e9zet\u00fc f\u00fc rajzol\u00e1sa<\/a> semmi k\u00fcl\u00f6nlegeset nem tartalmaz a cikk: azt, amit a c\u00edme \u00edg\u00e9r,<\/p>\n<p style=\"text-align: justify;\"><a href=\"http:\/\/pclos.janu.hu\/?p=2692\" target=\"_blank\" rel=\"noopener\">Az automatikus lej\u00e1tsz\u00e1s le\u00e1ll\u00edt\u00e1sa indul\u00e1s el\u00f6tt<\/a> nem ideges\u00edt t\u00f6bb\u00e9 az automatikusan elindul\u00f3 vide\u00f3 lej\u00e1tsz\u00e1s,<\/p>\n<p style=\"text-align: justify;\"><a href=\"http:\/\/pclos.janu.hu\/?p=2697\" target=\"_blank\" rel=\"noopener\">YouTuber \u2013 tov\u00e1bbi eszk\u00f6z\u00f6k \u00e9s tippek a vide\u00f3dhoz<\/a> vide\u00f3 szerkeszt\u0151 programok bemutat\u00e1sa,<\/p>\n<p style=\"text-align: justify;\"><a href=\"http:\/\/pclos.janu.hu\/?p=2700\" target=\"_blank\" rel=\"noopener\">Tip Top Tips: pmss &#8211; Scrot szteroiddal<\/a> bash szkript az egyik k\u00e9perny\u0151ment\u0151 program futtat\u00e1s\u00e1hoz.<\/p>\n<p>&nbsp;<\/p>\n","protected":false},"excerpt":{"rendered":"<p>A meteorol\u00f3giai ny\u00e1r bek\u00f6sz\u00f6nt\u00e9vel m\u00e9g nincs uborkaszezon, legal\u00e1bbis a PCLinuxOS Magazine szerkeszt\u0151s\u00e9g\u00e9ben. A j\u00faniusi sz\u00e1m is \u00e9rdekes cikkeket tartalmaz: Bemutat\u00f3 k\u00e9sz\u00edt\u00e9se Kdenlive-val .mp4 vide\u00f3 f\u00e1jl k\u00e9sz\u00edt\u00e9se szabad szoftverrel, Inkscape oktat\u00f3: val\u00f3s\u00e1gh\u00fc kin\u00e9zet\u00fc f\u00fc rajzol\u00e1sa semmi k\u00fcl\u00f6nlegeset nem tartalmaz a cikk: &hellip; <a href=\"http:\/\/pclos.janu.hu\/?page_id=2561\">Egy kattint\u00e1s ide a folytat\u00e1shoz&#8230;. <span class=\"meta-nav\">&rarr;<\/span><\/a><\/p>\n","protected":false},"author":1,"featured_media":0,"parent":2560,"menu_order":30,"comment_status":"closed","ping_status":"closed","template":"","meta":{"footnotes":""},"class_list":["post-2561","page","type-page","status-publish","hentry"],"_links":{"self":[{"href":"http:\/\/pclos.janu.hu\/index.php?rest_route=\/wp\/v2\/pages\/2561","targetHints":{"allow":["GET"]}}],"collection":[{"href":"http:\/\/pclos.janu.hu\/index.php?rest_route=\/wp\/v2\/pages"}],"about":[{"href":"http:\/\/pclos.janu.hu\/index.php?rest_route=\/wp\/v2\/types\/page"}],"author":[{"embeddable":true,"href":"http:\/\/pclos.janu.hu\/index.php?rest_route=\/wp\/v2\/users\/1"}],"replies":[{"embeddable":true,"href":"http:\/\/pclos.janu.hu\/index.php?rest_route=%2Fwp%2Fv2%2Fcomments&post=2561"}],"version-history":[{"count":1,"href":"http:\/\/pclos.janu.hu\/index.php?rest_route=\/wp\/v2\/pages\/2561\/revisions"}],"predecessor-version":[{"id":2703,"href":"http:\/\/pclos.janu.hu\/index.php?rest_route=\/wp\/v2\/pages\/2561\/revisions\/2703"}],"up":[{"embeddable":true,"href":"http:\/\/pclos.janu.hu\/index.php?rest_route=\/wp\/v2\/pages\/2560"}],"wp:attachment":[{"href":"http:\/\/pclos.janu.hu\/index.php?rest_route=%2Fwp%2Fv2%2Fmedia&parent=2561"}],"curies":[{"name":"wp","href":"https:\/\/api.w.org\/{rel}","templated":true}]}}