{"id":2563,"date":"2018-01-04T17:42:51","date_gmt":"2018-01-04T16:42:51","guid":{"rendered":"http:\/\/pclos.janu.hu\/?page_id=2563"},"modified":"2018-02-04T22:20:45","modified_gmt":"2018-02-04T21:20:45","slug":"januar","status":"publish","type":"page","link":"http:\/\/pclos.janu.hu\/?page_id=2563","title":{"rendered":"janu\u00e1r"},"content":{"rendered":"<p>A h\u00f3nap sl\u00e1gere a <em>FireFox 57<\/em>. A cikkek nagyobb r\u00e9sze ezzel foglalkozik. Sz\u00e1mos \u00e9rdekess\u00e9get tartalmaznak a cikkek. De van m\u00e1s t\u00e9m\u00e1val foglalkoz\u00f3 fontos cikk is.<\/p>\n<p><a href=\"http:\/\/pclos.janu.hu\/?p=2564\" target=\"_blank\" rel=\"noopener\">Firefox 57: gyorsabb, karcs\u00fabb, jobb<\/a> B\u00e1rki is k\u00e9telkedett benne, val\u00f3ban \u201enagy durran\u00e1s\u201d lett a leg\u00fajabb v\u00e1ltozat.<\/p>\n<p><a href=\"http:\/\/pclos.janu.hu\/?p=2567\" target=\"_blank\" rel=\"noopener\">A Firefox 57-et felhaszn\u00e1l\u00f3i fel\u00fclet testre szab\u00e1sa<\/a> kezdj\u00fcnk neki: a kin\u00e9zet egyediv\u00e9 alak\u00edt\u00e1sa&#8230;<\/p>\n<p><a href=\"http:\/\/pclos.janu.hu\/?p=2570\" target=\"_blank\" rel=\"noopener\">GIMP oktat\u00f3: sz\u00ednes \u00f6rv\u00e9ny k\u00e9sz\u00edt\u00e9se<\/a> amit a c\u00edm sugall&#8230;<\/p>\n<p><a href=\"http:\/\/pclos.janu.hu\/?p=2574\" target=\"_blank\" rel=\"noopener\">SplashData: 100 legrosszabb jelsz\u00f3 &#8211; 2017<\/a>. Mint minden \u00e9vben, most is megismerhetj\u00fck az el\u0151z\u0151 \u00e9v legrosszabb jelszavait.<\/p>\n<p><a href=\"http:\/\/pclos.janu.hu\/?p=2577\" target=\"_blank\" rel=\"noopener\">Tip Top Tips: Firefox 57 testreszab\u00e1sa<\/a> M\u00e9g egy cikk a testreszab\u00e1sr\u00f3l \u2013 csupa hasznos \u00f6tlet.<\/p>\n<p>&nbsp;<\/p>\n","protected":false},"excerpt":{"rendered":"<p>A h\u00f3nap sl\u00e1gere a FireFox 57. A cikkek nagyobb r\u00e9sze ezzel foglalkozik. Sz\u00e1mos \u00e9rdekess\u00e9get tartalmaznak a cikkek. De van m\u00e1s t\u00e9m\u00e1val foglalkoz\u00f3 fontos cikk is. Firefox 57: gyorsabb, karcs\u00fabb, jobb B\u00e1rki is k\u00e9telkedett benne, val\u00f3ban \u201enagy durran\u00e1s\u201d lett a leg\u00fajabb &hellip; <a href=\"http:\/\/pclos.janu.hu\/?page_id=2563\">Egy kattint\u00e1s ide a folytat\u00e1shoz&#8230;. <span class=\"meta-nav\">&rarr;<\/span><\/a><\/p>\n","protected":false},"author":1,"featured_media":0,"parent":2560,"menu_order":55,"comment_status":"closed","ping_status":"closed","template":"","meta":{"footnotes":""},"class_list":["post-2563","page","type-page","status-publish","hentry"],"_links":{"self":[{"href":"http:\/\/pclos.janu.hu\/index.php?rest_route=\/wp\/v2\/pages\/2563","targetHints":{"allow":["GET"]}}],"collection":[{"href":"http:\/\/pclos.janu.hu\/index.php?rest_route=\/wp\/v2\/pages"}],"about":[{"href":"http:\/\/pclos.janu.hu\/index.php?rest_route=\/wp\/v2\/types\/page"}],"author":[{"embeddable":true,"href":"http:\/\/pclos.janu.hu\/index.php?rest_route=\/wp\/v2\/users\/1"}],"replies":[{"embeddable":true,"href":"http:\/\/pclos.janu.hu\/index.php?rest_route=%2Fwp%2Fv2%2Fcomments&post=2563"}],"version-history":[{"count":1,"href":"http:\/\/pclos.janu.hu\/index.php?rest_route=\/wp\/v2\/pages\/2563\/revisions"}],"predecessor-version":[{"id":2580,"href":"http:\/\/pclos.janu.hu\/index.php?rest_route=\/wp\/v2\/pages\/2563\/revisions\/2580"}],"up":[{"embeddable":true,"href":"http:\/\/pclos.janu.hu\/index.php?rest_route=\/wp\/v2\/pages\/2560"}],"wp:attachment":[{"href":"http:\/\/pclos.janu.hu\/index.php?rest_route=%2Fwp%2Fv2%2Fmedia&parent=2563"}],"curies":[{"name":"wp","href":"https:\/\/api.w.org\/{rel}","templated":true}]}}