{"id":2606,"date":"2018-03-09T10:08:42","date_gmt":"2018-03-09T09:08:42","guid":{"rendered":"http:\/\/pclos.janu.hu\/?page_id=2606"},"modified":"2018-03-09T18:28:56","modified_gmt":"2018-03-09T17:28:56","slug":"marcius","status":"publish","type":"page","link":"http:\/\/pclos.janu.hu\/?page_id=2606","title":{"rendered":"m\u00e1rcius"},"content":{"rendered":"<p>Ha nagynehezen is, de \u00e9rkezik a tavasz. L\u00e1tszik is, kiny\u00edlnak \u2013 m\u00e9g nem a h\u00f3vir\u00e1gok, hanem az \u00e9rdekesn\u00e9l \u00e9rdekesebb cikkek:<\/p>\n<p><a href=\"http:\/\/pclos.janu.hu\/?p=2609\" target=\"_blank\" rel=\"noopener\">LibreOffice Writer m\u00f3kol\u00e1s<\/a> ebben a h\u00f3napban <span style=\"color: #008000;\"><strong>Meemaw<\/strong><\/span> folytatja a k\u00e9t irodai program \u00f6sszehasonl\u00edt\u00e1s\u00e1t,<\/p>\n<p><a href=\"http:\/\/pclos.janu.hu\/?p=2612\" target=\"_blank\" rel=\"noopener\">DigiKam: a fot\u00f3kezel\u00e9s alapjai<\/a> folytat\u00f3dik a m\u00falt h\u00f3napban elkezdett minisorozat \u2013 nem mini tartalommal,<\/p>\n<p><a href=\"http:\/\/pclos.janu.hu\/?p=2615\" target=\"_blank\" rel=\"noopener\">LibreOffice 6.0 \u2013 megjelent<\/a> \u00f6sszefoglal\u00f3 a v\u00e1ltoz\u00e1sokr\u00f3l, \u00fajdons\u00e1gokr\u00f3l,<\/p>\n<p><a href=\"http:\/\/pclos.janu.hu\/?p=2620\" target=\"_blank\" rel=\"noopener\">Sz\u00f3val YouTuber akarsz lenni? PCLinuxOS-sel lehetsz &#8230;.<\/a> k\u00f6nnyen, gyorsantanuld meg a Voutube kezel\u00e9s\u00e9t Linux al\u00f3l!<\/p>\n<p><a href=\"http:\/\/pclos.janu.hu\/?p=2623\" target=\"_blank\" rel=\"noopener\">Sz\u00e9p\u00edtsd meg a programokat nice-szal<\/a> programok priorit\u00e1si sorrendj\u00e9nek m\u00f3dos\u00edt\u00e1sa<\/p>\n<p><a href=\"http:\/\/pclos.janu.hu\/?p=2626\" target=\"_blank\" rel=\"noopener\">Tip Top Tips: napt\u00e1r k\u00f6nnyen Scribus-szal<\/a> saj\u00e1t napt\u00e1r k\u00e9sz\u00edt\u00e9se gyorsan, k\u00f6nnyen,<\/p>\n<p><a href=\"http:\/\/pclos.janu.hu\/?p=2630\" target=\"_blank\" rel=\"noopener\">Repo mustra &#8211; Go For It!<\/a> egyszer\u0171, m\u00e9gis nagyon hasznos feladatkezel\u0151,<\/p>\n<p><a href=\"http:\/\/pclos.janu.hu\/?p=2633\" target=\"_blank\" rel=\"noopener\">GIMP oktat\u00f3: egy m\u00e1sik egyszer\u00fc anim\u00e1ci\u00f3<\/a> .gif k\u00e9sz\u00edt\u00e9se egyszer\u0171en.<\/p>\n","protected":false},"excerpt":{"rendered":"<p>Ha nagynehezen is, de \u00e9rkezik a tavasz. L\u00e1tszik is, kiny\u00edlnak \u2013 m\u00e9g nem a h\u00f3vir\u00e1gok, hanem az \u00e9rdekesn\u00e9l \u00e9rdekesebb cikkek: LibreOffice Writer m\u00f3kol\u00e1s ebben a h\u00f3napban Meemaw folytatja a k\u00e9t irodai program \u00f6sszehasonl\u00edt\u00e1s\u00e1t, DigiKam: a fot\u00f3kezel\u00e9s alapjai folytat\u00f3dik a m\u00falt &hellip; <a href=\"http:\/\/pclos.janu.hu\/?page_id=2606\">Egy kattint\u00e1s ide a folytat\u00e1shoz&#8230;. <span class=\"meta-nav\">&rarr;<\/span><\/a><\/p>\n","protected":false},"author":1,"featured_media":0,"parent":2560,"menu_order":45,"comment_status":"closed","ping_status":"closed","template":"","meta":{"footnotes":""},"class_list":["post-2606","page","type-page","status-publish","hentry"],"_links":{"self":[{"href":"http:\/\/pclos.janu.hu\/index.php?rest_route=\/wp\/v2\/pages\/2606","targetHints":{"allow":["GET"]}}],"collection":[{"href":"http:\/\/pclos.janu.hu\/index.php?rest_route=\/wp\/v2\/pages"}],"about":[{"href":"http:\/\/pclos.janu.hu\/index.php?rest_route=\/wp\/v2\/types\/page"}],"author":[{"embeddable":true,"href":"http:\/\/pclos.janu.hu\/index.php?rest_route=\/wp\/v2\/users\/1"}],"replies":[{"embeddable":true,"href":"http:\/\/pclos.janu.hu\/index.php?rest_route=%2Fwp%2Fv2%2Fcomments&post=2606"}],"version-history":[{"count":3,"href":"http:\/\/pclos.janu.hu\/index.php?rest_route=\/wp\/v2\/pages\/2606\/revisions"}],"predecessor-version":[{"id":2636,"href":"http:\/\/pclos.janu.hu\/index.php?rest_route=\/wp\/v2\/pages\/2606\/revisions\/2636"}],"up":[{"embeddable":true,"href":"http:\/\/pclos.janu.hu\/index.php?rest_route=\/wp\/v2\/pages\/2560"}],"wp:attachment":[{"href":"http:\/\/pclos.janu.hu\/index.php?rest_route=%2Fwp%2Fv2%2Fmedia&parent=2606"}],"curies":[{"name":"wp","href":"https:\/\/api.w.org\/{rel}","templated":true}]}}