{"id":2641,"date":"2018-04-03T05:20:25","date_gmt":"2018-04-03T03:20:25","guid":{"rendered":"http:\/\/pclos.janu.hu\/?page_id=2641"},"modified":"2018-04-03T05:20:25","modified_gmt":"2018-04-03T03:20:25","slug":"aprilis","status":"publish","type":"page","link":"http:\/\/pclos.janu.hu\/?page_id=2641","title":{"rendered":"\u00e1prilis"},"content":{"rendered":"<p style=\"text-align: justify;\">A zord id\u0151j\u00e1r\u00e1sban \u00fcd\u00edt\u0151 sz\u00ednfolt az \u00e1prilisi <span style=\"color: #333399;\"><strong>PCLinuxOS Magazine<\/strong><\/span> e havi sz\u00e1ma. Az \u00e9rdekesebb cikkek k\u00f6z\u00f6tt tall\u00f3ztunk.<\/p>\n<p style=\"text-align: justify;\"><a href=\"http:\/\/pclos.janu.hu\/?p=2642\" target=\"_blank\" rel=\"noopener\">ShowFoto: a DigiKam k\u00e9pszerkeszt\u00f6je<\/a>: a cikk pontosan arr\u00f3l sz\u00f3l, amit a c\u00edme sugall: a <em>DigiKam<\/em> k\u00e9pszerkeszt\u0151j\u00e9r\u0151l.<\/p>\n<p style=\"text-align: justify;\"><a href=\"http:\/\/pclos.janu.hu\/?p=2645\" target=\"_blank\" rel=\"noopener\">Inkscape Tutorial: kiemelt sz\u00f6veg<\/a>: ma m\u00e1r megszokott a k\u00fcl\u00f6nf\u00e9le bet\u0171hat\u00e1sok el\u0151\u00e1ll\u00edt\u00e1sa. Ez a cikk is egy lehet\u0151s\u00e9get mutat be.<\/p>\n<p style=\"text-align: justify;\"><a href=\"http:\/\/pclos.janu.hu\/?p=2650\" target=\"_blank\" rel=\"noopener\">Tov\u00e1bbra is YouTuber akarsz lenni? Maradja PCLinuxOS-n\u00e9l \u00e9s c\u00e9lt \u00e9rsz!<\/a> ebben a cikkben a j\u00e1t\u00e9k-vide\u0151k k\u00e9sz\u00edt\u00e9s\u00e9r\u0151l van sz\u00f3.<\/p>\n<p><a href=\"http:\/\/pclos.janu.hu\/?p=2654\" target=\"_blank\" rel=\"noopener\">Tip Top Tips: felv\u00e9tel figyel\u00e9se Audacity-ben<\/a>: hangkezel\u00e9s, de nem s\u00fcketen.<\/p>\n","protected":false},"excerpt":{"rendered":"<p>A zord id\u0151j\u00e1r\u00e1sban \u00fcd\u00edt\u0151 sz\u00ednfolt az \u00e1prilisi PCLinuxOS Magazine e havi sz\u00e1ma. Az \u00e9rdekesebb cikkek k\u00f6z\u00f6tt tall\u00f3ztunk. ShowFoto: a DigiKam k\u00e9pszerkeszt\u00f6je: a cikk pontosan arr\u00f3l sz\u00f3l, amit a c\u00edme sugall: a DigiKam k\u00e9pszerkeszt\u0151j\u00e9r\u0151l. Inkscape Tutorial: kiemelt sz\u00f6veg: ma m\u00e1r megszokott &hellip; <a href=\"http:\/\/pclos.janu.hu\/?page_id=2641\">Egy kattint\u00e1s ide a folytat\u00e1shoz&#8230;. <span class=\"meta-nav\">&rarr;<\/span><\/a><\/p>\n","protected":false},"author":1,"featured_media":0,"parent":2560,"menu_order":40,"comment_status":"closed","ping_status":"closed","template":"","meta":{"footnotes":""},"class_list":["post-2641","page","type-page","status-publish","hentry"],"_links":{"self":[{"href":"http:\/\/pclos.janu.hu\/index.php?rest_route=\/wp\/v2\/pages\/2641","targetHints":{"allow":["GET"]}}],"collection":[{"href":"http:\/\/pclos.janu.hu\/index.php?rest_route=\/wp\/v2\/pages"}],"about":[{"href":"http:\/\/pclos.janu.hu\/index.php?rest_route=\/wp\/v2\/types\/page"}],"author":[{"embeddable":true,"href":"http:\/\/pclos.janu.hu\/index.php?rest_route=\/wp\/v2\/users\/1"}],"replies":[{"embeddable":true,"href":"http:\/\/pclos.janu.hu\/index.php?rest_route=%2Fwp%2Fv2%2Fcomments&post=2641"}],"version-history":[{"count":1,"href":"http:\/\/pclos.janu.hu\/index.php?rest_route=\/wp\/v2\/pages\/2641\/revisions"}],"predecessor-version":[{"id":2657,"href":"http:\/\/pclos.janu.hu\/index.php?rest_route=\/wp\/v2\/pages\/2641\/revisions\/2657"}],"up":[{"embeddable":true,"href":"http:\/\/pclos.janu.hu\/index.php?rest_route=\/wp\/v2\/pages\/2560"}],"wp:attachment":[{"href":"http:\/\/pclos.janu.hu\/index.php?rest_route=%2Fwp%2Fv2%2Fmedia&parent=2641"}],"curies":[{"name":"wp","href":"https:\/\/api.w.org\/{rel}","templated":true}]}}