{"id":2660,"date":"2018-05-06T15:41:48","date_gmt":"2018-05-06T13:41:48","guid":{"rendered":"http:\/\/pclos.janu.hu\/?page_id=2660"},"modified":"2018-05-06T15:41:48","modified_gmt":"2018-05-06T13:41:48","slug":"majus","status":"publish","type":"page","link":"http:\/\/pclos.janu.hu\/?page_id=2660","title":{"rendered":"m\u00e1jus"},"content":{"rendered":"<p style=\"text-align: justify;\">K\u00f6zeleg a ny\u00e1r. N\u00e9h\u00e1ny szerz\u0151 m\u00e1r a j\u00f3 id\u0151t \u00e9lvezi \u2013\u00a0 ebben a h\u00f3napban nem jelentettek meg cikket. De aki \u00edrt, \u00e9rdekes t\u00e9m\u00e1r\u00f3l \u00e9rtekezett:<\/p>\n<p style=\"text-align: justify;\"><a href=\"http:\/\/pclos.janu.hu\/?p=2662\" target=\"_blank\" rel=\"noopener\">Firefox Quantum: j\u00f6nnek a tov\u00e1bbi fejleszt\u00e9sek<\/a> az 57. v\u00e1ltozat megjelen\u00e9se sok \u00fajdons\u00e1got hozott.<\/p>\n<p><a href=\"http:\/\/pclos.janu.hu\/?p=2667\" target=\"_blank\" rel=\"noopener\">YouTuber \u2013 tov\u00e1bbi PCLinuxOS-os tippek<\/a> \u00fajabb k\u00e9t emul\u00e1tor bemutat\u00e1sa.<\/p>\n<p style=\"text-align: justify;\"><a href=\"http:\/\/pclos.janu.hu\/?p=2670\" target=\"_blank\" rel=\"noopener\">GIMP oktat\u00f3: g\u00f6mb-vari\u00e1ci\u00f3k<\/a> g\u00f6mb rajzol\u00e1s kicsit m\u00e1sk\u00e9pp, mint a m\u00e1rciusi hasonl\u00f3 t\u00e9m\u00e1j\u00fa cikkben le\u00edrtak.<\/p>\n<p><a href=\"http:\/\/pclos.janu.hu\/?p=2674\" target=\"_blank\" rel=\"noopener\">Repo Mustra \u2013 Day Planner<\/a> egy egyszer\u0171 hat\u00e1rid\u0151 napl\u00f3<\/p>\n<p><a href=\"http:\/\/pclos.janu.hu\/?p=2677\" target=\"_blank\" rel=\"noopener\">TTT: pmiab &#8211; ad block b\u00f6ng\u00e9sz\u00f6kiterjeszt\u00e9s n\u00e9lk\u00fcl<\/a> mindegy milyen b\u00f6ng\u00e9sz\u0151t haszn\u00e1lsz \u2013 seg\u00edt ez a szkript.<\/p>\n","protected":false},"excerpt":{"rendered":"<p>K\u00f6zeleg a ny\u00e1r. N\u00e9h\u00e1ny szerz\u0151 m\u00e1r a j\u00f3 id\u0151t \u00e9lvezi \u2013\u00a0 ebben a h\u00f3napban nem jelentettek meg cikket. De aki \u00edrt, \u00e9rdekes t\u00e9m\u00e1r\u00f3l \u00e9rtekezett: Firefox Quantum: j\u00f6nnek a tov\u00e1bbi fejleszt\u00e9sek az 57. v\u00e1ltozat megjelen\u00e9se sok \u00fajdons\u00e1got hozott. YouTuber \u2013 tov\u00e1bbi &hellip; <a href=\"http:\/\/pclos.janu.hu\/?page_id=2660\">Egy kattint\u00e1s ide a folytat\u00e1shoz&#8230;. <span class=\"meta-nav\">&rarr;<\/span><\/a><\/p>\n","protected":false},"author":1,"featured_media":0,"parent":2560,"menu_order":35,"comment_status":"closed","ping_status":"closed","template":"","meta":{"footnotes":""},"class_list":["post-2660","page","type-page","status-publish","hentry"],"_links":{"self":[{"href":"http:\/\/pclos.janu.hu\/index.php?rest_route=\/wp\/v2\/pages\/2660","targetHints":{"allow":["GET"]}}],"collection":[{"href":"http:\/\/pclos.janu.hu\/index.php?rest_route=\/wp\/v2\/pages"}],"about":[{"href":"http:\/\/pclos.janu.hu\/index.php?rest_route=\/wp\/v2\/types\/page"}],"author":[{"embeddable":true,"href":"http:\/\/pclos.janu.hu\/index.php?rest_route=\/wp\/v2\/users\/1"}],"replies":[{"embeddable":true,"href":"http:\/\/pclos.janu.hu\/index.php?rest_route=%2Fwp%2Fv2%2Fcomments&post=2660"}],"version-history":[{"count":2,"href":"http:\/\/pclos.janu.hu\/index.php?rest_route=\/wp\/v2\/pages\/2660\/revisions"}],"predecessor-version":[{"id":2681,"href":"http:\/\/pclos.janu.hu\/index.php?rest_route=\/wp\/v2\/pages\/2660\/revisions\/2681"}],"up":[{"embeddable":true,"href":"http:\/\/pclos.janu.hu\/index.php?rest_route=\/wp\/v2\/pages\/2560"}],"wp:attachment":[{"href":"http:\/\/pclos.janu.hu\/index.php?rest_route=%2Fwp%2Fv2%2Fmedia&parent=2660"}],"curies":[{"name":"wp","href":"https:\/\/api.w.org\/{rel}","templated":true}]}}