{"id":271,"date":"2013-10-22T17:43:40","date_gmt":"2013-10-22T15:43:40","guid":{"rendered":"http:\/\/pclos.janu.hu\/?page_id=271"},"modified":"2013-10-22T17:52:50","modified_gmt":"2013-10-22T15:52:50","slug":"marcius","status":"publish","type":"page","link":"http:\/\/pclos.janu.hu\/?page_id=271","title":{"rendered":"m\u00e1rcius"},"content":{"rendered":"<p><strong><a title=\"remasterme\" href=\"http:\/\/pclos.janu.hu\/?p=270\" target=\"_blank\">Direkt utas\u00edt\u00e1sok a Remasterme-hez<\/a>\u00a0<\/strong>\u00d6r\u00f6kz\u00f6ld t\u00e9ma a remaster (mylivecd). Ez a cikk is ennek az elk\u00e9sz\u00edt\u00e9s\u00e9r\u0151l sz\u00f3l.<\/p>\n","protected":false},"excerpt":{"rendered":"<p>Direkt utas\u00edt\u00e1sok a Remasterme-hez\u00a0\u00d6r\u00f6kz\u00f6ld t\u00e9ma a remaster (mylivecd). Ez a cikk is ennek az elk\u00e9sz\u00edt\u00e9s\u00e9r\u0151l sz\u00f3l.<\/p>\n","protected":false},"author":1,"featured_media":0,"parent":122,"menu_order":45,"comment_status":"open","ping_status":"closed","template":"","meta":{"footnotes":""},"class_list":["post-271","page","type-page","status-publish","hentry"],"_links":{"self":[{"href":"http:\/\/pclos.janu.hu\/index.php?rest_route=\/wp\/v2\/pages\/271","targetHints":{"allow":["GET"]}}],"collection":[{"href":"http:\/\/pclos.janu.hu\/index.php?rest_route=\/wp\/v2\/pages"}],"about":[{"href":"http:\/\/pclos.janu.hu\/index.php?rest_route=\/wp\/v2\/types\/page"}],"author":[{"embeddable":true,"href":"http:\/\/pclos.janu.hu\/index.php?rest_route=\/wp\/v2\/users\/1"}],"replies":[{"embeddable":true,"href":"http:\/\/pclos.janu.hu\/index.php?rest_route=%2Fwp%2Fv2%2Fcomments&post=271"}],"version-history":[{"count":3,"href":"http:\/\/pclos.janu.hu\/index.php?rest_route=\/wp\/v2\/pages\/271\/revisions"}],"predecessor-version":[{"id":278,"href":"http:\/\/pclos.janu.hu\/index.php?rest_route=\/wp\/v2\/pages\/271\/revisions\/278"}],"up":[{"embeddable":true,"href":"http:\/\/pclos.janu.hu\/index.php?rest_route=\/wp\/v2\/pages\/122"}],"wp:attachment":[{"href":"http:\/\/pclos.janu.hu\/index.php?rest_route=%2Fwp%2Fv2%2Fmedia&parent=271"}],"curies":[{"name":"wp","href":"https:\/\/api.w.org\/{rel}","templated":true}]}}