{"id":2734,"date":"2018-08-08T02:53:30","date_gmt":"2018-08-08T00:53:30","guid":{"rendered":"http:\/\/pclos.janu.hu\/?page_id=2734"},"modified":"2018-08-08T04:09:22","modified_gmt":"2018-08-08T02:09:22","slug":"augusztus","status":"publish","type":"page","link":"http:\/\/pclos.janu.hu\/?page_id=2734","title":{"rendered":"augusztus"},"content":{"rendered":"<p style=\"text-align: justify;\">M\u00e9g tart a ny\u00e1r &#8211; \u00e9s az uborkaszezon \u2013 b\u00e1r ebben a szakm\u00e1ban nem jellemz\u0151 a \u201eh\u00edrtelens\u00e9g\u201d. De k\u00e9ts\u00e9gtelen\u00fcl kevesebb cikk jelent meg ebben a h\u00f3napban, mint az \u00e9ves \u00e1tlag:<\/p>\n<p style=\"text-align: justify;\"><a href=\"http:\/\/pclos.janu.hu\/?p=2737\" target=\"_blank\" rel=\"noopener\">Inkscape oktat\u00f3: fa rajzol\u00e1sa<\/a> gyorsan \u00e9s egyszer\u0171en lehet f\u00e1t, r\u00e9tet rajzolni az <em>I<\/em><em>nkscape<\/em>-pal,<\/p>\n<p style=\"text-align: justify;\"><a href=\"http:\/\/pclos.janu.hu\/?p=2740\" target=\"_blank\" rel=\"noopener\">YouTuber: 6. r\u00e9sz &#8211; Epil\u00f3gus<\/a> a z\u00e1r\u00f3r\u00e9sz a <em>Youtube <\/em>szerz\u0151i jogv\u00e9delemhez kapcsol\u00f3d\u00f3 megv\u00e1ltozott magatart\u00e1s\u00e1r\u0151l \u00edr egy kicsit r\u00e9szletesebben<\/p>\n<p style=\"text-align: justify;\"><a href=\"http:\/\/pclos.janu.hu\/?p=2744\" target=\"_blank\" rel=\"noopener\">Maradjon k\u00f6zt\u00fcnk \u00e9s a Google k\u00f6z\u00f6tt: gondok a Gmail \u201eBizalmas\u201d m\u00f3dj\u00e1val<\/a> m\u00e9g csak ez kellett&#8230; a <em>Gmail<\/em>-ben sem b\u00edzhatunk?<\/p>\n<p style=\"text-align: justify;\"><a href=\"http:\/\/pclos.janu.hu\/?p=2747\" target=\"_blank\" rel=\"noopener\">TTT: z\u00e1rt vez\u00e9rl\u00f6t ig\u00e9nyl\u00f6 HP nyomtat\u00f3 telep\u00edt\u00e9se<\/a> v\u00e9gre a HP nyomtat\u00f3k \u00fczemeltet\u00e9se is el\u00e9rheti az elv\u00e1rhat\u00f3 szintet!<\/p>\n","protected":false},"excerpt":{"rendered":"<p>M\u00e9g tart a ny\u00e1r &#8211; \u00e9s az uborkaszezon \u2013 b\u00e1r ebben a szakm\u00e1ban nem jellemz\u0151 a \u201eh\u00edrtelens\u00e9g\u201d. De k\u00e9ts\u00e9gtelen\u00fcl kevesebb cikk jelent meg ebben a h\u00f3napban, mint az \u00e9ves \u00e1tlag: Inkscape oktat\u00f3: fa rajzol\u00e1sa gyorsan \u00e9s egyszer\u0171en lehet f\u00e1t, r\u00e9tet &hellip; <a href=\"http:\/\/pclos.janu.hu\/?page_id=2734\">Egy kattint\u00e1s ide a folytat\u00e1shoz&#8230;. <span class=\"meta-nav\">&rarr;<\/span><\/a><\/p>\n","protected":false},"author":1,"featured_media":0,"parent":2560,"menu_order":20,"comment_status":"closed","ping_status":"closed","template":"","meta":{"footnotes":""},"class_list":["post-2734","page","type-page","status-publish","hentry"],"_links":{"self":[{"href":"http:\/\/pclos.janu.hu\/index.php?rest_route=\/wp\/v2\/pages\/2734","targetHints":{"allow":["GET"]}}],"collection":[{"href":"http:\/\/pclos.janu.hu\/index.php?rest_route=\/wp\/v2\/pages"}],"about":[{"href":"http:\/\/pclos.janu.hu\/index.php?rest_route=\/wp\/v2\/types\/page"}],"author":[{"embeddable":true,"href":"http:\/\/pclos.janu.hu\/index.php?rest_route=\/wp\/v2\/users\/1"}],"replies":[{"embeddable":true,"href":"http:\/\/pclos.janu.hu\/index.php?rest_route=%2Fwp%2Fv2%2Fcomments&post=2734"}],"version-history":[{"count":3,"href":"http:\/\/pclos.janu.hu\/index.php?rest_route=\/wp\/v2\/pages\/2734\/revisions"}],"predecessor-version":[{"id":2750,"href":"http:\/\/pclos.janu.hu\/index.php?rest_route=\/wp\/v2\/pages\/2734\/revisions\/2750"}],"up":[{"embeddable":true,"href":"http:\/\/pclos.janu.hu\/index.php?rest_route=\/wp\/v2\/pages\/2560"}],"wp:attachment":[{"href":"http:\/\/pclos.janu.hu\/index.php?rest_route=%2Fwp%2Fv2%2Fmedia&parent=2734"}],"curies":[{"name":"wp","href":"https:\/\/api.w.org\/{rel}","templated":true}]}}