{"id":2753,"date":"2018-09-11T07:30:19","date_gmt":"2018-09-11T05:30:19","guid":{"rendered":"http:\/\/pclos.janu.hu\/?page_id=2753"},"modified":"2018-09-11T07:30:19","modified_gmt":"2018-09-11T05:30:19","slug":"szeptember","status":"publish","type":"page","link":"http:\/\/pclos.janu.hu\/?page_id=2753","title":{"rendered":"szeptember"},"content":{"rendered":"<p style=\"text-align: justify;\">Az eg\u00e9sz vil\u00e1gon szeptember az \u00faj iskola\u00e9v kezdet\u00e9nek h\u00f3napja. Ez m\u00e9g a d\u00e9li f\u00e9ltek\u00e9n is t\u00f6bbs\u00e9g\u00e9ben \u00edgy van. A <a href=\"https:\/\/pclosmag.com\/html\/Issues\/201809\/links.html\" target=\"_blank\" rel=\"noopener\">PCLinuxOS Magazine szeptemberi sz\u00e1ma<\/a> is ezt a kezdetet mutatja &#8211; m\u00e9g egy kicsit a sz\u00fcnetben vagyunk, de m\u00e1r az iskol\u00e1b\u00f3l gondolunk csak vissza r\u00e1. A k\u00f6vetkez\u0151 n\u00e9h\u00e1ny cikkel b\u00facs\u00faztatjuk 2018 nyar\u00e1t:<\/p>\n<p><a href=\"http:\/\/pclos.janu.hu\/?p=2754\" target=\"_blank\" rel=\"noopener\">LibreOffice 6.1. kiad\u00e1sa<\/a> milyen \u00fajdons\u00e1gok, v\u00e1ltoz\u00e1sok jelentek meg?<\/p>\n<p><a href=\"http:\/\/pclos.janu.hu\/?p=2757\" target=\"_blank\" rel=\"noopener\">Besz\u00e9dfelismer\u00e9s k\u00f6nnyen PCLinuxOS-on<\/a> mennyire j\u00f3k Linux alatt a besz\u00e9dfelismer\u0151 lehet\u0151s\u00e9gek?<\/p>\n<p><a href=\"http:\/\/pclos.janu.hu\/?p=2762\" target=\"_blank\" rel=\"noopener\">GIMP Oktat\u00f3: vak\u00e1ci\u00f3s fot\u00f3k szerkeszt\u00e9se<\/a> alapos cikk a fot\u00f3k jav\u00edt\u00e1s\u00e1r\u00f3l,<\/p>\n<p><a href=\"http:\/\/pclos.janu.hu\/?p=2765\" target=\"_blank\" rel=\"noopener\">Repo Mustra: Bitwarden<\/a> egy felh\u0151 alap\u00fa jelsz\u00f3kezel\u0151,<\/p>\n<p><a href=\"http:\/\/pclos.janu.hu\/?p=2769\" target=\"_blank\" rel=\"noopener\">Tip Top Tips: brit angol USA billenty\u00fczeten \u00e9s m\u00e1s tr\u00fckk\u00f6k<\/a> billenty\u0171zet kezel\u0151 megold\u00e1sok.<\/p>\n","protected":false},"excerpt":{"rendered":"<p>Az eg\u00e9sz vil\u00e1gon szeptember az \u00faj iskola\u00e9v kezdet\u00e9nek h\u00f3napja. Ez m\u00e9g a d\u00e9li f\u00e9ltek\u00e9n is t\u00f6bbs\u00e9g\u00e9ben \u00edgy van. A PCLinuxOS Magazine szeptemberi sz\u00e1ma is ezt a kezdetet mutatja &#8211; m\u00e9g egy kicsit a sz\u00fcnetben vagyunk, de m\u00e1r az iskol\u00e1b\u00f3l gondolunk &hellip; <a href=\"http:\/\/pclos.janu.hu\/?page_id=2753\">Egy kattint\u00e1s ide a folytat\u00e1shoz&#8230;. <span class=\"meta-nav\">&rarr;<\/span><\/a><\/p>\n","protected":false},"author":1,"featured_media":0,"parent":2560,"menu_order":15,"comment_status":"closed","ping_status":"closed","template":"","meta":{"footnotes":""},"class_list":["post-2753","page","type-page","status-publish","hentry"],"_links":{"self":[{"href":"http:\/\/pclos.janu.hu\/index.php?rest_route=\/wp\/v2\/pages\/2753","targetHints":{"allow":["GET"]}}],"collection":[{"href":"http:\/\/pclos.janu.hu\/index.php?rest_route=\/wp\/v2\/pages"}],"about":[{"href":"http:\/\/pclos.janu.hu\/index.php?rest_route=\/wp\/v2\/types\/page"}],"author":[{"embeddable":true,"href":"http:\/\/pclos.janu.hu\/index.php?rest_route=\/wp\/v2\/users\/1"}],"replies":[{"embeddable":true,"href":"http:\/\/pclos.janu.hu\/index.php?rest_route=%2Fwp%2Fv2%2Fcomments&post=2753"}],"version-history":[{"count":1,"href":"http:\/\/pclos.janu.hu\/index.php?rest_route=\/wp\/v2\/pages\/2753\/revisions"}],"predecessor-version":[{"id":2772,"href":"http:\/\/pclos.janu.hu\/index.php?rest_route=\/wp\/v2\/pages\/2753\/revisions\/2772"}],"up":[{"embeddable":true,"href":"http:\/\/pclos.janu.hu\/index.php?rest_route=\/wp\/v2\/pages\/2560"}],"wp:attachment":[{"href":"http:\/\/pclos.janu.hu\/index.php?rest_route=%2Fwp%2Fv2%2Fmedia&parent=2753"}],"curies":[{"name":"wp","href":"https:\/\/api.w.org\/{rel}","templated":true}]}}