{"id":2776,"date":"2018-10-06T09:02:33","date_gmt":"2018-10-06T07:02:33","guid":{"rendered":"http:\/\/pclos.janu.hu\/?page_id=2776"},"modified":"2018-10-06T15:36:16","modified_gmt":"2018-10-06T13:36:16","slug":"oktober","status":"publish","type":"page","link":"http:\/\/pclos.janu.hu\/?page_id=2776","title":{"rendered":"okt\u00f3ber"},"content":{"rendered":"<p style=\"text-align: justify;\">Okt\u00f3ber az \u00e9szaki f\u00e9ltek\u00e9n az \u0151sz h\u00f3napja, a d\u00e9li f\u00e9ltek\u00e9n a tavasz\u00e9. \u00c1m az \u00e9vszakok v\u00e1ltoz\u00e1sa a <a href=\"https:\/\/pclosmag.com\/html\/Issues\/201810\/links.html\" target=\"_blank\" rel=\"noopener\">PCLinuxOS Magazine okt\u00f3beri sz\u00e1m<\/a>\u00e1nak megjelen\u00e9s\u00e9t nem befoly\u00e1solta (mint ahogy egyik havi sz\u00e1m\u00e9t sem). Most az \u00e9rdekess\u00e9gek ker\u00fcltek el\u0151t\u00e9rbe, de nem maradtunk az oktat\u00f3 sorozat \u00fajabb darabja n\u00e9lk\u00fcl sem<\/p>\n<p style=\"text-align: justify;\"><a href=\"http:\/\/pclos.janu.hu\/?p=2779\" target=\"_blank\" rel=\"noopener\">Falkon: \u00faj fi\u00fa a v\u00e1rosban<\/a> egy d\u00f6bbenetesen gyors let\u00f6lt\u00e9st biztos\u00edt\u00f3 b\u00f6ng\u00e9sz\u0151,<\/p>\n<p style=\"text-align: justify;\"><a href=\"http:\/\/pclos.janu.hu\/?p=2786\" target=\"_blank\" rel=\"noopener\">Virtual Box haszn\u00e1lata DirectX-es j\u00e1t\u00e9kokhoz<\/a> nem lehet \u00e9szrevenni, hogy nem val\u00f3di Windows van a j\u00e1t\u00e9k alatt,<\/p>\n<p><a href=\"http:\/\/pclos.janu.hu\/?p=2791\" target=\"_blank\" rel=\"noopener\">Inkscape oktat\u00f3: bitk\u00e9p vektoriz\u00e1l\u00e1sa hogyan<\/a> bitk\u00e9p nagy\u00edt\u00e1sa vektorgrafik\u00e1val,<\/p>\n<p><a href=\"http:\/\/pclos.janu.hu\/?p=2796\" target=\"_blank\" rel=\"noopener\">Repo Mustra: Gnote<\/a> a digit\u00e1\u00e9is notesz,<\/p>\n<p><a href=\"http:\/\/pclos.janu.hu\/?p=2799\" target=\"_blank\" rel=\"noopener\">Tip Top Tips: hogyan v\u00e9dj\u00fck ki a t\u00e1pl\u00e1lt USB 3.0 eloszt\u00f3 okozta hib\u00e1t<\/a> jav\u00edt\u00e1s h\u00e1zilag biztons\u00e1ggal<\/p>\n","protected":false},"excerpt":{"rendered":"<p>Okt\u00f3ber az \u00e9szaki f\u00e9ltek\u00e9n az \u0151sz h\u00f3napja, a d\u00e9li f\u00e9ltek\u00e9n a tavasz\u00e9. \u00c1m az \u00e9vszakok v\u00e1ltoz\u00e1sa a PCLinuxOS Magazine okt\u00f3beri sz\u00e1m\u00e1nak megjelen\u00e9s\u00e9t nem befoly\u00e1solta (mint ahogy egyik havi sz\u00e1m\u00e9t sem). Most az \u00e9rdekess\u00e9gek ker\u00fcltek el\u0151t\u00e9rbe, de nem maradtunk az oktat\u00f3 &hellip; <a href=\"http:\/\/pclos.janu.hu\/?page_id=2776\">Egy kattint\u00e1s ide a folytat\u00e1shoz&#8230;. <span class=\"meta-nav\">&rarr;<\/span><\/a><\/p>\n","protected":false},"author":1,"featured_media":0,"parent":2560,"menu_order":10,"comment_status":"closed","ping_status":"closed","template":"","meta":{"footnotes":""},"class_list":["post-2776","page","type-page","status-publish","hentry"],"_links":{"self":[{"href":"http:\/\/pclos.janu.hu\/index.php?rest_route=\/wp\/v2\/pages\/2776","targetHints":{"allow":["GET"]}}],"collection":[{"href":"http:\/\/pclos.janu.hu\/index.php?rest_route=\/wp\/v2\/pages"}],"about":[{"href":"http:\/\/pclos.janu.hu\/index.php?rest_route=\/wp\/v2\/types\/page"}],"author":[{"embeddable":true,"href":"http:\/\/pclos.janu.hu\/index.php?rest_route=\/wp\/v2\/users\/1"}],"replies":[{"embeddable":true,"href":"http:\/\/pclos.janu.hu\/index.php?rest_route=%2Fwp%2Fv2%2Fcomments&post=2776"}],"version-history":[{"count":3,"href":"http:\/\/pclos.janu.hu\/index.php?rest_route=\/wp\/v2\/pages\/2776\/revisions"}],"predecessor-version":[{"id":2802,"href":"http:\/\/pclos.janu.hu\/index.php?rest_route=\/wp\/v2\/pages\/2776\/revisions\/2802"}],"up":[{"embeddable":true,"href":"http:\/\/pclos.janu.hu\/index.php?rest_route=\/wp\/v2\/pages\/2560"}],"wp:attachment":[{"href":"http:\/\/pclos.janu.hu\/index.php?rest_route=%2Fwp%2Fv2%2Fmedia&parent=2776"}],"curies":[{"name":"wp","href":"https:\/\/api.w.org\/{rel}","templated":true}]}}