{"id":2804,"date":"2018-11-10T02:05:42","date_gmt":"2018-11-10T01:05:42","guid":{"rendered":"http:\/\/pclos.janu.hu\/?page_id=2804"},"modified":"2018-11-10T03:01:52","modified_gmt":"2018-11-10T02:01:52","slug":"november","status":"publish","type":"page","link":"http:\/\/pclos.janu.hu\/?page_id=2804","title":{"rendered":"november"},"content":{"rendered":"<p style=\"text-align: justify;\">Vajon mire v\u00e1rnak a szerkeszt\u0151k? M\u00e1r nincs t\u00e9m\u00e1juk, vagy tartal\u00e9kolnak az \u00e9v utols\u00f3 sz\u00e1m\u00e1ra? Ami \u00e9rdekes \u00e9s figyelemre m\u00e9lt\u00f3, k\u00f6zreadjuk:<\/p>\n<p style=\"text-align: justify;\"><a href=\"http:\/\/pclos.janu.hu\/?p=2807\" target=\"_blank\" rel=\"noopener\">Firejail, egyszer\u00fc Sandbox PCLinuxOS-en<\/a> homokoz\u00f3 a biztons\u00e1gra k\u00fcl\u00f6n\u00f6sen ad\u00f3 felhaszn\u00e1l\u00f3knak,<\/p>\n<p><a href=\"http:\/\/pclos.janu.hu\/?p=2812\" target=\"_blank\" rel=\"noopener\">GIMP oktat\u00f3: a sz\u00e9pia sz\u00ednez\u00e9s alkalmaz\u00e1sa<\/a> amit a c\u00edm is sugall: sz\u00e9pia hat\u00e1s el\u0151\u00e1ll\u00edt\u00e1sa<\/p>\n<p><a href=\"http:\/\/pclos.janu.hu\/?p=2816\" target=\"_blank\" rel=\"noopener\">ANGRYsearch<\/a> ha egyszer valamit m\u00e1r nem tudjuk, hov\u00e1 tett\u00fck&#8230;<\/p>\n","protected":false},"excerpt":{"rendered":"<p>Vajon mire v\u00e1rnak a szerkeszt\u0151k? M\u00e1r nincs t\u00e9m\u00e1juk, vagy tartal\u00e9kolnak az \u00e9v utols\u00f3 sz\u00e1m\u00e1ra? Ami \u00e9rdekes \u00e9s figyelemre m\u00e9lt\u00f3, k\u00f6zreadjuk: Firejail, egyszer\u00fc Sandbox PCLinuxOS-en homokoz\u00f3 a biztons\u00e1gra k\u00fcl\u00f6n\u00f6sen ad\u00f3 felhaszn\u00e1l\u00f3knak, GIMP oktat\u00f3: a sz\u00e9pia sz\u00ednez\u00e9s alkalmaz\u00e1sa amit a c\u00edm is &hellip; <a href=\"http:\/\/pclos.janu.hu\/?page_id=2804\">Egy kattint\u00e1s ide a folytat\u00e1shoz&#8230;. <span class=\"meta-nav\">&rarr;<\/span><\/a><\/p>\n","protected":false},"author":1,"featured_media":0,"parent":2560,"menu_order":10,"comment_status":"closed","ping_status":"closed","template":"","meta":{"footnotes":""},"class_list":["post-2804","page","type-page","status-publish","hentry"],"_links":{"self":[{"href":"http:\/\/pclos.janu.hu\/index.php?rest_route=\/wp\/v2\/pages\/2804","targetHints":{"allow":["GET"]}}],"collection":[{"href":"http:\/\/pclos.janu.hu\/index.php?rest_route=\/wp\/v2\/pages"}],"about":[{"href":"http:\/\/pclos.janu.hu\/index.php?rest_route=\/wp\/v2\/types\/page"}],"author":[{"embeddable":true,"href":"http:\/\/pclos.janu.hu\/index.php?rest_route=\/wp\/v2\/users\/1"}],"replies":[{"embeddable":true,"href":"http:\/\/pclos.janu.hu\/index.php?rest_route=%2Fwp%2Fv2%2Fcomments&post=2804"}],"version-history":[{"count":3,"href":"http:\/\/pclos.janu.hu\/index.php?rest_route=\/wp\/v2\/pages\/2804\/revisions"}],"predecessor-version":[{"id":2819,"href":"http:\/\/pclos.janu.hu\/index.php?rest_route=\/wp\/v2\/pages\/2804\/revisions\/2819"}],"up":[{"embeddable":true,"href":"http:\/\/pclos.janu.hu\/index.php?rest_route=\/wp\/v2\/pages\/2560"}],"wp:attachment":[{"href":"http:\/\/pclos.janu.hu\/index.php?rest_route=%2Fwp%2Fv2%2Fmedia&parent=2804"}],"curies":[{"name":"wp","href":"https:\/\/api.w.org\/{rel}","templated":true}]}}